{"id":104,"date":"2015-05-14T10:45:16","date_gmt":"2015-05-14T17:45:16","guid":{"rendered":"http:\/\/labs.wsu.edu\/anthro-isotope-lab\/?page_id=104"},"modified":"2026-03-20T15:33:41","modified_gmt":"2026-03-20T22:33:41","slug":"current-research-students-2","status":"publish","type":"page","link":"https:\/\/labs.wsu.edu\/anthro-isotope-lab\/current-research-students-2\/","title":{"rendered":"Research &amp; Recent Publications"},"content":{"rendered":"<header class=\"wsu-article-header \">\r\n\t<h1 class=\"wsu-article-header__title\">\r\n\t\tCurrent Research\t<\/h1>\r\n\t\t<\/header>\r\n\n\n<div class=\"wp-block-image\">\n<figure class=\"alignright size-full\"><img decoding=\"async\" loading=\"lazy\" width=\"300\" height=\"400\" src=\"https:\/\/wpcdn.web.wsu.edu\/wp-labs\/uploads\/sites\/840\/2025\/12\/IMG_3242_small-rotated.jpg\" alt=\"Ruins of turkey pens at Paquime.\" class=\"wp-image-329\"\/><figcaption class=\"wp-element-caption\">Ruins of turkey pens at the site of Paquime<\/figcaption><\/figure><\/div>\n\n\n<h2 class=\"wp-block-heading  wsu-font-size--large\">Pre-Hispanic Turkey Rearing at Paquim\u00e9 (Casas Grandes, Chihuahua, Mexico): Implications for North American Turkey Domestication and Diffusion<\/h2>\n\n\n\n<p>With current funding from the National Science Foundation (2025-2027), our group of collaborators (see below) will analyze archaeological turkey remains from an area located between the two currently recognized origin centers of ancient turkey domestication (Central Mexico and the American Southwest). Through combined genetic, isotopic, and morphometric analyses, the investigators will reconstruct past turkey husbandry practices, and determine whether the region\u2019s domestic turkeys were adopted from the American Southwest, or Mesoamerica, or whether they represent a novel domestic lineage derived from local wild turkey populations. The existence of a third, but now extinct, domestic turkey lineage has been suggested, but not confirmed. The proposed work thus contributes to a more holistic understanding of North America turkey domestication and diffusion, and to more detailed reconstructions of trade, economy, and both ritual and subsistence bird use throughout ancient North America.<\/p>\n\n\n\n<h3 class=\"wp-block-heading\"><strong>Collaborators: <\/strong><\/h3>\n\n\n\n<ul>\n<li>Caitlin Ainsworth, Ph.D. candidate (University of New Mexico)<\/li>\n\n\n\n<li>Dr. Camilla Speller (University of British Columbia, Canada)<\/li>\n\n\n\n<li>Dr. Cyler Conrad (Pacific Northwest National Laboratories)<\/li>\n\n\n\n<li>Dr. Eduardo Gamboa (Paquim\u00e9 Archaeologist, Instituto Nacional de Antropolog\u00eda e Historia &#8211; Chihuahua, M\u00e9xico)<\/li>\n<\/ul>\n\n\n\n<h2 class=\"wp-block-heading\">New Edited Volume &#8211; Turkey Domestication and Diffusion<\/h2>\n\n\n<div class=\"wsu-row wsu-row--single\" >\r\n    \n<div class=\"wsu-column\"  style=\"\">\r\n\t\n<div class=\"wp-block-image\">\n<figure class=\"alignleft\"><img decoding=\"async\" loading=\"lazy\" width=\"215\" height=\"300\" src=\"https:\/\/wpcdn.web.wsu.edu\/wp-labs\/uploads\/sites\/840\/2025\/12\/Edited-volume-cover.png\" alt=\"Edited volume cover\" class=\"wp-image-332\"\/><\/figure><\/div>\n\n\n<p><b>Edited by:<\/b>&nbsp;<a title=\"Aur\u00e9lie MANIN\" href=\"https:\/\/sciencepress.mnhn.fr\/en\/auteurs\/aurelie-manin\">Aur\u00e9lie MANIN<\/a>,&nbsp;<a title=\"Camilla F. SPELLER\" href=\"https:\/\/sciencepress.mnhn.fr\/en\/auteurs\/speller\">Camilla F. SPELLER<\/a>,&nbsp;<a title=\"Eduardo CORONA-M.\" href=\"https:\/\/sciencepress.mnhn.fr\/en\/auteurs\/corona\">Eduardo CORONA-M.<\/a>&nbsp;&amp;&nbsp;<a title=\"Erin Kennedy THORNTON\" href=\"https:\/\/sciencepress.mnhn.fr\/en\/auteurs\/thornton\">Erin Kennedy THORNTON<\/a><br><b>Published on<\/b>&nbsp;26 June 2025<\/p>\n\n\n\n<p>The turkey (<em>Meleagris gallopavo<\/em>) is an iconic bird, widely associated with festive dishes in Europe, North America, and Central America, and extensively raised worldwide. Yet, its long-term interactions with human societies remain poorly synthesized, with significant regional imbalances in research. The role of turkeys in North America has been extensively studied, while their post-colonial dispersal and evolving cultural significance globally have received far less attention.<\/p>\n<p>This volume brings together specialists to explore the paleontology of <em>Meleagris<\/em>, the early stages of turkey management and domestication in North America, and its subsequent global expansion. Following a chronological structure, the first part examines turkey-human interactions in the Americas before European contact (~500 years ago), with chapters on well-studied regions (Southwestern USA, Northern Mexico, and Mesoamerica) alongside lesser-known areas (Southern Central America and Eastern USA). The second part traces the last 500 years of turkey history, exploring artistic depictions, historical accounts, and archaeozoological evidence from multiple European countries, spanning Western Europe to the Baltic and Central Europe. It also examines the global spread of domestic turkeys, their reintroduction to the Americas through the colonial economy, and their further dispersal across the Pacific.<\/p>\n<p>Blending comprehensive syntheses with original case studies, this volume offers new insights into the history of turkey management, domestication, and cultural symbolism through to the 21st century.<\/p>\n\n<\/div>\r\n\n<\/div>\n\n\n<h2 class=\"wp-block-heading\">Biologica Podcast &#8211; Turkey Domestication (November 2025)<\/h2>\n\n\n<div class=\"wsu-row wsu-row--sidebar-left\" >\r\n    \n<div class=\"wsu-column\"  style=\"\">\r\n\t\n\n<p><a href=\"https:\/\/susanhayhurst.podbean.com\/e\/north-america-s-history-of-turkey-domestication\/\">Listen to this podcast<\/a>\u00a0 <\/p>\n\n\n\n<p>Just in time to listen in on your drive to Grandma\u2019s house for Turkey Day (or even to Friendsgiving for Tofurkey), join Dr. Susan to learn all about domestic turkeys. Dr. Erin Thornton (an Archaeologist from Washington State University) explains the surprising discoveries that archaeological bones and ancient DNA reveal about the domestic turkey. Dr. Susan also weaves in some interviews with friends and family about turkey at Thanksgiving dinner, and bridges the gap from ancient history to now with some stories gleaned from the book The Turkey- an American Story. Two research highlights, a poem, and some fun samples from modern media will round out the episode. It\u2019s a great episode to enjoy over the Thanksgiving holiday or to share with friends and family.<\/p>\n\n<\/div>\r\n\n\n<div class=\"wsu-column\"  style=\"\">\r\n\t\n<div class=\"wp-block-image\">\n<figure class=\"alignleft\"><img decoding=\"async\" loading=\"lazy\" width=\"396\" height=\"396\" src=\"https:\/\/wpcdn.web.wsu.edu\/wp-labs\/uploads\/sites\/840\/2025\/12\/Podcast_small2-396x396.jpg\" alt=\"Podcast cover image\" class=\"wp-image-334\" srcset=\"https:\/\/wpcdn.web.wsu.edu\/wp-labs\/uploads\/sites\/840\/2025\/12\/Podcast_small2-396x396.jpg 396w, https:\/\/wpcdn.web.wsu.edu\/wp-labs\/uploads\/sites\/840\/2025\/12\/Podcast_small2-198x198.jpg 198w, https:\/\/wpcdn.web.wsu.edu\/wp-labs\/uploads\/sites\/840\/2025\/12\/Podcast_small2.jpg 400w\" sizes=\"(max-width: 396px) 100vw, 396px\" \/><\/figure><\/div>\n<\/div>\r\n\n<\/div>\n\n<div class=\"wsu-row wsu-row--single\" >\r\n    \n<div class=\"wsu-column\"  style=\"\">\r\n\t\n\n<p class=\"has-text-align-center\">Additional research is on-going in collaboration with my <a href=\"http:\/\/labs.wsu.edu\/anthro-isotope-lab\/current-students\/\">current graduate students<\/a>.<\/p>\n\n\n\n<p class=\"has-text-align-center\">You may also wish to check out my <a href=\"http:\/\/labs.wsu.edu\/anthro-isotope-lab\/publications\/\">publication <\/a>and\u00a0<a href=\"http:\/\/libarts.wsu.edu\/anthro\/faculty\/thornton.html\">faculty <\/a>pages.<\/p>\n\n<\/div>\r\n\n<\/div>","protected":false},"excerpt":{"rendered":"<p>Pre-Hispanic Turkey Rearing at Paquim\u00e9 (Casas Grandes, Chihuahua, Mexico): Implications for North American Turkey Domestication and Diffusion With current funding from the National Science Foundation (2025-2027), our group of collaborators (see below) will analyze archaeological turkey remains from an area located between the two currently recognized origin centers of ancient turkey domestication (Central Mexico and [&hellip;]<\/p>\n","protected":false},"author":1222,"featured_media":0,"parent":0,"menu_order":0,"comment_status":"closed","ping_status":"closed","template":"","meta":[],"categories":[],"tags":[],"wsuwp_university_location":[],"wsuwp_university_org":[],"_links":{"self":[{"href":"https:\/\/labs.wsu.edu\/anthro-isotope-lab\/wp-json\/wp\/v2\/pages\/104"}],"collection":[{"href":"https:\/\/labs.wsu.edu\/anthro-isotope-lab\/wp-json\/wp\/v2\/pages"}],"about":[{"href":"https:\/\/labs.wsu.edu\/anthro-isotope-lab\/wp-json\/wp\/v2\/types\/page"}],"author":[{"embeddable":true,"href":"https:\/\/labs.wsu.edu\/anthro-isotope-lab\/wp-json\/wp\/v2\/users\/1222"}],"replies":[{"embeddable":true,"href":"https:\/\/labs.wsu.edu\/anthro-isotope-lab\/wp-json\/wp\/v2\/comments?post=104"}],"version-history":[{"count":37,"href":"https:\/\/labs.wsu.edu\/anthro-isotope-lab\/wp-json\/wp\/v2\/pages\/104\/revisions"}],"predecessor-version":[{"id":363,"href":"https:\/\/labs.wsu.edu\/anthro-isotope-lab\/wp-json\/wp\/v2\/pages\/104\/revisions\/363"}],"wp:attachment":[{"href":"https:\/\/labs.wsu.edu\/anthro-isotope-lab\/wp-json\/wp\/v2\/media?parent=104"}],"wp:term":[{"taxonomy":"category","embeddable":true,"href":"https:\/\/labs.wsu.edu\/anthro-isotope-lab\/wp-json\/wp\/v2\/categories?post=104"},{"taxonomy":"post_tag","embeddable":true,"href":"https:\/\/labs.wsu.edu\/anthro-isotope-lab\/wp-json\/wp\/v2\/tags?post=104"},{"taxonomy":"wsuwp_university_location","embeddable":true,"href":"https:\/\/labs.wsu.edu\/anthro-isotope-lab\/wp-json\/wp\/v2\/wsuwp_university_location?post=104"},{"taxonomy":"wsuwp_university_org","embeddable":true,"href":"https:\/\/labs.wsu.edu\/anthro-isotope-lab\/wp-json\/wp\/v2\/wsuwp_university_org?post=104"}],"curies":[{"name":"wp","href":"https:\/\/api.w.org\/{rel}","templated":true}]}}