{"id":226,"date":"2015-05-15T13:30:59","date_gmt":"2015-05-15T20:30:59","guid":{"rendered":"http:\/\/labs.wsu.edu\/anthro-isotope-lab\/?page_id=226"},"modified":"2026-03-20T11:22:57","modified_gmt":"2026-03-20T18:22:57","slug":"publications","status":"publish","type":"page","link":"https:\/\/labs.wsu.edu\/anthro-isotope-lab\/publications\/","title":{"rendered":"Publications"},"content":{"rendered":"<header class=\"wsu-article-header \">\r\n\t<h1 class=\"wsu-article-header__title\">\r\n\t\tPublications\t<\/h1>\r\n\t\t<\/header>\r\n\n\n<div class=\"wsu-row wsu-row--single\" >\r\n    \n<div class=\"wsu-column\"  style=\"\">\r\n\t\n\n<h2 class=\"wp-block-heading\">Coming soon!<\/h2>\n\n\n\n<p class=\"has-text-align-left\">Exploring the History of Turkey Domestication and Management<\/p>\n\n\n\n<p class=\"has-text-align-left\">Peer-reviewed edited volume published by the French Natural History Museum, Paris (2022).<\/p>\n\n\n\n<p class=\"has-text-align-left\">Camila Speller, Aurelie Manin, Erin Kennedy Thornton &amp; Eduardo Corona (editors)<\/p>\n\n<\/div>\r\n\n<\/div>\n\n<div class=\"wsu-row wsu-row--single\" >\r\n    \n<div class=\"wsu-column blue-lightly-back gray-darker-text\"  style=\"\">\r\n\t\n\n<p><strong>Thornton, Erin Kennedy<\/strong>, Tanya Peres, Kelly Ledford Chase, Brian M. Kemp, Ryan Frome, Aurelie Manin, Lauren Basnett, Krista McGrath, Camilla Speller, and Elizabeth J. Reitz (2021).&nbsp;<a href=\"https:\/\/www.cambridge.org\/core\/journals\/american-antiquity\/article\/abs\/testing-for-mississippian-period-turkey-management-in-the-archaeological-record-of-the-southeastern-united-states\/95AA5A95BA93E5417F701BEF1E1CF243\">Testing for Mississippian Period Turkey Management in the Archaeological Record of the Southeastern United States (USA)<\/a>. <em>American Antiquity <\/em>86(4): 794-814. doi:10.1017\/aaq.2021.58.<\/p>\n\n\n\n<p>Sheets, Kimberly A., Andrew Duff, <strong>Erin Thornton<\/strong>, and E. Charles Adams (2021). Sourcing Bighorn Sheep from the Homol\u2019ovi Settlement Cluster, Northeastern Arizona, through Strontium Isotope (87Sr\/86Sr) Analysis. <em>Journal of Archaeological Science: Reports<\/em>. 37, 102986.<\/p>\n\n\n\n<p>Cunningham-Smith, Petra, Ashely E. Sharpe, Arianne Boileau, <strong>Erin Kennedy Thornton<\/strong>, and Kitty F. Emery (2020). Food, Friend, or Offering: Exploring the Role of Maya Dogs in the Zooarchaeological Record. In Her Cup for Sweet Cacao: Food in Ancient Maya Society (edited by Traci Arden). University of Texas Press, Austin, pp. 161\u2013187.<\/p>\n\n\n\n<p><strong>Thornton, Erin<\/strong> <strong>Kennedy<\/strong> and Kitty F. Emery<br>In press Los Or\u00edgenes de la Domesticaci\u00f3n del Pavo en Mesoam\u00e9rica: Una Revisi\u00f3n de la Evidencia Actual In:<em> El Guajolote en Mesoamerica<\/em> (volume edited by: A Ariel de Vidas, N. Latsanopoulos, and Perig Pitrou), Centre d\u2019Etudes M\u00e9soam\u00e9rcaines et Centram\u00e9ricaines (CEMCA). Publication in Spanish.<\/p>\n\n\n\n<p><strong>Thornton, Erin Kennedy<\/strong> and Arthur A. Demarest (2019). <a href=\"https:\/\/www.cambridge.org\/core\/journals\/ancient-mesoamerica\/article\/abs\/at-waters-edge-ritual-maya-animal-use-in-aquatic-contexts-at-cancuen-guatemala\/FD2C9218C1841748462BD0C06A137846\">At Water\u2019s Edge: Ritual Maya Animal Use in Aquatic Contexts at Cancuen<\/a>. <em>Ancient Mesoamerica<\/em> 30(3): 473\u2013491.<\/p>\n\n\n\n<p>Manin, Aurelie, Eduardo Corona, Michelle Alexander, Abigail Craig, <strong>Erin Kennedy Thornton<\/strong>, Dongya Y. Yang, Michael Richards and Camilla F. Speller (2018). <a href=\"https:\/\/royalsocietypublishing.org\/doi\/10.1098\/rsos.171613\">Diversity of Management Strategies in Mesoamerican Turkeys: Archaeological, Isotopic and Genetic Evidence<\/a>. <em>Royal Society Open Science<\/em> 5:171613. http:\/\/dx.doi.org\/10.1098\/rsos.171613.<\/p>\n\n\n\n<p><strong>Thornton, Erin Kennedy<\/strong> and Kitty F. Emery (2017). <a href=\"https:\/\/link.springer.com\/article\/10.1007\/s10816-015-9269-4\">The Uncertain Origins of Mesoamerican Turkey Domestication<\/a>. <em>Journal of Archaeological Method and Theory<\/em> 24: 328\u2013351.<\/p>\n\n\n\n<p><strong>Thornton, Erin Kennedy<\/strong> (2016). <a href=\"https:\/\/www.sciencedirect.com\/science\/article\/abs\/pii\/S2352409X16304011\">Introduction to the Special Issue: Turkey Husbandry and Domestication: Recent Scientific Advances<\/a>. <em>Journal of Archaeological Science: Reports<\/em> 10: 514\u2013519. Special Issue edited by <strong>Erin Kennedy Thornton<\/strong>, Kitty Emery and Eduardo Corona.<\/p>\n\n\n\n<p><strong>Thornton, Erin Kennedy<\/strong>, Kitty F. Emery and Camilla Speller (2016). Ancient Maya Turkey Husbandry: Testing Theories through Stable Isotope Analysis. <em>Journal of Archaeological Science: Reports<\/em> 10: 584\u2013595. S<\/p>\n\n\n\n<p>Kitty F. Emery, <strong>Erin Kennedy Thornton<\/strong>, Ashley Sharpe, Petra Cunningham-Smith and Brandon McIntosh (2016).&nbsp;Testing Osteometric and Morphological Methods for Turkey Species Determination in Maya Assemblages. <em>Journal of Archaeological Science: Reports<\/em> 10: 607\u2013631.<\/p>\n\n\n\n<p><strong>Thornton, Erin Kennedy<\/strong> and Kitty F. Emery&nbsp; (2016) Patterns of Ancient Maya Animal Use at El Mirador: Evidence for Subsistence, Ceremony and Exchange. Archaeofauna 25: 232\u2013264.<\/p>\n\n\n\n<p><strong>Thornton, Erin Kennedy <\/strong>(2016) \u201cFauna\u201d In <em>Encyclopedia of the Ancient Maya<\/em> (Walter Witschey, editor). AltaMira Press, pp. 153\u2013157.<\/p>\n\n\n\n<p>Emery, Kitty F. and <strong>Erin Kennedy Thornton<\/strong><br>2014a Tracking Climate Change in the Ancient Maya World through Zooarchaeological Habitat Analysis. In The Great Maya Droughts in Cultural Context (Gyles Iannone, editor). University Press of Colorado, Boulder.<\/p>\n\n\n\n<p>2014b Using Animal Remains to Reconstruct Ancient Landscapes and Climate in the Central and Southern Maya Lowlands. In Proceedings of the 11th Annual International Council for Archaeozoology Conference, Paris, 23-28 August, 2010 (Christine Lef\u00e9vre, editor). BAR International Series #2354: 203-225.<\/p>\n\n\n\n<p><b>Thornton, Erin Kennedy<\/b> and Olivia Ng<br>2013&nbsp;Late 19th and Early 20th Century Animal Use at Holotunich, Belize. In Archaeology of Ancient Mesoamerican Animals (Christopher G\u00f6tz and Kitty F. Emery, editors). Oxbow Press, David Brown Book Company,&nbsp;pp. 351-380.<\/p>\n\n\n\n<p>Emery, Kitty F., <b>Erin Kennedy Thornton<\/b>, Nicole Cannarozzi, Stephen Houston and Hector Escobedo<br>2013 &nbsp;Ancient Animals of the Southern Maya Highlands: Zooarchaeology of Kaminaljuyu. In Archaeology of Ancient Mesoamerican Animals (Christopher G\u00f6tz and Kitty F. Emery, editors). Oxbow Press, David Brown Book Company, pp. 381-416.<\/p>\n\n\n\n<p><b>Thornton, Erin Kennedy<\/b>, Kitty F. Emery, Camilla Speller, David Steadman, Ray Matheny, Dongya Yang<br>2012 Earliest Mexican Turkeys (Meleagris gallopavo) in the Maya Region: Implications for pre-Hispanic Animal Trade and the Timing of Turkey Domestication. PLoS ONE 7(8):e42630.doi:10.1371\/journal.pone.0042630<\/p>\n\n\n\n<p><b>Thornton, Erin Kennedy<\/b><br>2012 Animal Resource Use and Exchange at an Inland Maya Port: Zooarchaeological Investigations at Trinidad de Nosotros. In Motul de San Jose: Politics, History, and Economy in a Maya Polity (Antonia E. Foias and Kitty F. Emery, editors). University of Florida Press: 326-356.<\/p>\n\n\n\n<p><b>Thornton, Erin Kennedy<\/b><br>2011 Reconstructing Ancient Maya Animal Trade through Strontium Isotope (87Sr\/86Sr) Analysis. Journal of Archaeological Science 38: 3254-3263.<\/p>\n\n\n\n<p><b>Thornton, Erin Kennedy<\/b>, Susan D. deFrance, John Krigbaum, and Patrick Ryan Williams<br>2011 Isotopic Evidence for Middle Horizon to Sixteenth Century Camelid Herding in the Osmore Valley, Peru. International Journal of Osteoarchaeology 21: 544-567.<\/p>\n\n\n\n<p>Emery, Kitty F. and <b>Erin Kennedy Thornton<\/b><br>2008a Zooarchaeological Habitat Analysis of Ancient Maya Landscape Changes. Journal of Ethnobiology 28(2): 154-178.<\/p>\n\n\n\n<p>Emery, Kitty F. and <b>Erin Kennedy Thornton<\/b><br>2008b A Regional Perspective on Biotic Change During the Classic Maya Occupation Using Zooarchaeological Isotopic Chemistry. Quaternary International 191: 131-143.<\/p>\n\n<\/div>\r\n\n<\/div>","protected":false},"excerpt":{"rendered":"","protected":false},"author":1222,"featured_media":0,"parent":0,"menu_order":0,"comment_status":"closed","ping_status":"closed","template":"","meta":[],"categories":[],"tags":[],"wsuwp_university_location":[],"wsuwp_university_org":[],"_links":{"self":[{"href":"https:\/\/labs.wsu.edu\/anthro-isotope-lab\/wp-json\/wp\/v2\/pages\/226"}],"collection":[{"href":"https:\/\/labs.wsu.edu\/anthro-isotope-lab\/wp-json\/wp\/v2\/pages"}],"about":[{"href":"https:\/\/labs.wsu.edu\/anthro-isotope-lab\/wp-json\/wp\/v2\/types\/page"}],"author":[{"embeddable":true,"href":"https:\/\/labs.wsu.edu\/anthro-isotope-lab\/wp-json\/wp\/v2\/users\/1222"}],"replies":[{"embeddable":true,"href":"https:\/\/labs.wsu.edu\/anthro-isotope-lab\/wp-json\/wp\/v2\/comments?post=226"}],"version-history":[{"count":19,"href":"https:\/\/labs.wsu.edu\/anthro-isotope-lab\/wp-json\/wp\/v2\/pages\/226\/revisions"}],"predecessor-version":[{"id":359,"href":"https:\/\/labs.wsu.edu\/anthro-isotope-lab\/wp-json\/wp\/v2\/pages\/226\/revisions\/359"}],"wp:attachment":[{"href":"https:\/\/labs.wsu.edu\/anthro-isotope-lab\/wp-json\/wp\/v2\/media?parent=226"}],"wp:term":[{"taxonomy":"category","embeddable":true,"href":"https:\/\/labs.wsu.edu\/anthro-isotope-lab\/wp-json\/wp\/v2\/categories?post=226"},{"taxonomy":"post_tag","embeddable":true,"href":"https:\/\/labs.wsu.edu\/anthro-isotope-lab\/wp-json\/wp\/v2\/tags?post=226"},{"taxonomy":"wsuwp_university_location","embeddable":true,"href":"https:\/\/labs.wsu.edu\/anthro-isotope-lab\/wp-json\/wp\/v2\/wsuwp_university_location?post=226"},{"taxonomy":"wsuwp_university_org","embeddable":true,"href":"https:\/\/labs.wsu.edu\/anthro-isotope-lab\/wp-json\/wp\/v2\/wsuwp_university_org?post=226"}],"curies":[{"name":"wp","href":"https:\/\/api.w.org\/{rel}","templated":true}]}}