{"id":18,"date":"2021-08-19T09:16:52","date_gmt":"2021-08-19T16:16:52","guid":{"rendered":"https:\/\/labs.wsu.edu\/bacteria-host-cell-interactions\/?page_id=18"},"modified":"2025-12-02T15:02:32","modified_gmt":"2025-12-02T23:02:32","slug":"research-collaborations","status":"publish","type":"page","link":"https:\/\/labs.wsu.edu\/bacteria-host-cell-interactions\/research-collaborations\/","title":{"rendered":"Research Collaborations"},"content":{"rendered":"<div class=\"wsu-row wsu-row--single\" >\r\n    \n<div class=\"wsu-column\"  style=\"\">\r\n\t\n\n<h2 class=\"wp-block-heading  wsu-font-size--xmedium\"><a href=\"https:\/\/icb.unab.cl\/carlos-blondel\/\">Dr. Carlos Blondel<\/a><\/h2>\n\n\n\n<p>HHMI-Gulbenkian Research Scholar, Profesor Investigador, Laboratorio Biolog\u00eda de la Infecci\u00f3n, Instituto de Ciencias Biom\u00e9dicas (ICB), Universidad Andr\u00e9s Bello, Santiago, Chile.<br><a href=\"https:\/\/orcid.org\/0000-0002-7099-6347\">ORCiD<\/a> = https:\/\/orcid.org\/0000-0002-7099-6347<\/p>\n\n<\/div>\r\n\n<\/div>\n\n<div class=\"wsu-row wsu-row--single\" >\r\n    \n<div class=\"wsu-column\"  style=\"\">\r\n\t\n\n<h2 class=\"wp-block-heading  wsu-font-size--xmedium\"><a href=\"https:\/\/profiles.arizona.edu\/person\/kcooper\">Dr. Kerry Cooper<\/a><\/h2>\n\n\n\n<p>Assistant Professor of Food Safety and Epidemiology (School of Animal and Comparative Biomedical Sciences), The University of Arizona: Tucson, AZ, United States<br><a href=\"https:\/\/orcid.org\/0000-0003-4541-1324\">ORCiD<\/a> = https:\/\/orcid.org\/0000-0003-4541-1324<\/p>\n\n<\/div>\r\n\n<\/div>\n\n<div class=\"wsu-row wsu-row--single\" >\r\n    \n<div class=\"wsu-column\"  style=\"\">\r\n\t\n\n<h2 class=\"wp-block-heading  wsu-font-size--xmedium\"><a href=\"https:\/\/biology.pnnl.gov\/people\/geremy-clair\">Dr. Geremy Clair<\/a><\/h2>\n\n\n\n<p>Integrative Omics, Pacific Northwest National Laboratory, Richland, WA, United States<br><a href=\"https:\/\/orcid.org\/0000-0003-0478-8520\">ORCiD<\/a> = https:\/\/orcid.org\/0000-0003-0478-8520<\/p>\n\n<\/div>\r\n\n<\/div>\n\n<div class=\"wsu-row wsu-row--single\" >\r\n    \n<div class=\"wsu-column\"  style=\"\">\r\n\t\n\n<h2 class=\"wp-block-heading  wsu-font-size--xmedium\"><a href=\"https:\/\/www.icddrb.org\/index.php?option=com_content&amp;view=article&amp;id=4223&amp;Itemid=2202&amp;staffID=122\">Dr. Zhahirul Islam<\/a><\/h2>\n\n\n\n<p>Scientist, Research Laboratory Sciences and Services&nbsp;Division, International Centre for Diarrhoeal Disease Research Bangladesh: Dhaka, Bangladesh<br><a href=\"https:\/\/orcid.org\/0000-0003-0935-8079\">ORCiD<\/a> = https:\/\/orcid.org\/0000-0003-0935-8079<\/p>\n\n<\/div>\r\n\n<\/div>\n\n<div class=\"wsu-row wsu-row--single\" >\r\n    \n<div class=\"wsu-column\"  style=\"\">\r\n\t\n\n<h2 class=\"wp-block-heading  wsu-font-size--xmedium\"><a href=\"https:\/\/www.mcgill.ca\/foodscience\/staff-and-research\/xiaonan-lu\">Dr. Xiaonan Lu<\/a><\/h2>\n\n\n\n<p>Department of Food Science and Agricultural Chemistry, Faculty of Agricultural and Environmental Sciences, McGill University, Montr\u00e9al, QC, Canada<br><a href=\"https:\/\/orcid.org\/0000-0003-0935-8079\">ORCiD<\/a> = https:\/\/orcid.org\/0000-0003-0254-0345<\/p>\n\n<\/div>\r\n\n<\/div>\n\n<div class=\"wsu-row wsu-row--single\" >\r\n    \n<div class=\"wsu-column\"  style=\"\">\r\n\t\n\n<p><strong><a href=\"https:\/\/www.ars.usda.gov\/pacific-west-area\/pullman-wa\/whgq\/people\/craig-f-morris\/\">Dr. Craig F. Morris<\/a><\/strong><br>Western Wheat Quality Lab, U.S. Department of Agriculture\u2013Agricultural Research Service, Pullman, WA, United States<br><a href=\"https:\/\/orcid.org\/0000-0003-0478-8520\">ORCiD<\/a> = https:\/\/orcid.org\/0000-0003-0478-8520<\/p>\n\n<\/div>\r\n\n<\/div>\n\n<div class=\"wsu-row wsu-row--single\" >\r\n    \n<div class=\"wsu-column\"  style=\"\">\r\n\t\n\n<h2 class=\"wp-block-heading  wsu-font-size--xmedium\"><a href=\"https:\/\/entomology.wsu.edu\/directory\/faculty\/jeb-p-owen\/\">Dr. Jeb Owen<\/a><\/h2>\n\n\n\n<p>Department of Entomology, Washington State University, Pullman, WA 99164-6382<br><a href=\"https:\/\/orcid.org\/0000-0002-2042-0526\">ORCiD<\/a> = https:\/\/orcid.org\/0000-0002-2042-0526<\/p>\n\n<\/div>\r\n\n<\/div>\n\n<div class=\"wsu-row wsu-row--single\" >\r\n    \n<div class=\"wsu-column\"  style=\"\">\r\n\t\n\n<h2 class=\"wp-block-heading  wsu-font-size--xmedium\"><a href=\"https:\/\/www.ars.usda.gov\/people-locations\/person?person-id=11898\">Dr. Craig T. Parker<\/a><\/h2>\n\n\n\n<p>Produce Safety and Microbiology, United States Department of Agriculture-Agricultural Research Service, Albany, CA, United States<br><a href=\"https:\/\/orcid.org\/0000-0002-7719-8882\">ORCiD<\/a> = https:\/\/orcid.org\/0000-0002-7719-8882<\/p>\n\n<\/div>\r\n\n<\/div>","protected":false},"excerpt":{"rendered":"","protected":false},"author":1351,"featured_media":0,"parent":0,"menu_order":0,"comment_status":"closed","ping_status":"closed","template":"","meta":[],"categories":[],"tags":[],"wsuwp_university_location":[],"wsuwp_university_org":[],"_links":{"self":[{"href":"https:\/\/labs.wsu.edu\/bacteria-host-cell-interactions\/wp-json\/wp\/v2\/pages\/18"}],"collection":[{"href":"https:\/\/labs.wsu.edu\/bacteria-host-cell-interactions\/wp-json\/wp\/v2\/pages"}],"about":[{"href":"https:\/\/labs.wsu.edu\/bacteria-host-cell-interactions\/wp-json\/wp\/v2\/types\/page"}],"author":[{"embeddable":true,"href":"https:\/\/labs.wsu.edu\/bacteria-host-cell-interactions\/wp-json\/wp\/v2\/users\/1351"}],"replies":[{"embeddable":true,"href":"https:\/\/labs.wsu.edu\/bacteria-host-cell-interactions\/wp-json\/wp\/v2\/comments?post=18"}],"version-history":[{"count":14,"href":"https:\/\/labs.wsu.edu\/bacteria-host-cell-interactions\/wp-json\/wp\/v2\/pages\/18\/revisions"}],"predecessor-version":[{"id":255,"href":"https:\/\/labs.wsu.edu\/bacteria-host-cell-interactions\/wp-json\/wp\/v2\/pages\/18\/revisions\/255"}],"wp:attachment":[{"href":"https:\/\/labs.wsu.edu\/bacteria-host-cell-interactions\/wp-json\/wp\/v2\/media?parent=18"}],"wp:term":[{"taxonomy":"category","embeddable":true,"href":"https:\/\/labs.wsu.edu\/bacteria-host-cell-interactions\/wp-json\/wp\/v2\/categories?post=18"},{"taxonomy":"post_tag","embeddable":true,"href":"https:\/\/labs.wsu.edu\/bacteria-host-cell-interactions\/wp-json\/wp\/v2\/tags?post=18"},{"taxonomy":"wsuwp_university_location","embeddable":true,"href":"https:\/\/labs.wsu.edu\/bacteria-host-cell-interactions\/wp-json\/wp\/v2\/wsuwp_university_location?post=18"},{"taxonomy":"wsuwp_university_org","embeddable":true,"href":"https:\/\/labs.wsu.edu\/bacteria-host-cell-interactions\/wp-json\/wp\/v2\/wsuwp_university_org?post=18"}],"curies":[{"name":"wp","href":"https:\/\/api.w.org\/{rel}","templated":true}]}}