{"id":13,"date":"2016-09-26T09:16:23","date_gmt":"2016-09-26T16:16:23","guid":{"rendered":"http:\/\/labs.wsu.edu\/barbosa\/?page_id=13"},"modified":"2016-09-26T11:12:49","modified_gmt":"2016-09-26T18:12:49","slug":"grad-education","status":"publish","type":"page","link":"https:\/\/labs.wsu.edu\/barbosa\/grad-education\/","title":{"rendered":"Graduate Education"},"content":{"rendered":"<br \/>\n<section id=\"builder-section-1474906531435\" class=\"row single gutter pad-top\">\n<div style=\"\" class=\"column one \">\n<header>\n<h2>Graduate Courses<\/h2>\n<\/header>\n<h4>Washington State University:<\/h4>\n<ul>\n<li>BSysE 581\u00a0\u2013\u00a0 Physical Properties of Foods<\/li>\n<li>BSysE 582\u00a0\u2013\u00a0Food Process Engineering I<\/li>\n<li>BSysE 583\u00a0\u2013\u00a0Food Process Engineering II<\/li>\n<li>BSysE 584\u00a0\u2013\u00a0Thermal\/Nonthermal Processing of Food<\/li>\n<li>BSysE 588\u00a0\u2013\u00a0Food Powders<\/li>\n<li>BSysE 4\/583\u00a0\u2013\u00a0Food Separation Processes Design<\/li>\n<li>BSysE 4\/583\u00a0\u2013\u00a0Food Separation<\/li>\n<li>BSysE 598\u00a0\u2013\u00a0Graduate Seminar<\/li>\n<li>BSysE 551\u00a0\u2013\u00a0Advanced Food Engineering<\/li>\n<li>BSysE 4\/586\u00a0\u2013\u00a0Food Rheology<\/li>\n<li>BSysE 4\/588\u00a0\u2013\u00a0Food Powder Technology<\/li>\n<li>BSysE 4\/582\u00a0\u2013\u00a0Food Process Engineering<\/li>\n<li>BSysE 4\/583\u00a0\u2013\u00a0Food Separation<\/li>\n<li>FSHN 433\u00a0\u2013\u00a0Agricultural Processing<\/li>\n<li>BSysE 386\u00a0\u2013\u00a0Physical Properties of Agricultural Materials<\/li>\n<\/ul>\n<h5>Schedule of Classes<\/h5>\n<p><a class=\"tracked\" href=\"http:\/\/schedules.wsu.edu\/List\/Pullman\/20163\/BSysE\">Fall 2016, <strong>Pullman<\/strong> courses<\/a><\/p>\n<p><a class=\"tracked\" href=\"http:\/\/schedules.wsu.edu\/List\/Tri-Cities\/20163\/BSysE\">Fall 2016, <strong>Tri-Cities<\/strong> courses<\/a><\/p>\n<h4>University of Puerto Rico, Mayag\u00fcez, PR<\/h4>\n<ul>\n<li>ME 4012\u00a0\u2013\u00a0Analysis of Machine Elements<\/li>\n<li>ME 4025\u00a0\u2013\u00a0Mechanical Engineering Design<\/li>\n<li>ChE 4077\u00a0\u2013\u00a0Unit Operations in Food Engineering<\/li>\n<li>ChE 5016\u00a0\u2013\u00a0Plant Design for Chemical Engineering<\/li>\n<li>ChE 5021\u00a0\u2013\u00a0Chemical Engineering Design I<\/li>\n<li>ChE 5022\u00a0\u2013\u00a0Chemical Engineering Design II<\/li>\n<li>ChE 5036\u00a0\u2013\u00a0Particulate Systems<\/li>\n<li>ChE 5995\u00a0\u2013\u00a0Special Problems<\/li>\n<\/ul>\n<h4>Teaching \u2013 University of Uruguay, Montevideo, Uruguay<\/h4>\n<ul>\n<li>Pneumatic and Hydraulic Controls<\/li>\n<li>Thermodynamics<\/li>\n<li>Kinematics and Mechanisms<\/li>\n<li>Machines III\n<ul>\n<li>pumps,<\/li>\n<li>boilers,<\/li>\n<li>compressors,<\/li>\n<li>internal combustion engines,<\/li>\n<li>turbines<\/li>\n<\/ul>\n<\/li>\n<\/ul><\/div>\n<\/section>\n<section id=\"builder-section-1474906558083\" class=\"row single gutter pad-top\">\n<div style=\"\" class=\"column one \">\n<header>\n<h2>Graduate Students<\/h2>\n<\/header>\n<h5><strong>Ph.D program<\/strong><\/h5>\n<ul>\n<li>Daniela Berm\u00fadez, Ph.D in Engineering Science (May, 2008)<\/li>\n<li>Subba Rao Gurram, Ph.D in Engineering Science (Dec., 2007)<\/li>\n<li>Bilge Altunaker, Ph.D in Engineering Science (Dec., 2007)<\/li>\n<li>Pablo Juliano, Ph.D in Engineering Science (May, 2006)<\/li>\n<li>Mara Estrada, Ph.D in Engineering Science (November, 2004)<\/li>\n<li>Jos\u00e9 \u00c1ngel Guerrero-Beltr\u00e1n, Ph.D in Engineering Science (November, 2004)<\/li>\n<li>Guadalupe Olivas, Ph.D in Engineering Science (Nov., 2004)<\/li>\n<li>Jos\u00e9 J. Rodr\u00edguez, Ph.D in Engineering Science (August, 2003)<\/li>\n<li>David Sep\u00falveda, Ph.D in Engineering Science (August, 2003)<\/li>\n<li>Gipsy Tabilo, Ph.D in Engineering Science (December, 2002)<\/li>\n<li>Federico Harte, Ph.D in Engineering Science (Dec., 2002)<\/li>\n<li>Mar\u00eda Fernanda San Mart\u00edn, Ph.D in Engineering Science (December, 2002)<\/li>\n<li>Juan Fern\u00e1ndez, Ph.D in Engineering Science (Dec., 2000)<\/li>\n<li>M. Marcela G\u00f3ngora-Nieto, Ph.D in Engineering Science (December, 2000)<\/li>\n<li>Hong Yan, Ph.D in Engineering Science (Dec., 2000)<\/li>\n<li>Enrique Palou, Ph.D in Engineering Science (May 1998)<\/li>\n<li>Jorge V\u00e9lez-Ruiz, Ph.D in Engineering Science (Dec., 1996)<\/li>\n<li>Humberto Vega-Mercado, Ph.D in Engineering Science (May 1996)<\/li>\n<li>Li Ma, Ph.D in Engineering Science (May 1996)<\/li>\n<li>Usha R. Pothakamury, Ph.D in Engineering Science (August 1995)<\/li>\n<\/ul>\n<h5><strong>M.S. program<\/strong><\/h5>\n<ul>\n<li>Maria Luisa Calder\u00f3n, M.S. in Engineering (Dec., 1998)<\/li>\n<li>Jatuphong Varith, M.S. in Engineering (May 1998)<\/li>\n<li>Nicol\u00e1s Brancoli, M.S. in Engineering (December 1996)<\/li>\n<li>Subo Chang, M.S. in Engineering (December 1996)<\/li>\n<li>Emily Ren, M.S. in Engineering (December 1996)<\/li>\n<li>Hong Yan, M.S. in Engineering (December 1996)<\/li>\n<li>Blas J. Barletta, M.S. in Engineering (May 1993)<\/li>\n<li>Humberto Vega-Mercado, M.S. in Chemical Engineering (December 1988)<\/li>\n<\/ul><\/div>\n<\/section>\n<section id=\"builder-section-1474906598514\" class=\"row single gutter pad-top\">\n<div style=\"\" class=\"column one \">\n<header>\n<h2>Chair of Graduate Committee<\/h2>\n<\/header>\n<h3>Ph. D. Program<b><\/b><\/h3>\n<p>In-progress:<\/p>\n<ul>\n<li>Armando Quintanilla Perez Lete<\/li>\n<li>Prashant Raj Pokhrel<\/li>\n<\/ul>\n<p>2008<\/p>\n<ul>\n<li>Daniela Berm\u00fadez-Aguirre, Ph.D. in Engineering Science<\/li>\n<\/ul>\n<p>2007<\/p>\n<ul>\n<li>Subba Rao Gurram, Ph.D. in Engineering Science<\/li>\n<li>Bilge Altunakar, Ph.D. in Engineering Science<\/li>\n<\/ul>\n<p>2006<\/p>\n<ul>\n<li>Pablo Juliano, Ph.D in Engineering Science<\/li>\n<\/ul>\n<p>2004<\/p>\n<ul>\n<li>Mara Estrada, Ph.D. in Engineering Science<\/li>\n<li>Jos\u00e9 \u00c1ngel Guerrero-Beltr\u00e1n, Ph.D. in Engineering Science<\/li>\n<li>Guadalupe Olivas, Ph.D. in Engineering Science<\/li>\n<\/ul>\n<p>2003<\/p>\n<ul>\n<li>Jos\u00e9 J. Rodr\u00edguez, Ph.D. in Engineering Science<\/li>\n<li>David Sep\u00falveda, Ph.D. in Engineering Science<\/li>\n<\/ul>\n<p>2002<\/p>\n<ul>\n<li>Gipsy Tabilo, Ph.D. in Engineering Science<\/li>\n<li>Federico Harte, Ph.D. in Engineering Science<\/li>\n<li>Mar\u00eda Fernanda San Mart\u00edn, Ph.D in Engineering Science<\/li>\n<\/ul>\n<p>2000<\/p>\n<ul>\n<li>Juan Fern\u00e1ndez, Ph.D. in Engineering Science<\/li>\n<li>M. Marcela G\u00f3ngora-Nieto, Ph.D. in Engineering Science<\/li>\n<li>Hong Yan, Ph.D in Engineering Science<\/li>\n<\/ul>\n<p>1998<\/p>\n<ul>\n<li>Enrique Palou, Ph.D. in Engineering Science<\/li>\n<\/ul>\n<p>1996<\/p>\n<ul>\n<li>Jorge V\u00e9lez-Ruiz, Ph.D. in Engineering Science<\/li>\n<li>Humberto Vega-Mercado, Ph.D. in Engineering Science<\/li>\n<li>Li Ma, Ph.D. in Engineering Science<\/li>\n<\/ul>\n<p>1995<\/p>\n<ul>\n<li>Usha R. Pothakamury, Ph.D. in Engineering Science<\/li>\n<\/ul>\n<h3>M.S. Program<b><\/b><\/h3>\n<p>1998<\/p>\n<ul>\n<li>Maria Luisa Calder\u00f3n, M.S. in Engineering<\/li>\n<li>\u00a0Jatuphong Varith, M.S. in Engineering<\/li>\n<\/ul>\n<p>1996<\/p>\n<ul>\n<li>Nicol\u00e1s Brancoli, M.S. in Engineering<\/li>\n<li>Subo Chang, M.S. in Engineering<\/li>\n<li>Emily Ren, M.S. in Engineering<\/li>\n<li>Hong Yan, M.S. in Engineering<\/li>\n<\/ul>\n<p>1993<\/p>\n<ul>\n<li>Blas J. Barletta, M.S. in Engineering<\/li>\n<\/ul>\n<p>1988<\/p>\n<ul>\n<li>Humberto Vega-Mercado, M.S. in Chemical Engineering<\/li>\n<\/ul><\/div>\n<\/section>\n","protected":false},"excerpt":{"rendered":"<p> <\/p>\n<h2>Graduate Courses<\/h2>\n<h4>Washington State University:<\/h4>\n<p>BSysE 581\u00a0\u2013\u00a0 Physical Properties of Foods<br \/> BSysE 582\u00a0\u2013\u00a0Food Process Engineering I<br \/> BSysE 583\u00a0\u2013\u00a0Food Process Engineering II<br \/> BSysE 584\u00a0\u2013\u00a0Thermal\/Nonthermal Processing of Food<br \/> BSysE 588\u00a0\u2013\u00a0Food Powders<br \/> BSysE 4\/583\u00a0\u2013\u00a0Food Separation Processes Design<br \/> BSysE 4\/583\u00a0\u2013\u00a0Food Separation<br \/> BSysE 598\u00a0\u2013\u00a0Graduate Seminar<br \/> BSysE 551\u00a0\u2013\u00a0Advanced Food Engineering<br \/> BSysE 4\/586\u00a0\u2013\u00a0Food Rheology<br \/> BSysE 4\/588\u00a0\u2013\u00a0Food Powder Technology<br \/> BSysE 4\/582\u00a0\u2013\u00a0Food Process Engineering<br \/> BSysE 4\/583\u00a0\u2013\u00a0Food Separation<br \/> FSHN 433\u00a0\u2013\u00a0Agricultural Processing<br \/> BSysE 386\u00a0\u2013\u00a0Physical Properties of Agricultural Materials<\/p>\n<h5>Schedule of Classes<\/h5>\n<p><a class=\"tracked\" href=\"http:\/\/schedules.wsu.edu\/List\/Pullman\/20163\/BSysE\">Fall 2016, <strong>Pullman<\/strong> courses<\/a><\/p>\n<p><a class=\"tracked\" href=\"http:\/\/schedules.wsu.edu\/List\/Tri-Cities\/20163\/BSysE\">Fall 2016, <strong>Tri-Cities<\/strong> courses<\/a><\/p>\n<h4>University of Puerto Rico, Mayag\u00fcez, PR<\/h4>\n<p>ME &#8230; <a href=\"https:\/\/labs.wsu.edu\/barbosa\/grad-education\/\" class=\"more-link\"><span class=\"more-default\">&raquo; More &#8230;<\/span><\/a><\/p>\n","protected":false},"author":1351,"featured_media":0,"parent":0,"menu_order":0,"comment_status":"closed","ping_status":"closed","template":"template-builder.php","meta":[],"wsuwp_university_location":[],"wsuwp_university_org":[],"_links":{"self":[{"href":"https:\/\/labs.wsu.edu\/barbosa\/wp-json\/wp\/v2\/pages\/13"}],"collection":[{"href":"https:\/\/labs.wsu.edu\/barbosa\/wp-json\/wp\/v2\/pages"}],"about":[{"href":"https:\/\/labs.wsu.edu\/barbosa\/wp-json\/wp\/v2\/types\/page"}],"author":[{"embeddable":true,"href":"https:\/\/labs.wsu.edu\/barbosa\/wp-json\/wp\/v2\/users\/1351"}],"replies":[{"embeddable":true,"href":"https:\/\/labs.wsu.edu\/barbosa\/wp-json\/wp\/v2\/comments?post=13"}],"version-history":[{"count":3,"href":"https:\/\/labs.wsu.edu\/barbosa\/wp-json\/wp\/v2\/pages\/13\/revisions"}],"predecessor-version":[{"id":47,"href":"https:\/\/labs.wsu.edu\/barbosa\/wp-json\/wp\/v2\/pages\/13\/revisions\/47"}],"wp:attachment":[{"href":"https:\/\/labs.wsu.edu\/barbosa\/wp-json\/wp\/v2\/media?parent=13"}],"wp:term":[{"taxonomy":"wsuwp_university_location","embeddable":true,"href":"https:\/\/labs.wsu.edu\/barbosa\/wp-json\/wp\/v2\/wsuwp_university_location?post=13"},{"taxonomy":"wsuwp_university_org","embeddable":true,"href":"https:\/\/labs.wsu.edu\/barbosa\/wp-json\/wp\/v2\/wsuwp_university_org?post=13"}],"curies":[{"name":"wp","href":"https:\/\/api.w.org\/{rel}","templated":true}]}}