{"id":18,"date":"2016-09-26T09:18:48","date_gmt":"2016-09-26T16:18:48","guid":{"rendered":"http:\/\/labs.wsu.edu\/barbosa\/?page_id=18"},"modified":"2016-09-26T09:18:48","modified_gmt":"2016-09-26T16:18:48","slug":"visiting-faculty","status":"publish","type":"page","link":"https:\/\/labs.wsu.edu\/barbosa\/visiting-faculty\/","title":{"rendered":"Visiting Faculty"},"content":{"rendered":"<br \/>\n<section id=\"builder-section-1474906711698\" class=\"row single gutter pad-top\">\n<div style=\"\" class=\"column one \">\n<header>\n<h2>Visiting Faculty<\/h2>\n<\/header>\n<ul>\n<li>Ilce Gabriela Medina Meza,<\/li>\n<li>Norberto Chavarr\u00eda-Hern\u00e1ndez, Universidad Aut\u00f3noma de Hidalgo, Mexico<\/li>\n<li>Adriana Rodr\u00edguez-Hern\u00e1ndez, Universidad Aut\u00f3noma de Hidalgo, Mexico<\/li>\n<li>Fakhri Shahidi, Ferdowsi University of Mashha, Iran<\/li>\n<li>Jos\u00e9 \u00c1ngel Guerrero-Beltr\u00e1n, Universidad de Las Am\u00e9ricas, Puebla, M\u00e9xico<\/li>\n<li>M\u00f2nica Toldr\u00e0, Universidad de Gerona, Spain<\/li>\n<li>Carmen Gonz\u00e1lez, Universidad de Barcelona, Spain (CIRIT Scholar)<\/li>\n<li>Mario P\u00e9rez-Won, Universidad de la Serena, Chile<\/li>\n<li>Arantxa Aznar-Samper, Polytechnic Univ. of Cartagena, Spain (UPC Scholar)<\/li>\n<li>Fernando Fern\u00e1ndez-Mart\u00edn, Instituto del Fr\u00edo, CSIC, Spain (NATO Scholar)<\/li>\n<li>Serv\u00e9 Notermans, TNO, The Netherlands (Dutch Government Project)<\/li>\n<li>Jorge V\u00e9lez-Ruiz, Universidad de las Am\u00e9ricas (UDLAP), Puebla, M\u00e9xico<\/li>\n<li>Javier Border\u00edas, Instituto del Fr\u00edo, CSIC, Spain<\/li>\n<li>Margarita Tejada, Instituto del Fr\u00edo, CSIC, Spain<\/li>\n<li>Cristina Alvarez, Instituto del Fr\u00edo, CSIC, Spain<\/li>\n<li>Olga Mart\u00edn-Belloso, University of Lleida, Spain (NATO Scholar)<\/li>\n<li>Marisa Guerra, Sim\u00f3n Bol\u00edvar University, Venezuela<\/li>\n<li>Elba Sangronis, Sim\u00f3n Bol\u00edvar University, Venezuela<\/li>\n<li>Albert Ibarz, University of Lleida, Spain (CYCIT Scholar and CIRIT Scholar)<\/li>\n<li>Enrique Ortega, M\u00e9xico (Fulbright Scholar)<\/li>\n<li>Juan Fern\u00e1ndez, Venezuela (USDA Scholar)<\/li>\n<li>Javier Ar\u00e1ntegui, University of Lleida, Spain (CIRIT Scholar)<\/li>\n<li>Lidia Dorantes, Instituto Polit\u00e9cnico Nacional, M\u00e9xico (CYTED Scholar)<\/li>\n<li>Patricia Mart\u00ednez, Universidad Aut\u00f3noma M\u00e9xico (CONACYT Scholar)<\/li>\n<li>Santiago Esplugas, Universidad de Barcelona, Spain (CIRIT Scholar)<\/li>\n<li>Carmen Gonz\u00e1lez, Universidad de Barcelona, Spain (CIRIT Scholar)<\/li>\n<li>Rafael Pag\u00e1n, Universidad de Zaragoza, Spain (CICYT Scholar)<\/li>\n<li>Javier Raso Pueyo, Universidad de Zaragoza, Spain (CICYT Scholar)<\/li>\n<li>Juan Rodr\u00edguez, UNELLEZ, San Carlos, Venezuela<\/li>\n<li>Beatriz Tovar, Instituto Tecnol\u00f3gico de Tepic, M\u00e9xico (CONACYT Scholar)<\/li>\n<li>Aurelio L\u00f3pez-Malo, UDLAP, M\u00e9xico (European Union Project STD-3)<\/li>\n<\/ul><\/div>\n<\/section>\n","protected":false},"excerpt":{"rendered":"<p> <\/p>\n<h2>Visiting Faculty<\/h2>\n<p>Ilce Gabriela Medina Meza,<br \/> Norberto Chavarr\u00eda-Hern\u00e1ndez, Universidad Aut\u00f3noma de Hidalgo, Mexico<br \/> Adriana Rodr\u00edguez-Hern\u00e1ndez, Universidad Aut\u00f3noma de Hidalgo, Mexico<br \/> Fakhri Shahidi, Ferdowsi University of Mashha, Iran<br \/> Jos\u00e9 \u00c1ngel Guerrero-Beltr\u00e1n, Universidad de Las Am\u00e9ricas, Puebla, M\u00e9xico<br \/> M\u00f2nica Toldr\u00e0, Universidad de Gerona, Spain<br \/> Carmen Gonz\u00e1lez, Universidad de Barcelona, Spain (CIRIT Scholar)<br \/> Mario P\u00e9rez-Won, Universidad de la Serena, Chile<br \/> Arantxa Aznar-Samper, Polytechnic Univ. of Cartagena, Spain (UPC Scholar)<br \/> Fernando Fern\u00e1ndez-Mart\u00edn, Instituto del Fr\u00edo, CSIC, Spain (NATO Scholar)<br \/> Serv\u00e9 Notermans, TNO, The Netherlands (Dutch Government Project)<br \/> Jorge V\u00e9lez-Ruiz, Universidad de las Am\u00e9ricas (UDLAP), Puebla, M\u00e9xico<br ... <a href=\"https:\/\/labs.wsu.edu\/barbosa\/visiting-faculty\/\" class=\"more-link\"\/><span class=\"more-default\">&raquo; More &#8230;<\/span><\/p>\n","protected":false},"author":1351,"featured_media":0,"parent":0,"menu_order":0,"comment_status":"closed","ping_status":"closed","template":"template-builder.php","meta":[],"wsuwp_university_location":[],"wsuwp_university_org":[],"_links":{"self":[{"href":"https:\/\/labs.wsu.edu\/barbosa\/wp-json\/wp\/v2\/pages\/18"}],"collection":[{"href":"https:\/\/labs.wsu.edu\/barbosa\/wp-json\/wp\/v2\/pages"}],"about":[{"href":"https:\/\/labs.wsu.edu\/barbosa\/wp-json\/wp\/v2\/types\/page"}],"author":[{"embeddable":true,"href":"https:\/\/labs.wsu.edu\/barbosa\/wp-json\/wp\/v2\/users\/1351"}],"replies":[{"embeddable":true,"href":"https:\/\/labs.wsu.edu\/barbosa\/wp-json\/wp\/v2\/comments?post=18"}],"version-history":[{"count":1,"href":"https:\/\/labs.wsu.edu\/barbosa\/wp-json\/wp\/v2\/pages\/18\/revisions"}],"predecessor-version":[{"id":19,"href":"https:\/\/labs.wsu.edu\/barbosa\/wp-json\/wp\/v2\/pages\/18\/revisions\/19"}],"wp:attachment":[{"href":"https:\/\/labs.wsu.edu\/barbosa\/wp-json\/wp\/v2\/media?parent=18"}],"wp:term":[{"taxonomy":"wsuwp_university_location","embeddable":true,"href":"https:\/\/labs.wsu.edu\/barbosa\/wp-json\/wp\/v2\/wsuwp_university_location?post=18"},{"taxonomy":"wsuwp_university_org","embeddable":true,"href":"https:\/\/labs.wsu.edu\/barbosa\/wp-json\/wp\/v2\/wsuwp_university_org?post=18"}],"curies":[{"name":"wp","href":"https:\/\/api.w.org\/{rel}","templated":true}]}}