{"id":139,"date":"2025-06-17T16:49:41","date_gmt":"2025-06-17T23:49:41","guid":{"rendered":"https:\/\/labs.wsu.edu\/eco-epi-lab\/?page_id=139"},"modified":"2025-12-09T14:14:58","modified_gmt":"2025-12-09T22:14:58","slug":"enfermedades-transmitidas-por-garrapatas-y-roedores","status":"publish","type":"page","link":"https:\/\/labs.wsu.edu\/eco-epi-lab\/projects\/enfermedades-transmitidas-por-garrapatas-y-roedores\/","title":{"rendered":"Enfermedades transmitidas por garrapatas y roedores"},"content":{"rendered":"\n<p class=\" wsu-font-size--xxmedium\">Evaluando la exposici\u00f3n de las personas a garrapatas, roedores y sus enfermedades en el centro y este del estado de Washington.<\/p>\n\n\n<div class=\"wsu-cta  wsu-text-align--center wsu-cta--width-inline\" >\n\t<a \t\t\t\t\thref=\"https:\/\/labs.wsu.edu\/eco-epi-lab\/projects\/tick-rodent-wsu-study\"\t\n\t\tclass=\"wsu-button \">\n\t\t\t\n\t\tEnglish\t\t\t<\/a>\n<\/div>\n\n\n<div class=\"wsu-cta  wsu-text-align--center wsu-cta--width-inline\" >\n\t<a \t\t\t\t\thref=\"https:\/\/labs.wsu.edu\/eco-epi-lab\/projects\/enfermedades-transmitidas-por-garrapatas-y-roedores\/\"\t\n\t\tclass=\"wsu-button \">\n\t\t\t\n\t\tEspa\u00f1ol\t\t\t<\/a>\n<\/div>\n\n\n<div class=\"wsu-accordion  wsu-accordion--size-small\">\r\n    <h2 id=\"unique-id-1__14129\" class=\"wsu-accordion__title\">\r\n        <button class=\"wsu-accordion__title-button wsu-accordion--toggle\" aria-expanded=\"false\" aria-controls=\"unique-id-1__content\">Sobre este estudio<\/button>\r\n    <\/h2>\r\n    <div id=\"unique-id-1__content\" class=\"wsu-accordion__content\" aria-labelledby=\"unique-id-1__14129\">\r\n        <div class=\"wsu-accordion__content-inner\">\r\n            \n\n<p>Estamos realizando un proyecto de investigaci\u00f3n sobre el riesgo de enfermedades transmitidas o asociadas con peque\u00f1os roedores entre personas que viven en el este del estado de Washington. El estudio est\u00e1 dirigido por la Dra. Pilar Fern\u00e1ndez, de la Universidad Estatal de Washington (WSU).<\/p>\n\n\n\n<p>Como persona que vive en una zona rural y que podr\u00eda tener mayor riesgo debido a su trabajo o actividades al aire libre, queremos invitarle a completar un breve cuestionario (menos de 10 minutos). Le preguntaremos sobre su posible contacto con ratones y garrapatas asociadas a ellos, las medidas que toma para protegerse, y las actividades que podr\u00edan aumentar su riesgo de exposici\u00f3n.<\/p>\n\n        <\/div>\r\n    <\/div>\r\n<\/div>\n\n<div class=\"wsu-accordion  wsu-accordion--size-small\">\r\n    <h2 id=\"unique-id-1__31313\" class=\"wsu-accordion__title\">\r\n        <button class=\"wsu-accordion__title-button wsu-accordion--toggle\" aria-expanded=\"false\" aria-controls=\"unique-id-1__content\">\u00bfQui\u00e9n puede participar del estudio?<\/button>\r\n    <\/h2>\r\n    <div id=\"unique-id-1__content\" class=\"wsu-accordion__content\" aria-labelledby=\"unique-id-1__31313\">\r\n        <div class=\"wsu-accordion__content-inner\">\r\n            \n\n<p>Cualquier persona adulta mayor de 18 a\u00f1os que viva en zonas agr\u00edcolas del este y centro del estado de Washington puede participar.<\/p>\n\n\n\n<p>Buscamos principalmente a personas que trabajan en el sector agr\u00edcola, pero la encuesta est\u00e1 abierta a cualquier persona que pueda estar expuesta a garrapatas o roedores en \u00e1reas rurales.<\/p>\n\n\n\n<p>Si pasa tiempo en estos entornos \u2014 ya sea por trabajo o por otras actividades \u2014 lo invitamos a participar en la encuesta.<\/p>\n\n        <\/div>\r\n    <\/div>\r\n<\/div>\n\n<div class=\"wsu-accordion  wsu-accordion--size-small\">\r\n    <h2 id=\"unique-id-1__50053\" class=\"wsu-accordion__title\">\r\n        <button class=\"wsu-accordion__title-button wsu-accordion--toggle\" aria-expanded=\"false\" aria-controls=\"unique-id-1__content\">Riesgos y beneficios de participar en el estudio<\/button>\r\n    <\/h2>\r\n    <div id=\"unique-id-1__content\" class=\"wsu-accordion__content\" aria-labelledby=\"unique-id-1__50053\">\r\n        <div class=\"wsu-accordion__content-inner\">\r\n            \n\n<p>We believe there are no risks associated with this research study; however, there is a minimal risk that your information could become known to someone not involved in this study. To the best of our ability your answers in this study will remain confidential. We will minimize any risks by keeping the survey responses on secure WSU servers. No personal information will be recorded and the only demographic data we will record encompass age, gender and race\/ethnicity.<\/p>\n\n\n\n<p><strong>Es posible que, al participar en este estudio, sienta cierto estr\u00e9s, miedo o ansiedad al tomar mayor conciencia sobre el riesgo de enfermedades transmitidas o asociadas con roedores.<\/strong> Al final de la encuesta, le ofreceremos informaci\u00f3n sobre medidas de prevenci\u00f3n que pueden ayudarle a sentirse m\u00e1s seguro(a) y preparado(a) en distintas situaciones. Tambi\u00e9n estaremos disponibles para responder cualquier pregunta que tenga.<\/p>\n\n\n\n<p><strong>Esta encuesta es completamente voluntaria.<\/strong> Si hay alguna pregunta que no desea responder, no tiene que hacerlo.<\/p>\n\n\n\n<h2 class=\"wp-block-heading  wsu-font-size--medium\">No hay ning\u00fan costo para usted por participar, y recibir\u00e1 una tarjeta de regalo de $15 como agradecimiento.<\/h2>\n\n\n\n<p>Este estudio ha sido revisado y aprobado por el Comit\u00e9 de \u00c9tica en Investigaci\u00f3n con Seres Humanos (IRB) de la Universidad Estatal de Washington (WSU). Si tiene preguntas o inquietudes sobre este estudio, puede comunicarse con la Dra. Mar\u00eda del Pilar Fern\u00e1ndez al (509) 335-4058 o al correo electr\u00f3nico <a href=\"mailto:pilar.fernandez@wsu.edu\">pilar.fernandez@wsu.edu<\/a>.<\/p>\n\n\n\n<p>Si tiene preguntas sobre sus derechos como participante en una investigaci\u00f3n, puede comunicarse con el comit\u00e9 IRB de WSU al correo <a href=\"mailto:irb@wsu.edu\">irb@wsu.edu<\/a>.<\/p>\n\n        <\/div>\r\n    <\/div>\r\n<\/div>\n\n<div class=\"wsu-cta \" >\n\t<a \t\t\t\t\thref=\"https:\/\/wsu.co1.qualtrics.com\/jfe\/form\/SV_e5s0YLFL7TlhImG\"\t\n\t\tclass=\"wsu-button \">\n\t\t\t\n\t\tCompletar la encuesta\t\t\t<\/a>\n<\/div>\n\n\n\n<p>Gracias por su ayuda con estre proyecto de investigaci\u00f3n.<\/p>\n\n\n\n<p><\/p>\n\n\n\n<p><\/p>\n\n\n\n<p><\/p>\n","protected":false},"excerpt":{"rendered":"<p>Evaluando la exposici\u00f3n de las personas a garrapatas, roedores y sus enfermedades en el centro y este del estado de Washington. Gracias por su ayuda con estre proyecto de investigaci\u00f3n.<\/p>\n","protected":false},"author":23264,"featured_media":0,"parent":101,"menu_order":0,"comment_status":"closed","ping_status":"closed","template":"","meta":[],"categories":[],"tags":[],"wsuwp_university_location":[],"wsuwp_university_org":[],"_links":{"self":[{"href":"https:\/\/labs.wsu.edu\/eco-epi-lab\/wp-json\/wp\/v2\/pages\/139"}],"collection":[{"href":"https:\/\/labs.wsu.edu\/eco-epi-lab\/wp-json\/wp\/v2\/pages"}],"about":[{"href":"https:\/\/labs.wsu.edu\/eco-epi-lab\/wp-json\/wp\/v2\/types\/page"}],"author":[{"embeddable":true,"href":"https:\/\/labs.wsu.edu\/eco-epi-lab\/wp-json\/wp\/v2\/users\/23264"}],"replies":[{"embeddable":true,"href":"https:\/\/labs.wsu.edu\/eco-epi-lab\/wp-json\/wp\/v2\/comments?post=139"}],"version-history":[{"count":6,"href":"https:\/\/labs.wsu.edu\/eco-epi-lab\/wp-json\/wp\/v2\/pages\/139\/revisions"}],"predecessor-version":[{"id":160,"href":"https:\/\/labs.wsu.edu\/eco-epi-lab\/wp-json\/wp\/v2\/pages\/139\/revisions\/160"}],"up":[{"embeddable":true,"href":"https:\/\/labs.wsu.edu\/eco-epi-lab\/wp-json\/wp\/v2\/pages\/101"}],"wp:attachment":[{"href":"https:\/\/labs.wsu.edu\/eco-epi-lab\/wp-json\/wp\/v2\/media?parent=139"}],"wp:term":[{"taxonomy":"category","embeddable":true,"href":"https:\/\/labs.wsu.edu\/eco-epi-lab\/wp-json\/wp\/v2\/categories?post=139"},{"taxonomy":"post_tag","embeddable":true,"href":"https:\/\/labs.wsu.edu\/eco-epi-lab\/wp-json\/wp\/v2\/tags?post=139"},{"taxonomy":"wsuwp_university_location","embeddable":true,"href":"https:\/\/labs.wsu.edu\/eco-epi-lab\/wp-json\/wp\/v2\/wsuwp_university_location?post=139"},{"taxonomy":"wsuwp_university_org","embeddable":true,"href":"https:\/\/labs.wsu.edu\/eco-epi-lab\/wp-json\/wp\/v2\/wsuwp_university_org?post=139"}],"curies":[{"name":"wp","href":"https:\/\/api.w.org\/{rel}","templated":true}]}}