{"id":269,"date":"2022-03-30T11:09:22","date_gmt":"2022-03-30T18:09:22","guid":{"rendered":"https:\/\/labs.wsu.edu\/essential\/?page_id=269"},"modified":"2022-06-06T09:35:06","modified_gmt":"2022-06-06T16:35:06","slug":"maria-luz","status":"publish","type":"page","link":"https:\/\/labs.wsu.edu\/essential\/maria-luz\/","title":{"rendered":"Maria Luz"},"content":{"rendered":"\n<p class=\"has-text-color\" style=\"color:#981e32;font-size:18px\"><a href=\"#Espanol-About\">En espa\u00f1ol<\/a><\/p>\n\n\n\n<div class=\"wp-block-columns is-layout-flex wp-container-3\">\n<div class=\"wp-block-column is-layout-flow\"><\/div>\n\n\n\n<div class=\"wp-block-column is-layout-flow\">\n<h2 class=\"has-text-color wp-block-heading\" style=\"color:#981e32;font-size:24px\">Mar\u00eda Luz<\/h2>\n\n\n\n<h4 class=\"has-normal-font-size wp-block-heading\">Quite Normal<\/h4>\n\n\n\n<div style=\"height:10px\" aria-hidden=\"true\" class=\"wp-block-spacer\"><\/div>\n\n\n\n<p><em>They would come here frustrated \u2026 Confined \u2026 they weren\u2019t going anywhere \u2026&nbsp; but I\u2019m seeing that everything is normalized now.<\/em><\/p>\n\n\n\n<p class=\"has-text-color\" style=\"color:#981e32;font-size:18px\"><\/p>\n<\/div>\n<\/div>\n\n\n\n<h2 class=\"has-normal-font-size wp-block-heading\">About My Picture<\/h2>\n\n\n\n<p><em>I barely took any pictures this year, this past year, because of Covid and all that, and I was feeling pretty stressed. Rather, I focused only on cleaning, on educating myself, educating the parents, educating the children, that\u2019s what I spent my time on.<\/em>&nbsp;<\/p>\n\n\n\n<p><em>I had little tables and I kept them separated from one another. During summer when it was hot, we would paint with brushes, with paint. But yeah, I have several puzzles and one child at each table, separated \u2026 each one at their table alone.<\/em>&nbsp;<\/p>\n\n\n\n<p><em>I had to put away a lot of toys, to leave fewer for the kids so they wouldn\u2019t be taking all of them.&nbsp; Especially, the sculpting clay &#8211; I had to cancel it. And the sandbox, I had to cancel it too because I couldn\u2019t be washing the sand every day. I have a [sand] tub outside. I wash the sand [with the hose] and I get clean water on it. And in that time I couldn\u2019t, because of the same thing, to protect the kids &#8230; And I bought for each individual child their little box of crayons, their little box with paper; each child has their individual box.<\/em>&nbsp;<\/p>\n\n\n\n<div style=\"height:20px\" aria-hidden=\"true\" class=\"wp-block-spacer\"><\/div>\n\n\n\n<h4 class=\"has-normal-font-size wp-block-heading\">Our Interview with Mar\u00eda Luz<\/h4>\n\n\n\n<p>Mar\u00eda Luz is used to caring for children from their early years until they are able to stay home by themselves. She discussed multiple Covid-related challenges to her work, including managing intensified health and safety protocols, dealing with unreliable internet access for her school-age children\u2019s remote schooling, and the stress she sensed children were experiencing due to Covid-related upset to their routines and activities at home. Especially stressful, Mar\u00eda Luz said, was learning well after the fact that several mothers of children in her care (had) had Covid: \u201cI didn\u2019t find out until later, because they got sick, but they didn\u2019t say so.\u201d<\/p>\n\n\n\n<p>Fortunately, and perhaps due to her rigorous adherence to health and safety protocols, no one in Mar\u00eda Luz\u2019s home contracted Covid. But she nevertheless had to deal with its most tragic consequences after one of the children\u2019s mothers, only 30 years old, died from it about a year earlier. The woman\u2019s three-year-old son has remained in Mar\u00eda Luz\u2019s care throughout. Initially, she said, he was sad and would not talk.\u00a0 She remarked on how the other children, who knew \u201cthat he doesn\u2019t have his mother anywhere, that she went with God,\u201d treated the boy lovingly, as if he were a member of their own and Mar\u00eda Luz\u2019s family. \u201cHe looks at me as if I were his mom,\u201d she said.\u00a0 \u201cAnd I pay a lot of attention to him. He does well here\u2026he didn\u2019t used to talk almost at all and now he talks fine, everything, he does his routine, he\u2019s quite normal.\u201d<\/p>\n\n\n\n<p>\u201cIt was hard for me, and for them\u2026But now, thank God, everyone\u2019s already vaccinated, those I know, those that live here and me too, and everything is returning to normal.\u201d<\/p>\n\n\n\n<p id=\"Espanol-About\"><em>From full interview transcript of 2,188 words<\/em><\/p>\n\n\n\n<div style=\"height:30px\" aria-hidden=\"true\" class=\"wp-block-spacer\"><\/div>\n\n\n\n<figure class=\"wp-block-audio\"><audio controls src=\"https:\/\/s3.wp.wsu.edu\/uploads\/sites\/2921\/2022\/04\/mariaLuz.mp3\"><\/audio><\/figure>\n\n\n\n<div class=\"wp-block-columns is-layout-flex wp-container-6\">\n<div class=\"wp-block-column is-layout-flow\"><\/div>\n\n\n\n<div class=\"wp-block-column is-layout-flow\">\n<h2 class=\"has-text-color wp-block-heading\" style=\"color:#981e32;font-size:24px\">Mar\u00eda Luz<\/h2>\n\n\n\n<h2 class=\"has-normal-font-size wp-block-heading\">Bastante Normal<\/h2>\n\n\n\n<div style=\"height:10px\" aria-hidden=\"true\" class=\"wp-block-spacer\"><\/div>\n\n\n\n<p><em>Ellos ven\u00edan frustrados \u2026 encerrados \u2026 no sal\u00edan a ning\u00fan lado \u2026 pero ya veo que todo est\u00e1 normalizado.&nbsp;<\/em><\/p>\n<\/div>\n<\/div>\n\n\n\n<h2 class=\"has-normal-font-size wp-block-heading\">Sobre Mi Foto<\/h2>\n\n\n\n<p><em>Casi no tom\u00e9 muchas fotos en este a\u00f1o, el a\u00f1o pasado, por el Covid y todo eso, y andaba bien estresada. M\u00e1s bien me dedicaba tan s\u00f3lo a la limpieza, de educarme yo misma, educar a los pap\u00e1s, educar a los ni\u00f1os, en eso se me fue el tiempo a m\u00ed.<\/em>&nbsp;<\/p>\n\n\n\n<p><em>Yo ten\u00eda mesitas chiquitas y los ten\u00eda separados uno y otro. Durante el verano que estaba caliente, nos pon\u00edamos a pintar con brochas, con pintura. Pero s\u00ed, tengo varios aciertos y un ni\u00f1o en cada mesita as\u00ed separados \u2026 cada quien en una mesa, solos.<\/em>&nbsp;<\/p>\n\n\n\n<p><em>S\u00ed, tuve que alzar muchos juguetes, para dejar pocos para que los ni\u00f1os no estuvieran agarr\u00e1ndolos todos. Especialmente, la plastilina &#8211; la tuve que cancelar. Y la arena, tambi\u00e9n la tuve que cancelar porque no pod\u00eda estarla lavando la arena todos los d\u00edas. Yo tengo mi tina [de arena] afuera.&nbsp; Yo lavo la arena [con la manguera] y le echo agua limpia. Y en ese tiempo no pod\u00eda porque, por lo mismo, para proteger a los ni\u00f1os \u2026 Y les compr\u00e9 a cada ni\u00f1o individual, su cajita con colores, su cajita con su papel; cada ni\u00f1o tiene su cajita individual.<\/em>&nbsp;<\/p>\n\n\n\n<div style=\"height:20px\" aria-hidden=\"true\" class=\"wp-block-spacer\"><\/div>\n\n\n\n<h4 class=\"has-normal-font-size wp-block-heading\">Nuestra Entrevista con Mar\u00eda Luz<\/h4>\n\n\n\n<p>Mar\u00eda Luz est\u00e1 acostumbrada a cuidar a ni\u00f1os desde una edad temprana hasta que pueden quedarse en casa solos.\u00a0 Ella habl\u00f3 de varios retos laborales ocasionados por el Covid, incluyendo el manejo de protocolos de salud y seguridad intensificados, lidiar con una conexi\u00f3n al internet poco confiable, la cual necesitaba para los ni\u00f1os que ten\u00edan que asistir a sus clases de manera remota, y el estr\u00e9s que ella detectaba en los ni\u00f1os, debido a las perturbaciones en sus rutinas y actividades caseras, provocadas por el Covid.\u00a0 Lo que era particularmente estresante, seg\u00fan Mar\u00eda Luz, era el aprender mucho despu\u00e9s de los hechos, que varias mam\u00e1s de ni\u00f1os bajo su cuidado, ten\u00edan o hab\u00eda tenido Covid:\u00a0 \u201cHasta despu\u00e9s me di cuenta, porque se enfermaron, pero no dijeron.\u201d<\/p>\n\n\n\n<p>Afortunadamente, y quiz\u00e1s debido a su estricto respeto por los protocolos de salud y seguridad, nadie en la casa de Mar\u00eda Luz se contagi\u00f3 de Covid.\u00a0 Pero, no obstante, tuvo que lidiar con sus consecuencias m\u00e1s tr\u00e1gicas, despu\u00e9s de que la madre de uno de los ni\u00f1os, a tan solo 30 a\u00f1os de edad, muri\u00f3 por el Covid hac\u00eda un a\u00f1o.\u00a0 El hijo de la mujer, de tres a\u00f1os, se ha quedado bajo el cuidado de Mar\u00eda Luz durante todo este tiempo.\u00a0 Al principio, ella dijo, \u00e9l estaba triste y se negaba a hablar.\u00a0 Ella coment\u00f3 como los otros ni\u00f1os, quienes sab\u00edan que \u201cya no tiene a su mam\u00e1, que se fue con Diosito,\u201d trataban al ni\u00f1o de manera amorosa, como si fuera \u00e9l un miembro de su propia familia y la de Mar\u00eda Luz.\u00a0 \u201cMe ve como si yo fuera su mam\u00e1,\u201d ella dijo.\u00a0 \u201cY yo le tomo mucha atenci\u00f3n al ni\u00f1o. Aqu\u00ed lo pasa bien \u2026 no hablaba casi nada y ahorita habla ya bien, todo, \u00e9l hace su rutina, est\u00e1 bien normal el ni\u00f1o.\u201d<\/p>\n\n\n\n<p>\u201cFue duro para m\u00ed y para ellos y para todos. Pero ahorita ya, gracias a Dios, ya todos est\u00e1n vacunados, los que yo conozco, los que viven aqu\u00ed y yo tambi\u00e9n, y todo est\u00e1 volviendo a la normalidad.\u201d<\/p>\n\n\n\n<p><em>De la transcripci\u00f3n de la entrevista completa, de 2,188 palabras <\/em><em><\/em><\/p>\n","protected":false},"excerpt":{"rendered":"<p class=\"has-text-color\" style=\"color:#981e32;font-size:18px\"><a href=\"#Espanol-About\">En espa\u00f1ol<\/a><\/p>\n<h2 class=\"has-text-color\" style=\"color:#981e32;font-size:24px\">Mar\u00eda Luz<\/h2>\n<h4 class=\"has-normal-font-size\">Quite Normal<\/h4>\n<p><em>They would come here frustrated \u2026 Confined \u2026 they weren\u2019t going anywhere \u2026&nbsp; but I\u2019m seeing that everything is normalized now.<\/em><\/p>\n<p class=\"has-text-color\" style=\"color:#981e32;font-size:18px\">\n<h2 class=\"has-normal-font-size\">About My Picture<\/h2>\n<\/p>\n<p><em>I barely took any pictures this year, this past year, because of Covid and all that, and I was feeling pretty stressed. Rather, I focused only on cleaning, on educating myself, educating the parents, educating the children, that\u2019s what I spent my time on.<\/em>&nbsp;<\/p>\n<p><em>I had little tables and I kept them separated from one another. During summer when it was hot, we would paint &#8230; <a href=\"https:\/\/labs.wsu.edu\/essential\/maria-luz\/\" class=\"more-link\"><span class=\"more-default\">&raquo; More &#8230;<\/span><\/a><\/em><\/p>\n","protected":false},"author":1999,"featured_media":0,"parent":0,"menu_order":0,"comment_status":"closed","ping_status":"closed","template":"","meta":[],"wsuwp_university_location":[],"wsuwp_university_org":[],"_links":{"self":[{"href":"https:\/\/labs.wsu.edu\/essential\/wp-json\/wp\/v2\/pages\/269"}],"collection":[{"href":"https:\/\/labs.wsu.edu\/essential\/wp-json\/wp\/v2\/pages"}],"about":[{"href":"https:\/\/labs.wsu.edu\/essential\/wp-json\/wp\/v2\/types\/page"}],"author":[{"embeddable":true,"href":"https:\/\/labs.wsu.edu\/essential\/wp-json\/wp\/v2\/users\/1999"}],"replies":[{"embeddable":true,"href":"https:\/\/labs.wsu.edu\/essential\/wp-json\/wp\/v2\/comments?post=269"}],"version-history":[{"count":33,"href":"https:\/\/labs.wsu.edu\/essential\/wp-json\/wp\/v2\/pages\/269\/revisions"}],"predecessor-version":[{"id":999,"href":"https:\/\/labs.wsu.edu\/essential\/wp-json\/wp\/v2\/pages\/269\/revisions\/999"}],"wp:attachment":[{"href":"https:\/\/labs.wsu.edu\/essential\/wp-json\/wp\/v2\/media?parent=269"}],"wp:term":[{"taxonomy":"wsuwp_university_location","embeddable":true,"href":"https:\/\/labs.wsu.edu\/essential\/wp-json\/wp\/v2\/wsuwp_university_location?post=269"},{"taxonomy":"wsuwp_university_org","embeddable":true,"href":"https:\/\/labs.wsu.edu\/essential\/wp-json\/wp\/v2\/wsuwp_university_org?post=269"}],"curies":[{"name":"wp","href":"https:\/\/api.w.org\/{rel}","templated":true}]}}