{"id":276,"date":"2022-03-30T10:08:32","date_gmt":"2022-03-30T17:08:32","guid":{"rendered":"https:\/\/labs.wsu.edu\/essential\/?page_id=276"},"modified":"2022-06-06T09:32:25","modified_gmt":"2022-06-06T16:32:25","slug":"maria","status":"publish","type":"page","link":"https:\/\/labs.wsu.edu\/essential\/maria\/","title":{"rendered":"Maria"},"content":{"rendered":"\n<p class=\"has-text-color\" style=\"color:#981e32;font-size:18px\"><a href=\"#Espanol-About\">En espa\u00f1ol<\/a><\/p>\n\n\n\n<div class=\"wp-block-columns is-layout-flex wp-container-3\">\n<div class=\"wp-block-column is-layout-flow\">\n<figure class=\"wp-block-image size-full is-resized\"><img decoding=\"async\" loading=\"lazy\" src=\"https:\/\/s3.wp.wsu.edu\/uploads\/sites\/2921\/2022\/03\/maria.jpg\" alt=\"\" class=\"wp-image-604\" width=\"360\" height=\"480\" srcset=\"https:\/\/wpcdn.web.wsu.edu\/wp-labs\/uploads\/sites\/2921\/2022\/03\/maria.jpg 480w, https:\/\/wpcdn.web.wsu.edu\/wp-labs\/uploads\/sites\/2921\/2022\/03\/maria-396x528.jpg 396w\" sizes=\"(max-width: 360px) 100vw, 360px\" \/><\/figure>\n<\/div>\n\n\n\n<div class=\"wp-block-column is-layout-flow\">\n<h2 class=\"has-text-color wp-block-heading\" style=\"color:#981e32;font-size:24px\">Mar\u00eda<\/h2>\n\n\n\n<h4 class=\"has-normal-font-size wp-block-heading\">Stress and all that<\/h4>\n\n\n\n<p><\/p>\n\n\n\n<p><\/p>\n\n\n\n<p><em>More than a year already!&nbsp; Yeah, it\u2019s enough\u2026God willing this won\u2019t go on for so long.<\/em><\/p>\n\n\n\n<p><\/p>\n\n\n\n<p class=\"has-text-color\" style=\"color:#981e32;font-size:18px\"><\/p>\n<\/div>\n<\/div>\n\n\n\n<h2 class=\"has-normal-font-size wp-block-heading\">About My Picture<\/h2>\n\n\n\n<p><em><em>This photo is always going to remind us of this pandemic, which has made us wear masks and maintain social distancing.&nbsp; I also learned that I missed caring for children, because many moms and many dads weren\u2019t working and didn\u2019t need childcare because of the pandemic.&nbsp; We are always going to remember 2020 and 2021, sadly.<\/em>&nbsp;<\/em><\/p>\n\n\n\n<div style=\"height:20px\" aria-hidden=\"true\" class=\"wp-block-spacer\"><\/div>\n\n\n\n<p class=\"has-normal-font-size\"><strong>Our Interview with Mar\u00eda<\/strong><br>Mar\u00eda has operated her center since 1996. Following the onset of Covid, her enrollment dropped by nearly half because once the older school-age children in her care switched to remote schooling, some families decided to leave their younger children at home with their older siblings.<\/p>\n\n\n\n<p>Mar\u00eda stated that having fewer children was difficult for her financially, and managing children\u2019s occasional emotional flares in reaction to changes and new directives caused her emotional stress. Mar\u00eda further worried whether a parent, a child, or even she could unknowingly pass an infection to the children. \u201cOne has to \u2026 be on top of the kids \u2026 one doesn\u2019t know where [the parents] work, and they could bring the virus, or the children themselves \u2026 or you yourself could bring it and give it to them, couldn\u2019t you?\u201d\u00a0 All this caused Mar\u00eda to feel \u201ca little bit sick\u2026 a lot of stress and all that.\u201d\u00a0<\/p>\n\n\n\n<p>Aware that she needed extra support and care for herself, Mar\u00eda checked with her health insurance company on non-medical benefits. \u201cThey helped me,\u201d she said.\u00a0 \u201c[Now] when I have the chance, I\u2019ll go get massages.\u201d In addition, Mar\u00eda found that a no-cost physical activity, walking, helped her destress. \u201cI go out to walk with my mask on\u2026in the afternoons after the kids leave\u2026that also helps me a lot \u2026 They tell me, \u2018no way, you still have the energy for walking?\u2019 And I say, \u2018well, I\u2019m doing it for my health.\u201d<\/p>\n\n\n\n<p id=\"Espanol-About\"><em>From full interview transcript of 1,304 words<\/em><\/p>\n\n\n\n<div style=\"height:30px\" aria-hidden=\"true\" class=\"wp-block-spacer\"><\/div>\n\n\n\n<div class=\"wp-block-columns is-layout-flex wp-container-6\">\n<div class=\"wp-block-column is-layout-flow\">\n<figure class=\"wp-block-image size-full is-resized\"><img decoding=\"async\" loading=\"lazy\" src=\"https:\/\/s3.wp.wsu.edu\/uploads\/sites\/2921\/2022\/03\/maria.jpg\" alt=\"\" class=\"wp-image-604\" width=\"360\" height=\"480\" srcset=\"https:\/\/wpcdn.web.wsu.edu\/wp-labs\/uploads\/sites\/2921\/2022\/03\/maria.jpg 480w, https:\/\/wpcdn.web.wsu.edu\/wp-labs\/uploads\/sites\/2921\/2022\/03\/maria-396x528.jpg 396w\" sizes=\"(max-width: 360px) 100vw, 360px\" \/><\/figure>\n<\/div>\n\n\n\n<div class=\"wp-block-column is-layout-flow\">\n<h2 class=\"has-text-color wp-block-heading\" style=\"color:#981e32;font-size:24px\">Mar\u00eda<\/h2>\n\n\n\n<h2 class=\"has-normal-font-size wp-block-heading\">El estr\u00e9s y todo eso<\/h2>\n\n\n\n<p><\/p>\n\n\n\n<p><em>\u00a1Ya m\u00e1s de un a\u00f1o!&nbsp; S\u00ed, ya es mucho \u2026 Dios quiera que no sea para tanto tiempo.<\/em>&nbsp;<\/p>\n\n\n\n<p style=\"font-size:24px\"><\/p>\n<\/div>\n<\/div>\n\n\n\n<figure class=\"wp-block-audio\"><audio controls src=\"https:\/\/s3.wp.wsu.edu\/uploads\/sites\/2921\/2022\/04\/mariaO.mp3\"><\/audio><\/figure>\n\n\n\n<h2 class=\"has-normal-font-size wp-block-heading\">Sobre Mi Foto<\/h2>\n\n\n\n<p><em><em>Esta foto siempre nos va a recordar a esta pandemia que nos ha hecho traer mascarilla y mantener distanciamiento social. Tambi\u00e9n aprend\u00ed que extra\u00f1\u00e9 el cuidado de ni\u00f1os porque muchas mam\u00e1s y muchos pap\u00e1s no trabajaron y no ocuparon el cuidado por el motivo de la pandemia. Siempre vamos a recordar el 2020 y 2021, tristemente.<\/em>&nbsp;<\/em><\/p>\n\n\n\n<div style=\"height:20px\" aria-hidden=\"true\" class=\"wp-block-spacer\"><\/div>\n\n\n\n<p><strong>Nuestra Entrevista con Mar\u00eda<\/strong><br>Mar\u00eda maneja su centro desde 1996. Despu\u00e9s del inicio de Covid, sus inscripciones bajaron a casi la mitad, porque cuando los ni\u00f1os de edad escolar cambiaron a clases remotas, algunas familias decidieron dejar a sus hijos menores en casa con sus hermanos mayores.<\/p>\n\n\n\n<p>Mar\u00eda afirm\u00f3 que tener menos ni\u00f1os fue dif\u00edcil para ella, econ\u00f3micamente, y tener que manejar los ocasionales brotes emocionales de los ni\u00f1os, que surg\u00edan en respuesta a cambios y nuevos directivos, le causaron a ella estr\u00e9s sentimental.\u00a0 Adem\u00e1s, Mar\u00eda se preocupaba por la posibilidad de que un padre de familia, un ni\u00f1o o hasta ella misma pudiera, sin darse cuenta, pasar una infecci\u00f3n a los ni\u00f1os.\u00a0 \u201cTiene uno que \u2026. estar al pendiente de los ni\u00f1os \u2026 no sabe uno donde trabajan [los padres] y que pueden traer el virus \u2026 o los mismos ni\u00f1os \u2026 o tambi\u00e9n uno puede traerlo y d\u00e1rselo a ellos, \u00bfverdad?&#8221;\u00a0 Todo esto hizo que Mar\u00eda se sintiera \u201cun poco mal &#8230; mucho estr\u00e9s y todo eso.\u201d<\/p>\n\n\n\n<p>Consciente de que le hac\u00edan falta apoyo y cuidado adicionales para ella misma, Mar\u00eda averigu\u00f3 con su compa\u00f1\u00eda de seguro m\u00e9dico sobre beneficios no-m\u00e9dicos.\u00a0 \u201cMe ayudaron,\u201d ella dijo.\u00a0 \u201c[Ahora] chanza que tengo, yo voy a que me den masajes.\u201d\u00a0 Adem\u00e1s, Mar\u00eda descubri\u00f3 que una actividad f\u00edsica gratuita, caminar, le ayudaba a desestresarse.\u00a0 \u201cYo salgo a caminar con mi m\u00e1scara &#8230; en las tardes cuando yo entrego a los ni\u00f1os &#8230; tambi\u00e9n eso me ayuda mucho \u2026 Me dicen, \u2018\u00bfa poco, todav\u00eda sales con \u00e1nimo de ir a caminar?\u2019 Y digo, \u2018pues, a hacerlo por la salud de uno.\u2019\u201d<\/p>\n\n\n\n<p><em>De la transcripci\u00f3n de la entrevista completa, de 1,304 palabras<\/em><\/p>\n","protected":false},"excerpt":{"rendered":"<p>En espa\u00f1ol Mar\u00eda Stress and all that More than a year already!&nbsp; Yeah, it\u2019s enough\u2026God willing this won\u2019t go on for so long. About My Picture This photo is always going to remind us of this pandemic, which has made us wear masks and maintain social distancing.&nbsp; I also learned that I missed caring for [&hellip;]<\/p>\n","protected":false},"author":1999,"featured_media":0,"parent":0,"menu_order":0,"comment_status":"closed","ping_status":"closed","template":"","meta":[],"categories":[],"tags":[],"wsuwp_university_location":[],"wsuwp_university_org":[],"_links":{"self":[{"href":"https:\/\/labs.wsu.edu\/essential\/wp-json\/wp\/v2\/pages\/276"}],"collection":[{"href":"https:\/\/labs.wsu.edu\/essential\/wp-json\/wp\/v2\/pages"}],"about":[{"href":"https:\/\/labs.wsu.edu\/essential\/wp-json\/wp\/v2\/types\/page"}],"author":[{"embeddable":true,"href":"https:\/\/labs.wsu.edu\/essential\/wp-json\/wp\/v2\/users\/1999"}],"replies":[{"embeddable":true,"href":"https:\/\/labs.wsu.edu\/essential\/wp-json\/wp\/v2\/comments?post=276"}],"version-history":[{"count":22,"href":"https:\/\/labs.wsu.edu\/essential\/wp-json\/wp\/v2\/pages\/276\/revisions"}],"predecessor-version":[{"id":997,"href":"https:\/\/labs.wsu.edu\/essential\/wp-json\/wp\/v2\/pages\/276\/revisions\/997"}],"wp:attachment":[{"href":"https:\/\/labs.wsu.edu\/essential\/wp-json\/wp\/v2\/media?parent=276"}],"wp:term":[{"taxonomy":"category","embeddable":true,"href":"https:\/\/labs.wsu.edu\/essential\/wp-json\/wp\/v2\/categories?post=276"},{"taxonomy":"post_tag","embeddable":true,"href":"https:\/\/labs.wsu.edu\/essential\/wp-json\/wp\/v2\/tags?post=276"},{"taxonomy":"wsuwp_university_location","embeddable":true,"href":"https:\/\/labs.wsu.edu\/essential\/wp-json\/wp\/v2\/wsuwp_university_location?post=276"},{"taxonomy":"wsuwp_university_org","embeddable":true,"href":"https:\/\/labs.wsu.edu\/essential\/wp-json\/wp\/v2\/wsuwp_university_org?post=276"}],"curies":[{"name":"wp","href":"https:\/\/api.w.org\/{rel}","templated":true}]}}