{"id":327,"date":"2022-03-26T15:01:29","date_gmt":"2022-03-26T22:01:29","guid":{"rendered":"https:\/\/labs.wsu.edu\/essential\/?page_id=327"},"modified":"2022-04-20T14:55:25","modified_gmt":"2022-04-20T21:55:25","slug":"evelina-2","status":"publish","type":"page","link":"https:\/\/labs.wsu.edu\/essential\/evelina-2\/","title":{"rendered":"Evelina"},"content":{"rendered":"\n<p class=\"has-text-color\" style=\"color:#981e32;font-size:18px\"><a href=\"#Espanol-About\">En espa\u00f1ol<\/a><\/p>\n\n\n\n<div class=\"wp-block-columns is-layout-flex wp-container-3\">\n<div class=\"wp-block-column is-layout-flow\" style=\"flex-basis:66.66%\">\n<figure class=\"wp-block-image size-full is-resized\"><img decoding=\"async\" loading=\"lazy\" src=\"https:\/\/s3.wp.wsu.edu\/uploads\/sites\/2921\/2022\/03\/evelina.jpg\" alt=\"\" class=\"wp-image-504\" width=\"480\" height=\"360\" srcset=\"https:\/\/wpcdn.web.wsu.edu\/wp-labs\/uploads\/sites\/2921\/2022\/03\/evelina.jpg 480w, https:\/\/wpcdn.web.wsu.edu\/wp-labs\/uploads\/sites\/2921\/2022\/03\/evelina-396x297.jpg 396w\" sizes=\"(max-width: 480px) 100vw, 480px\" \/><\/figure>\n<\/div>\n\n\n\n<div class=\"wp-block-column is-layout-flow\" style=\"flex-basis:33.33%\">\n<h2 class=\"has-text-color wp-block-heading\" style=\"color:#981e32;font-size:24px\">Evelina<\/h2>\n\n\n\n<p class=\"has-normal-font-size\"><strong>Turning Children Away<\/strong><\/p>\n\n\n\n<h4 class=\"has-medium-font-size wp-block-heading\"><\/h4>\n\n\n\n<p><em>I love the work of being with the kids.\u00a0 And it\u2019s what I like and it\u2019s what I do.<\/em><\/p>\n<\/div>\n<\/div>\n\n\n\n<h2 class=\"has-normal-font-size wp-block-heading\">About My Picture<\/h2>\n\n\n\n<p><em>The picture is about the kids, I have bigger kids and littler ones, and the picture shows I put a mask on each child and there they are drawing.&nbsp; But the difference is that they\u2019re wearing their mask, of course.<\/em> <em>They\u2019re excited there, coloring, and they are leaving their masks on.<\/em> <em>I also put on a mask, but I didn\u2019t put myself in the picture, just the kids, and it\u2019s about them, about protecting them.<\/em> <em>And if we go out walking too, sometimes here nearby, they put it on and don\u2019t object.<\/em><\/p>\n\n\n\n<div style=\"height:20px\" aria-hidden=\"true\" class=\"wp-block-spacer\"><\/div>\n\n\n\n<h4 class=\"has-normal-font-size wp-block-heading\">Our Interview with Evelina<\/h4>\n\n\n\n<p>Among the various challenges associated with pandemic protocols, Evelina said that adjusting to parents\u2019 priorities and needs was most difficult: \u201cThey have to work \u2026 for them, first it\u2019s their jobs and then it\u2019s the children\u2026they have to fulfill their work obligations and leave their kids with us.\u201d<\/p>\n\n\n\n<p>She said that parents worried about losing their jobs if they stayed home to take care of their sick children, but Evelina had to be firm on turning children away from her care when they showed signs of illness. Adherence to protocol came at a cost: at one point, half the children Evelina normally cared for showed concerning symptoms, and when she told the parents she could not care for symptomatic children, they removed them from her care. \u201cThose parents cannot miss work,\u201d she said, \u201cso they left to go with another provider\u2026to not lose their jobs, you see.\u201d<\/p>\n\n\n\n<p>As a small business, losing half her enrollment took a financial toll, and Evelina also suffered emotionally from losing children who had been with her for years. \u201cIt\u2019s difficult,\u201d she said, \u201cYou\u2019ve already had them for a long time\u2026a long time.\u201d Despite the costs, Evelina believed that she made the right decision by turning away symptomatic children and by getting herself and her spouse vaccinated early because no one in her center or family got sick. In the months since, Evelina\u2019s center has rebounded to full capacity, and she said, \u201cNow, thank God, I have all six [kids].\u201d<\/p>\n\n\n\n<p id=\"Espanol-About\"><em>From full interview transcript of 1,346 words<\/em><\/p>\n\n\n\n<div style=\"height:30px\" aria-hidden=\"true\" class=\"wp-block-spacer\"><\/div>\n\n\n\n<div class=\"wp-block-columns is-layout-flex wp-container-6\">\n<div class=\"wp-block-column is-layout-flow\" style=\"flex-basis:66.66%\">\n<figure class=\"wp-block-image size-full is-resized\"><img decoding=\"async\" loading=\"lazy\" src=\"https:\/\/s3.wp.wsu.edu\/uploads\/sites\/2921\/2022\/03\/evelina.jpg\" alt=\"\" class=\"wp-image-504\" width=\"480\" height=\"360\" srcset=\"https:\/\/wpcdn.web.wsu.edu\/wp-labs\/uploads\/sites\/2921\/2022\/03\/evelina.jpg 480w, https:\/\/wpcdn.web.wsu.edu\/wp-labs\/uploads\/sites\/2921\/2022\/03\/evelina-396x297.jpg 396w\" sizes=\"(max-width: 480px) 100vw, 480px\" \/><\/figure>\n<\/div>\n\n\n\n<div class=\"wp-block-column is-layout-flow\" style=\"flex-basis:33.33%\">\n<h2 class=\"has-text-color wp-block-heading\" style=\"color:#981e32;font-size:24px\"><br>Evelina<\/h2>\n\n\n\n<h4 class=\"has-normal-font-size wp-block-heading\">Neg\u00e1ndoles la entrada a los ni\u00f1os<\/h4>\n\n\n\n<p><\/p>\n\n\n\n<p><em>Me encanta el trabajo de estar con los ni\u00f1os. Y es lo que me gusta y lo que hago.<\/em><\/p>\n<\/div>\n<\/div>\n\n\n\n<figure class=\"wp-block-audio\"><audio controls src=\"https:\/\/s3.wp.wsu.edu\/uploads\/sites\/2921\/2022\/03\/evelina.mp3\"><\/audio><\/figure>\n\n\n\n<h2 class=\"has-normal-font-size wp-block-heading\">Sobre Mi Foto<\/h2>\n\n\n\n<p><em>La foto se trata de los ni\u00f1os, tengo ni\u00f1os grandecitos y chiquitos, y la foto se trata de que les puse una mascarita a cada ni\u00f1o y all\u00ed est\u00e1n ellos dibujando. Pero la diferencia es que tienen su mascarita, por supuesto.<\/em> <em>Ellos est\u00e1n emocionados all\u00ed, coloreando, y ellos se dejan su mascarita.<\/em> <em>Yo tambi\u00e9n me pongo m\u00e1scara, pero no me puse yo en la foto. nom\u00e1s los ni\u00f1os, y se trata de ellos, para protegerlos a ellos.<\/em> <em>Y si salimos a caminar, tambi\u00e9n, a veces aqu\u00ed cerquita, ellos se la ponen y no dicen nada.<\/em><\/p>\n\n\n\n<div style=\"height:20px\" aria-hidden=\"true\" class=\"wp-block-spacer\"><\/div>\n\n\n\n<p class=\"has-normal-font-size\"><strong>Nuestra Entrevista con Evelina<\/strong><br>Entre los varios retos asociados con los protocolos pand\u00e9micos, Evelina dijo que ajustarse a las prioridades y necesidades de los padres de familia fue lo m\u00e1s dif\u00edcil:&nbsp; \u201cEllos tienen que trabajar &#8230; [para] ellos, primero es su trabajo y ya luego los ni\u00f1os &#8230; tienen que cumplir con su trabajo ellos, y dejar a los ni\u00f1os con nosotros.\u201d<\/p>\n\n\n\n<p>Ella dijo que los padres se preocupaban por perder sus empleos si se quedaban a cuidar a sus hijos enfermos, pero Evelina tuvo que ser firme al prohibir que entraran los ni\u00f1os al centro de cuidado cuando mostraban s\u00edntomas de enfermedad.&nbsp; Su adherencia al protocolo tuvo un costo:&nbsp; en un momento dado, la mitad de los ni\u00f1os a los que sol\u00eda cuidar Evelina ten\u00edan s\u00edntomas preocupantes, y cuando ella les dijo a los padres que ella no pod\u00eda cuidar a ni\u00f1os con s\u00edntomas, ellos los retiraron de su cuidado.&nbsp; \u201cEllos son padres que no pueden faltar,\u201d ella dijo, \u201c[entonces] se me fueron con otra proveedora &#8230; por ellos no perder, f\u00edjese, el trabajo.\u201d<\/p>\n\n\n\n<p>Siendo un negocio peque\u00f1o, perder la mitad de sus inscripciones tuvo un costo financiero, y Evelina tambi\u00e9n sufri\u00f3 sentimentalmente al perder a ni\u00f1os que llevaban a\u00f1os con ella.&nbsp; \u201cEs dif\u00edcil, \u201cYa tiene [uno] a los ni\u00f1os por mucho tiempo &#8230; mucho tiempo.\u201d&nbsp; A pesar de los costos, Evelina crey\u00f3 que tom\u00f3 la decisi\u00f3n correcta al prohibirles la entrada a los ni\u00f1os sintom\u00e1ticos, y al vacunarse su esposo y ella misma temprano, ya que nadie en su centro ni en su familia se enferm\u00f3.&nbsp; En los meses desde entonces, el centro de Evelina se ha recuperado a su cupo completo, y ella dijo, \u201cGracias a Dios, ya tengo a los seis [ni\u00f1os].\u201d<\/p>\n\n\n\n<p><em>De la transcripci\u00f3n de la entrevista completa, de 1,346 palabras<\/em><\/p>\n","protected":false},"excerpt":{"rendered":"<p class=\"has-text-color\" style=\"color:#981e32;font-size:18px\"><a href=\"#Espanol-About\">En espa\u00f1ol<\/a><\/p>\n<p><img decoding=\"async\" loading=\"lazy\" src=\"https:\/\/s3.wp.wsu.edu\/uploads\/sites\/2921\/2022\/03\/evelina.jpg\" alt=\"\" class=\"wp-image-504\" width=\"480\" height=\"360\" srcset=\"https:\/\/wpcdn.web.wsu.edu\/wp-labs\/uploads\/sites\/2921\/2022\/03\/evelina.jpg 480w, https:\/\/wpcdn.web.wsu.edu\/wp-labs\/uploads\/sites\/2921\/2022\/03\/evelina-396x297.jpg 396w\" sizes=\"(max-width: 480px) 100vw, 480px\" \/><\/p>\n<h2 class=\"has-text-color\" style=\"color:#981e32;font-size:24px\">Evelina<\/h2>\n<p class=\"has-normal-font-size\"><strong>Turning Children Away<\/strong><\/p>\n<h4 class=\"has-medium-font-size\"><\/h4>\n<p><em>I love the work of being with the kids.\u00a0 And it\u2019s what I like and it\u2019s what I do.<\/em><\/p>\n<h2 class=\"has-normal-font-size\">About My Picture<\/h2>\n<p><em>The picture is about the kids, I have bigger kids and littler ones, and the picture shows I put a mask on each child and there they are drawing.&nbsp; But the difference is that they\u2019re wearing their mask, of course.<\/em> <em>They\u2019re excited there, coloring, and they are leaving their masks on.<\/em> &#8230; <a href=\"https:\/\/labs.wsu.edu\/essential\/evelina-2\/\" class=\"more-link\"><span class=\"more-default\">&raquo; More &#8230;<\/span><\/a><\/p>\n","protected":false},"author":1999,"featured_media":0,"parent":0,"menu_order":0,"comment_status":"closed","ping_status":"closed","template":"","meta":[],"wsuwp_university_location":[],"wsuwp_university_org":[],"_links":{"self":[{"href":"https:\/\/labs.wsu.edu\/essential\/wp-json\/wp\/v2\/pages\/327"}],"collection":[{"href":"https:\/\/labs.wsu.edu\/essential\/wp-json\/wp\/v2\/pages"}],"about":[{"href":"https:\/\/labs.wsu.edu\/essential\/wp-json\/wp\/v2\/types\/page"}],"author":[{"embeddable":true,"href":"https:\/\/labs.wsu.edu\/essential\/wp-json\/wp\/v2\/users\/1999"}],"replies":[{"embeddable":true,"href":"https:\/\/labs.wsu.edu\/essential\/wp-json\/wp\/v2\/comments?post=327"}],"version-history":[{"count":41,"href":"https:\/\/labs.wsu.edu\/essential\/wp-json\/wp\/v2\/pages\/327\/revisions"}],"predecessor-version":[{"id":931,"href":"https:\/\/labs.wsu.edu\/essential\/wp-json\/wp\/v2\/pages\/327\/revisions\/931"}],"wp:attachment":[{"href":"https:\/\/labs.wsu.edu\/essential\/wp-json\/wp\/v2\/media?parent=327"}],"wp:term":[{"taxonomy":"wsuwp_university_location","embeddable":true,"href":"https:\/\/labs.wsu.edu\/essential\/wp-json\/wp\/v2\/wsuwp_university_location?post=327"},{"taxonomy":"wsuwp_university_org","embeddable":true,"href":"https:\/\/labs.wsu.edu\/essential\/wp-json\/wp\/v2\/wsuwp_university_org?post=327"}],"curies":[{"name":"wp","href":"https:\/\/api.w.org\/{rel}","templated":true}]}}