{"id":35,"date":"2022-02-06T17:06:32","date_gmt":"2022-02-07T01:06:32","guid":{"rendered":"https:\/\/labs.wsu.edu\/essential\/?page_id=35"},"modified":"2026-04-20T10:02:57","modified_gmt":"2026-04-20T17:02:57","slug":"project-team","status":"publish","type":"page","link":"https:\/\/labs.wsu.edu\/essential\/project-team\/","title":{"rendered":"Contact Our Team"},"content":{"rendered":"\n<h2 class=\"wp-block-heading\" style=\"font-size:24px\">Our Team<\/h2>\n\n\n\n<p>In alphabetical order<\/p>\n\n\n\n<div style=\"height:20px\" aria-hidden=\"true\" class=\"wp-block-spacer\"><\/div>\n\n\n\n<div class=\"wp-block-columns is-layout-flex wp-container-3\">\n<div class=\"wp-block-column is-layout-flow\" style=\"flex-basis:33.33%\">\n<figure class=\"wp-block-image size-large\"><img decoding=\"async\" loading=\"lazy\" width=\"254\" height=\"240\" src=\"https:\/\/s3.wp.wsu.edu\/uploads\/sites\/2921\/2022\/03\/image.png\" alt=\"\" class=\"wp-image-668\"\/><\/figure>\n<\/div>\n\n\n\n<div class=\"wp-block-column is-layout-flow\" style=\"flex-basis:66.66%\">\n<h3 class=\"wp-block-heading\">Maria Galindo Cordova <\/h3>\n\n\n\n<h4 class=\"wp-block-heading\">(Student in Education &amp; Humanities)<\/h4>\n\n\n\n<p>My activities in this project include recruitment, scheduling and other logistical support; I am also the voice for the recorded vignettes. I am studying to become a Spanish teacher.<\/p>\n\n\n\n<h4 class=\"wp-block-heading\">(Estudiante, Education &amp; Humanities [Educaci\u00f3n y Humanidades)<\/h4>\n\n\n\n<p>Mis actividades en este proyecto incluyen el reclutamiento, la programaci\u00f3n y otros apoyos log\u00edsticos; tambi\u00e9n soy la voz de las vi\u00f1etas grabadas.\u00a0 Me preparo para ser profesora de espa\u00f1ol.<\/p>\n<\/div>\n<\/div>\n\n\n\n<div class=\"wp-block-columns is-layout-flex wp-container-6\">\n<div class=\"wp-block-column is-layout-flow\" style=\"flex-basis:33.33%\">\n<figure class=\"wp-block-image size-large\"><img decoding=\"async\" loading=\"lazy\" width=\"220\" height=\"237\" src=\"https:\/\/s3.wp.wsu.edu\/uploads\/sites\/2921\/2022\/03\/image-1.png\" alt=\"\" class=\"wp-image-669\"\/><\/figure>\n<\/div>\n\n\n\n<div class=\"wp-block-column is-layout-flow\" style=\"flex-basis:66.66%\">\n<h3 class=\"wp-block-heading\"><a href=\"https:\/\/directory.vancouver.wsu.edu\/people\/cassandra-gulam\">Cassandra Gulam<\/a> <\/h3>\n\n\n\n<h4 class=\"wp-block-heading\">(Faculty in Languages, Cultures, and Race)<\/h4>\n\n\n\n<p>I am the project translator, and conducted all the Spanish-language provider interviews. At WSU, I teach a wide variety of undergraduate Spanish courses and promote community-engaged learning.<\/p>\n\n\n\n<h4 class=\"wp-block-heading\">(Profesora, Languages, Cultures, and Race [Lenguas, Culturas y Raza])<\/h4>\n\n\n\n<p>Soy la traductora del proyecto y llev\u00e9 a cabo todas las entrevistas con las proveedoras de habla hispana.\u00a0 En WSU, imparto una gran variedad de cursos de espa\u00f1ol a nivel licenciatura, y promuevo el aprendizaje comprometido con la comunidad.<\/p>\n<\/div>\n<\/div>\n\n\n\n<div class=\"wp-block-columns is-layout-flex wp-container-9\">\n<div class=\"wp-block-column is-layout-flow\" style=\"flex-basis:33.33%\">\n<figure class=\"wp-block-image size-large\"><img decoding=\"async\" loading=\"lazy\" width=\"231\" height=\"252\" src=\"https:\/\/s3.wp.wsu.edu\/uploads\/sites\/2921\/2022\/03\/image-2.png\" alt=\"\" class=\"wp-image-671\"\/><\/figure>\n<\/div>\n\n\n\n<div class=\"wp-block-column is-layout-flow\" style=\"flex-basis:66.66%\">\n<h3 class=\"wp-block-heading\"><a href=\"https:\/\/labs.wsu.edu\/field\/\">Harrison Higgs<\/a> <\/h3>\n\n\n\n<h4 class=\"wp-block-heading\">(Faculty in Fine Arts) <\/h4>\n\n\n\n<p>For this project I produced the website and accompanying print exhibit.\u00a0Though I have collaborated\u00a0on multimedia content before, my primary activities are sculpture and photography.\u00a0<\/p>\n\n\n\n<h4 class=\"wp-block-heading\">(Profesor, Fine Arts [Bellas Artes])<\/h4>\n\n\n\n<p>Para este proyecto, yo produje el sitio web y la exhibici\u00f3n impresa que lo acompa\u00f1a.\u00a0 Aunque he colaborado anteriormente en contenido multimedi\u00e1tico, mis actividades primarias son la escultura y la fotograf\u00eda.<\/p>\n<\/div>\n<\/div>\n\n\n\n<div class=\"wp-block-columns is-layout-flex wp-container-12\">\n<div class=\"wp-block-column is-layout-flow\" style=\"flex-basis:33.33%\">\n<figure class=\"wp-block-image size-large\"><img decoding=\"async\" loading=\"lazy\" width=\"252\" height=\"252\" src=\"https:\/\/s3.wp.wsu.edu\/uploads\/sites\/2921\/2022\/03\/image-3.png\" alt=\"\" class=\"wp-image-673\" srcset=\"https:\/\/wpcdn.web.wsu.edu\/wp-labs\/uploads\/sites\/2921\/2022\/03\/image-3.png 252w, https:\/\/wpcdn.web.wsu.edu\/wp-labs\/uploads\/sites\/2921\/2022\/03\/image-3-198x198.png 198w\" sizes=\"(max-width: 252px) 100vw, 252px\" \/><\/figure>\n<\/div>\n\n\n\n<div class=\"wp-block-column is-layout-flow\" style=\"flex-basis:66.66%\">\n<h3 class=\"wp-block-heading\"><a href=\"https:\/\/directory.vancouver.wsu.edu\/people\/elizabeth-soliday\">Elizabeth Soliday<\/a> <\/h3>\n\n\n\n<h4 class=\"wp-block-heading\">(Emeritus Faculty in Human Development, Project Lead) <\/h4>\n\n\n\n<p>My role in this project is leading the team, organizing, interviewing, and writing. My primary work activities are teaching undergraduate courses and studying the well-being of caregivers. <\/p>\n\n\n\n<h4 class=\"wp-block-heading\">(Profesora Em\u00e9rita, Human Development [Desarrollo Humano]; Directora de Proyecto)<\/h4>\n\n\n\n<p>Mi papel en este proyecto constituye de proveer liderazgo para el equipo, organizar, entrevistar y redactar.\u00a0 Mis actividades laborales principales son la ense\u00f1anza de cursos a nivel licenciatura y el estudio del bienestar de los y las cuidadores.<\/p>\n<\/div>\n<\/div>\n\n\n<script type=\"text\/javascript\">var gform;gform||(document.addEventListener(\"gform_main_scripts_loaded\",function(){gform.scriptsLoaded=!0}),window.addEventListener(\"DOMContentLoaded\",function(){gform.domLoaded=!0}),gform={domLoaded:!1,scriptsLoaded:!1,initializeOnLoaded:function(o){gform.domLoaded&&gform.scriptsLoaded?o():!gform.domLoaded&&gform.scriptsLoaded?window.addEventListener(\"DOMContentLoaded\",o):document.addEventListener(\"gform_main_scripts_loaded\",o)},hooks:{action:{},filter:{}},addAction:function(o,n,r,t){gform.addHook(\"action\",o,n,r,t)},addFilter:function(o,n,r,t){gform.addHook(\"filter\",o,n,r,t)},doAction:function(o){gform.doHook(\"action\",o,arguments)},applyFilters:function(o){return gform.doHook(\"filter\",o,arguments)},removeAction:function(o,n){gform.removeHook(\"action\",o,n)},removeFilter:function(o,n,r){gform.removeHook(\"filter\",o,n,r)},addHook:function(o,n,r,t,i){null==gform.hooks[o][n]&&(gform.hooks[o][n]=[]);var e=gform.hooks[o][n];null==i&&(i=n+\"_\"+e.length),gform.hooks[o][n].push({tag:i,callable:r,priority:t=null==t?10:t})},doHook:function(n,o,r){var t;if(r=Array.prototype.slice.call(r,1),null!=gform.hooks[n][o]&&((o=gform.hooks[n][o]).sort(function(o,n){return o.priority-n.priority}),o.forEach(function(o){\"function\"!=typeof(t=o.callable)&&(t=window[t]),\"action\"==n?t.apply(null,r):r[0]=t.apply(null,r)})),\"filter\"==n)return r[0]},removeHook:function(o,n,t,i){var r;null!=gform.hooks[o][n]&&(r=(r=gform.hooks[o][n]).filter(function(o,n,r){return!!(null!=i&&i!=o.tag||null!=t&&t!=o.priority)}),gform.hooks[o][n]=r)}});<\/script>\n                <div class='gf_browser_gecko gform_wrapper gravity-theme' id='gform_wrapper_3' >\n                        <div class='gform_heading'>\n                            <h2 class=\"gform_title\">Contact our Team<\/h2>\n                            <span class='gform_description'><\/span>\n                        <\/div><form method='post' enctype='multipart\/form-data'  id='gform_3'  action='\/essential\/wp-json\/wp\/v2\/pages\/35' >\n                        <div class='gform_body gform-body'><div id='gform_fields_3' class='gform_fields top_label form_sublabel_below description_below'><div id=\"field_3_1\"  class=\"gfield gfield_contains_required field_sublabel_below field_description_below gfield_visibility_visible\"  data-js-reload=\"field_3_1\"><label class='gfield_label' for='input_3_1' >Your Name<span class=\"gfield_required\"><span class=\"gfield_required gfield_required_text\">(Required)<\/span><\/span><\/label><div class='ginput_container ginput_container_text'><input name='input_1' id='input_3_1' type='text' value='' class='large' maxlength='50'    aria-required=\"true\" aria-invalid=\"false\"   \/> <\/div><\/div><div id=\"field_3_2\"  class=\"gfield gfield_contains_required field_sublabel_below field_description_below gfield_visibility_visible\"  data-js-reload=\"field_3_2\"><label class='gfield_label' for='input_3_2' >E-mail<span class=\"gfield_required\"><span class=\"gfield_required gfield_required_text\">(Required)<\/span><\/span><\/label><div class='ginput_container ginput_container_text'><input name='input_2' id='input_3_2' type='text' value='' class='medium' maxlength='35'    aria-required=\"true\" aria-invalid=\"false\"   \/> <\/div><\/div><div id=\"field_3_3\"  class=\"gfield gfield_contains_required field_sublabel_below field_description_below gfield_visibility_visible\"  data-js-reload=\"field_3_3\"><label class='gfield_label' for='input_3_3' >Phone Number<span class=\"gfield_required\"><span class=\"gfield_required gfield_required_text\">(Required)<\/span><\/span><\/label><div class='ginput_container ginput_container_text'><input name='input_3' id='input_3_3' type='text' value='' class='medium'     aria-required=\"true\" aria-invalid=\"false\"   \/> <\/div><\/div><div id=\"field_3_4\"  class=\"gfield gfield_contains_required field_sublabel_below field_description_below gfield_visibility_visible\"  data-js-reload=\"field_3_4\"><label class='gfield_label' for='input_3_4' >Choose one of the following that describes you best:<span class=\"gfield_required\"><span class=\"gfield_required gfield_required_text\">(Required)<\/span><\/span><\/label><div class='ginput_container ginput_container_select'><select name='input_4' id='input_3_4' class='medium gfield_select'    aria-required=\"true\" aria-invalid=\"false\" ><option value='Child care provider' >Child care provider<\/option><option value='Child care professional (not a provider)' >Child care professional (not a provider)<\/option><option value='Parent' >Parent<\/option><option value='Other' >Other<\/option><\/select><\/div><\/div><div id=\"field_3_5\"  class=\"gfield gfield_contains_required field_sublabel_below field_description_below gfield_visibility_visible\"  data-js-reload=\"field_3_5\"><label class='gfield_label' for='input_3_5' >Your main reason for contacting us:<span class=\"gfield_required\"><span class=\"gfield_required gfield_required_text\">(Required)<\/span><\/span><\/label><div class='ginput_container ginput_container_select'><select name='input_5' id='input_3_5' class='medium gfield_select'    aria-required=\"true\" aria-invalid=\"false\" ><option value='I would like to interview in English' >I would like to interview in English<\/option><option value='I would like to interviw in Spanish' >I would like to interviw in Spanish<\/option><option value='I have questions about the project' >I have questions about the project<\/option><option value='Other' >Other<\/option><\/select><\/div><\/div><\/div><\/div>\n        <div class='gform_footer top_label'> <input type='submit' id='gform_submit_button_3' class='gform_button button' value='Submit'  onclick='if(window[\"gf_submitting_3\"]){return false;}  window[\"gf_submitting_3\"]=true;  ' onkeypress='if( event.keyCode == 13 ){ if(window[\"gf_submitting_3\"]){return false;} window[\"gf_submitting_3\"]=true;  jQuery(\"#gform_3\").trigger(\"submit\",[true]); }' \/> \n            <input type='hidden' class='gform_hidden' name='is_submit_3' value='1' \/>\n            <input type='hidden' class='gform_hidden' name='gform_submit' value='3' \/>\n            \n            <input type='hidden' class='gform_hidden' name='gform_unique_id' value='' \/>\n            <input type='hidden' class='gform_hidden' name='state_3' value='WyJbXSIsImJkOGE2MmFmZDEyYzNjM2UzZGFjYzcwMmIzMmEzNzc0Il0=' \/>\n            <input type='hidden' class='gform_hidden' name='gform_target_page_number_3' id='gform_target_page_number_3' value='0' \/>\n            <input type='hidden' class='gform_hidden' name='gform_source_page_number_3' id='gform_source_page_number_3' value='1' \/>\n            <input type='hidden' name='gform_field_values' value='' \/>\n            \n        <\/div>\n                        <p style=\"display: none !important;\"><label>&#916;<textarea name=\"ak_hp_textarea\" cols=\"45\" rows=\"8\" maxlength=\"100\"><\/textarea><\/label><input type=\"hidden\" id=\"ak_js_1\" name=\"ak_js\" value=\"122\"\/><script>document.getElementById( \"ak_js_1\" ).setAttribute( \"value\", ( new Date() ).getTime() );<\/script><\/p><\/form>\n                        <\/div>","protected":false},"excerpt":{"rendered":"<p>Our Team In alphabetical order Maria Galindo Cordova (Student in Education &amp; Humanities) My activities in this project include recruitment, scheduling and other logistical support; I am also the voice for the recorded vignettes. I am studying to become a Spanish teacher. (Estudiante, Education &amp; Humanities [Educaci\u00f3n y Humanidades) Mis actividades en este proyecto incluyen [&hellip;]<\/p>\n","protected":false},"author":1999,"featured_media":0,"parent":0,"menu_order":0,"comment_status":"closed","ping_status":"closed","template":"","meta":[],"categories":[],"tags":[],"wsuwp_university_location":[],"wsuwp_university_org":[],"_links":{"self":[{"href":"https:\/\/labs.wsu.edu\/essential\/wp-json\/wp\/v2\/pages\/35"}],"collection":[{"href":"https:\/\/labs.wsu.edu\/essential\/wp-json\/wp\/v2\/pages"}],"about":[{"href":"https:\/\/labs.wsu.edu\/essential\/wp-json\/wp\/v2\/types\/page"}],"author":[{"embeddable":true,"href":"https:\/\/labs.wsu.edu\/essential\/wp-json\/wp\/v2\/users\/1999"}],"replies":[{"embeddable":true,"href":"https:\/\/labs.wsu.edu\/essential\/wp-json\/wp\/v2\/comments?post=35"}],"version-history":[{"count":25,"href":"https:\/\/labs.wsu.edu\/essential\/wp-json\/wp\/v2\/pages\/35\/revisions"}],"predecessor-version":[{"id":1097,"href":"https:\/\/labs.wsu.edu\/essential\/wp-json\/wp\/v2\/pages\/35\/revisions\/1097"}],"wp:attachment":[{"href":"https:\/\/labs.wsu.edu\/essential\/wp-json\/wp\/v2\/media?parent=35"}],"wp:term":[{"taxonomy":"category","embeddable":true,"href":"https:\/\/labs.wsu.edu\/essential\/wp-json\/wp\/v2\/categories?post=35"},{"taxonomy":"post_tag","embeddable":true,"href":"https:\/\/labs.wsu.edu\/essential\/wp-json\/wp\/v2\/tags?post=35"},{"taxonomy":"wsuwp_university_location","embeddable":true,"href":"https:\/\/labs.wsu.edu\/essential\/wp-json\/wp\/v2\/wsuwp_university_location?post=35"},{"taxonomy":"wsuwp_university_org","embeddable":true,"href":"https:\/\/labs.wsu.edu\/essential\/wp-json\/wp\/v2\/wsuwp_university_org?post=35"}],"curies":[{"name":"wp","href":"https:\/\/api.w.org\/{rel}","templated":true}]}}