{"id":359,"date":"2022-03-30T11:31:21","date_gmt":"2022-03-30T18:31:21","guid":{"rendered":"https:\/\/labs.wsu.edu\/essential\/?page_id=359"},"modified":"2022-04-20T15:01:23","modified_gmt":"2022-04-20T22:01:23","slug":"raquel","status":"publish","type":"page","link":"https:\/\/labs.wsu.edu\/essential\/raquel\/","title":{"rendered":"Raquel"},"content":{"rendered":"\n<p class=\"has-text-color\" style=\"color:#981e32;font-size:18px\"><a href=\"#Espanol-About\">En espa\u00f1ol<\/a><\/p>\n\n\n\n<div class=\"wp-block-columns is-layout-flex wp-container-3\">\n<div class=\"wp-block-column is-layout-flow\">\n<figure class=\"wp-block-image size-full is-resized\"><img decoding=\"async\" loading=\"lazy\" src=\"https:\/\/s3.wp.wsu.edu\/uploads\/sites\/2921\/2022\/01\/CortesR_Photo_11May21-copy.jpg\" alt=\"\" class=\"wp-image-7\" width=\"359\" height=\"480\" srcset=\"https:\/\/wpcdn.web.wsu.edu\/wp-labs\/uploads\/sites\/2921\/2022\/01\/CortesR_Photo_11May21-copy.jpg 478w, https:\/\/wpcdn.web.wsu.edu\/wp-labs\/uploads\/sites\/2921\/2022\/01\/CortesR_Photo_11May21-copy-396x530.jpg 396w\" sizes=\"(max-width: 359px) 100vw, 359px\" \/><\/figure>\n<\/div>\n\n\n\n<div class=\"wp-block-column is-layout-flow\">\n<h2 class=\"has-text-color wp-block-heading\" style=\"color:#981e32;font-size:24px\">Raquel<\/h2>\n\n\n\n<h4 class=\"has-normal-font-size wp-block-heading\">A role in everything&nbsp;<\/h4>\n\n\n\n<p><\/p>\n\n\n\n<p><em>We are offering a service that, to me, is a very lovely service, and one which is very difficult to carry out \u2026 and many times people don\u2019t value what you do<\/em>.&nbsp;<\/p>\n\n\n\n<p><em>For me, it\u2019s important that this information is made public. Before \u2026 how I can I say this, like maybe not a lot of importance was given to childcare \u2026 And [this project] is good because voices are heard \u2026 It is a very good thing that is happening.<\/em>&nbsp;<\/p>\n\n\n\n<p><\/p>\n\n\n\n<p class=\"has-text-color\" style=\"color:#981e32;font-size:18px\"><\/p>\n<\/div>\n<\/div>\n\n\n\n<h2 class=\"has-normal-font-size wp-block-heading\">About My Picture&nbsp;<\/h2>\n\n\n\n<p><em>This picture \u2026 really makes me think about the situation we are living in. How things have changed \u2026 originally, I could have 2 to 3 kids sharing the [sand] table and now I really do have to be giving them turns \u2026 Children are so innocent, aren\u2019t they? \u2026 The only thing they look for is someone who can take good care of them, to feel safe, and this child is very happy, and enjoying it, and that is very nice to see \u2026 They are simply trying to adjust \u2026 and they have done it very well.&nbsp;&nbsp;<\/em>&nbsp;<\/p>\n\n\n\n<div style=\"height:20px\" aria-hidden=\"true\" class=\"wp-block-spacer\"><\/div>\n\n\n\n<h4 class=\"has-normal-font-size wp-block-heading\">Our Interview with Raquel&nbsp;<\/h4>\n\n\n\n<p>From the start of the pandemic, Raquel was committed to keeping her center open, saying, \u201cThe city closed, all the offices were closed, many places were closed, but not us, we stayed open the entire year.\u201d By the time of the interview, Raquel admitted to feeling drained by the extra work of maintaining health and safety protocols and meeting the needs of elementary-age children during remote schooling.&nbsp;<\/p>\n\n\n\n<p>\u201cThey stayed with me all day and took their classes from here,\u201d she said. Supporting remote schooling meant reducing outdoor time for walking and other activities she previously led with her younger children. It also meant making space in her home for parents to meet with their children\u2019s teachers at the end of their workdays. Raquel summed up her pandemic period experiences with this:&nbsp;&nbsp;<\/p>\n\n\n\n<p>Here we have a role to play in everything.&nbsp; We have to play the role of teacher, cook, nurse, cleaning crew, online class support, talking with the teachers, and on top of all this, we have to take care of the children, give them their time, their space, and their attention, each one.&nbsp; And be prepared for when the parents come, and if they have any worries, find time to talk with them about that worry \u2026 or something [else] about the child.&nbsp; Then, when you\u2019re free, when all the kids have gone home, then here comes the other job you have to carry out, which is putting everything in order, disinfecting all the areas and toys so it\u2019s all clean and ready for the next day, organizing the paperwork, seeing what appointments you have, what calls you have, and then, yeah, you go to bed late and get up early the next day and continue on.&nbsp;<\/p>\n\n\n\n<p id=\"Espanol-About\"><em>From full interview transcript of 2,899 words<\/em>&nbsp;<\/p>\n\n\n\n<div style=\"height:30px\" aria-hidden=\"true\" class=\"wp-block-spacer\"><\/div>\n\n\n\n<div class=\"wp-block-columns is-layout-flex wp-container-6\">\n<div class=\"wp-block-column is-layout-flow\">\n<figure class=\"wp-block-image size-full is-resized\"><img decoding=\"async\" loading=\"lazy\" src=\"https:\/\/s3.wp.wsu.edu\/uploads\/sites\/2921\/2022\/01\/CortesR_Photo_11May21-copy.jpg\" alt=\"\" class=\"wp-image-7\" width=\"359\" height=\"480\" srcset=\"https:\/\/wpcdn.web.wsu.edu\/wp-labs\/uploads\/sites\/2921\/2022\/01\/CortesR_Photo_11May21-copy.jpg 478w, https:\/\/wpcdn.web.wsu.edu\/wp-labs\/uploads\/sites\/2921\/2022\/01\/CortesR_Photo_11May21-copy-396x530.jpg 396w\" sizes=\"(max-width: 359px) 100vw, 359px\" \/><\/figure>\n\n\n\n<figure class=\"wp-block-audio\"><audio controls src=\"https:\/\/s3.wp.wsu.edu\/uploads\/sites\/2921\/2022\/03\/raquel.mp3\"><\/audio><\/figure>\n<\/div>\n\n\n\n<div class=\"wp-block-column is-layout-flow\">\n<h2 class=\"has-text-color wp-block-heading\" style=\"color:#981e32;font-size:24px\">Raquel<\/h2>\n\n\n\n<h4 class=\"has-normal-font-size wp-block-heading\">Un papel para todo&nbsp;<\/h4>\n\n\n\n<p><\/p>\n\n\n\n<p><em>Estamos ofreciendo un servicio que se me hace un servicio muy bonito y muy duro de realizar \u2026 y mucha gente, a veces, no valora lo que haces.<\/em>&nbsp;<\/p>\n\n\n\n<p><em>Para m\u00ed es importante que esto se d\u00e9 a conocer. Antes \u2026 c\u00f3mo se podr\u00eda decir, como tal vez no le daban tanta importancia al cuidado infantil \u2026 y [este proyecto] es bueno porque las voces se hacen escuchar \u2026 Es algo muy bueno que est\u00e1 pasando.<\/em>&nbsp;<\/p>\n<\/div>\n<\/div>\n\n\n\n<h2 class=\"has-normal-font-size wp-block-heading\">Sobre Mi Foto&nbsp;<\/h2>\n\n\n\n<p><em>Esta foto \u2026 me llama mucha la atenci\u00f3n al entorno que estamos ahorita viviendo.&nbsp; Como han cambiado las cosas \u2026 originalmente pod\u00eda tener a 2 \u00f3 3 ni\u00f1os compartiendo la mesa [de arena] y ahorita realmente tengo que estar d\u00e1ndoles<\/em> <em>turnos \u2026 Los ni\u00f1os son tan inocentes, \u00bfverdad?&nbsp; \u2026 Lo \u00fanico que buscan es alguien que los est\u00e9 cuidando bien, que se sientan seguros, y el ni\u00f1o est\u00e1 muy contento y disfrutando y eso se me hace muy agradable \u2026 Ellos simplemente est\u00e1n tratando de ajustarse \u2026 y lo han hecho muy bien.<\/em><\/p>\n\n\n\n<div style=\"height:20px\" aria-hidden=\"true\" class=\"wp-block-spacer\"><\/div>\n\n\n\n<h4 class=\"has-normal-font-size wp-block-heading\">Nuestra Entrevista con Raquel&nbsp;&nbsp;<\/h4>\n\n\n\n<p>Desde el inicio de la pandemia, Raquel se comprometi\u00f3 a mantener abierto su centro, diciendo, \u201cLa ciudad cerr\u00f3, todas las oficinas estaban cerradas, muchos lugares estaban cerrados, pero nosotros no, nosotros permanecimos abiertos todo el a\u00f1o.\u201d&nbsp; Para el momento de la entrevista, Raquel confes\u00f3 que se sent\u00eda agotada por el trabajo adicional de mantener los protocolos de salud y seguridad, y cumplir con las necesidades de los ni\u00f1os de primaria durante las clases remotas.&nbsp;<\/p>\n\n\n\n<p>\u201cEllos se quedaban bajo mi cuidado todo el d\u00eda y aqu\u00ed tomaban clases,\u201d dijo ella.&nbsp; Dar apoyo a las clases remotas signific\u00f3 reducir el tiempo al aire libre para caminar y otras actividades que ella antes dirig\u00eda para los ni\u00f1os menores.&nbsp; Tambi\u00e9n signific\u00f3 hacer espacio en su hogar para que los padres de familia pudieran verse con los maestros de sus hijos, al terminar sus jornadas laborales.&nbsp; Raquel resumi\u00f3 sus experiencias del periodo pand\u00e9mico de esta manera:&nbsp;<\/p>\n\n\n\n<p>Aqu\u00ed hacemos un papel de todo. Tenemos que hacer el papel de maestra, cocinera, enfermera, mantenimiento de limpieza, apoyo con las clases en l\u00ednea, hablar con los maestros y sobre todo esto, tenemos que cuidar a los ni\u00f1os, darles su tiempo, su espacio y su atenci\u00f3n a cada uno.&nbsp; Y tener que estar preparados para cuando llegan los pap\u00e1s, y si tienen alguna preocupaci\u00f3n, darte tiempo para platicar con ellos sobre esa preocupaci\u00f3n \u2026 o algo [m\u00e1s] sobre el ni\u00f1o.&nbsp; Entonces ya cuando t\u00fa quedas libre de que todos los ni\u00f1os se fueron a casa, entonces ya viene el otro trabajo que tienes que desempe\u00f1ar, que es poner todo en orden, a desinfectar todas las \u00e1reas y juguetes, y que est\u00e9 limpio y listo para el otro d\u00eda, a organizar el papeleo, ves qu\u00e9 citas tienes, qu\u00e9 llamadas tienes, entonces, pues, a dormirse tarde y levantarse temprano al d\u00eda siguiente y continuar.&nbsp;<\/p>\n\n\n\n<p><em>De la transcripci\u00f3n de la entrevista completa, de 2,899 palabras<\/em>&nbsp;<\/p>\n","protected":false},"excerpt":{"rendered":"<p>En espa\u00f1ol Raquel A role in everything&nbsp; We are offering a service that, to me, is a very lovely service, and one which is very difficult to carry out \u2026 and many times people don\u2019t value what you do.&nbsp; For me, it\u2019s important that this information is made public. Before \u2026 how I can I [&hellip;]<\/p>\n","protected":false},"author":2170,"featured_media":0,"parent":0,"menu_order":0,"comment_status":"closed","ping_status":"closed","template":"","meta":[],"categories":[],"tags":[],"wsuwp_university_location":[],"wsuwp_university_org":[],"_links":{"self":[{"href":"https:\/\/labs.wsu.edu\/essential\/wp-json\/wp\/v2\/pages\/359"}],"collection":[{"href":"https:\/\/labs.wsu.edu\/essential\/wp-json\/wp\/v2\/pages"}],"about":[{"href":"https:\/\/labs.wsu.edu\/essential\/wp-json\/wp\/v2\/types\/page"}],"author":[{"embeddable":true,"href":"https:\/\/labs.wsu.edu\/essential\/wp-json\/wp\/v2\/users\/2170"}],"replies":[{"embeddable":true,"href":"https:\/\/labs.wsu.edu\/essential\/wp-json\/wp\/v2\/comments?post=359"}],"version-history":[{"count":13,"href":"https:\/\/labs.wsu.edu\/essential\/wp-json\/wp\/v2\/pages\/359\/revisions"}],"predecessor-version":[{"id":940,"href":"https:\/\/labs.wsu.edu\/essential\/wp-json\/wp\/v2\/pages\/359\/revisions\/940"}],"wp:attachment":[{"href":"https:\/\/labs.wsu.edu\/essential\/wp-json\/wp\/v2\/media?parent=359"}],"wp:term":[{"taxonomy":"category","embeddable":true,"href":"https:\/\/labs.wsu.edu\/essential\/wp-json\/wp\/v2\/categories?post=359"},{"taxonomy":"post_tag","embeddable":true,"href":"https:\/\/labs.wsu.edu\/essential\/wp-json\/wp\/v2\/tags?post=359"},{"taxonomy":"wsuwp_university_location","embeddable":true,"href":"https:\/\/labs.wsu.edu\/essential\/wp-json\/wp\/v2\/wsuwp_university_location?post=359"},{"taxonomy":"wsuwp_university_org","embeddable":true,"href":"https:\/\/labs.wsu.edu\/essential\/wp-json\/wp\/v2\/wsuwp_university_org?post=359"}],"curies":[{"name":"wp","href":"https:\/\/api.w.org\/{rel}","templated":true}]}}