{"id":712,"date":"2022-04-20T11:25:14","date_gmt":"2022-04-20T18:25:14","guid":{"rendered":"https:\/\/labs.wsu.edu\/essential\/?page_id=712"},"modified":"2022-04-20T13:48:33","modified_gmt":"2022-04-20T20:48:33","slug":"monique","status":"publish","type":"page","link":"https:\/\/labs.wsu.edu\/essential\/monique\/","title":{"rendered":"Monique"},"content":{"rendered":"\n<p class=\"has-text-color\" style=\"color:#981e32;font-size:18px\"><a href=\"#Espanol-About\">En espa\u00f1ol<\/a><\/p>\n\n\n\n<div class=\"wp-block-columns is-layout-flex wp-container-3\">\n<div class=\"wp-block-column is-layout-flow\">\n<figure class=\"wp-block-image size-full\"><img decoding=\"async\" loading=\"lazy\" width=\"480\" height=\"360\" src=\"https:\/\/s3.wp.wsu.edu\/uploads\/sites\/2921\/2022\/04\/monique.jpg\" alt=\"\" class=\"wp-image-876\" srcset=\"https:\/\/wpcdn.web.wsu.edu\/wp-labs\/uploads\/sites\/2921\/2022\/04\/monique.jpg 480w, https:\/\/wpcdn.web.wsu.edu\/wp-labs\/uploads\/sites\/2921\/2022\/04\/monique-396x297.jpg 396w\" sizes=\"(max-width: 480px) 100vw, 480px\" \/><\/figure>\n<\/div>\n\n\n\n<div class=\"wp-block-column is-layout-flow\">\n<h2 class=\"has-text-color wp-block-heading\" style=\"color:#981e32;font-size:24px\">Monique<\/h2>\n\n\n\n<p><strong>Felt very expendable<\/strong>&nbsp;<\/p>\n\n\n\n<p><em>I have \u2026 very strong value[s] \u2026 around keeping my community safe \u2026 around rights, responsibilities and obligations to a community.<\/em>&nbsp;<\/p>\n\n\n\n<p><\/p>\n<\/div>\n<\/div>\n\n\n\n<p><strong>About My Picture<\/strong>&nbsp;<\/p>\n\n\n\n<p><em>We&#8217;re at the park \u2026 And this year it was a lot of negotiation because there&#8217;s another day care within walking distance \u2026 They don&#8217;t believe in Covid.&nbsp;<\/em><\/p>\n\n\n\n<p><em>In years prior, we would have just played with the other daycare kids and anybody else who came to the park. We would bring toys \u2026 and art materials and we would just [share] with whoever in the community popped in.&nbsp;<\/em><\/p>\n\n\n\n<p><em>We&#8217;re really working on how you negotiate the space with people \u2026 it was hard \u2026 because the kids in the other daycare would say stuff about our kids wearing masks.<\/em>&nbsp;<\/p>\n\n\n\n<p><em>It&#8217;s about negotiating everything with society as a whole and as a community \u2026 And it just it sums up the year as a whole.&nbsp;<\/em><\/p>\n\n\n\n<div style=\"height:20px\" aria-hidden=\"true\" class=\"wp-block-spacer\"><\/div>\n\n\n\n<p><strong>From Our Interview with Monique<\/strong>&nbsp;<\/p>\n\n\n\n<p>Monique completed a four-year college degree almost a decade ago and opened her family home childcare soon after. \u201cI really view child development from a cross-cultural perspective,\u201d she said, referring to how she had translated her formal learning into developing a \u201cniche\u201d area of serving primarily racially diverse children along with others whose parents identified as LGBTQ. Nearly all her families, she said, had incomes just above the eligibility threshold for public childcare subsidies.&nbsp;&nbsp;&nbsp;&nbsp;<\/p>\n\n\n\n<p>Aside from occasional supply shortages and some non-Covid health scares, Monique described her childcare operations as relatively stable during the pandemic. Of greater concern, Monique has been having to keep up with increasingly strict licensing regulations, leading her to suspect that soon, \u201cIt will all be center-based care. And when we put children in centers where they have only their peers instead of mixed ages, they don\u2019t get the same\u201d kinds of language development and social skills benefits she observed when she had school age and younger children together all day, following the switch to remote schooling.&nbsp;&nbsp;&nbsp;<\/p>\n\n\n\n<p>Monique cited additional factors contributing to her belief that licensed family home childcare would soon become a relic of the past, including a weak professional union and a broader cultural lack of respect and advocacy for family home providers\u2019 knowledge and contributions. She summed up her general sentiments about this past year and beyond: \u201cI definitely felt very expendable.\u201d&nbsp;<\/p>\n\n\n\n<p id=\"Espanol-About\"><em>From full interview transcript of 3,412&nbsp;words<\/em>&nbsp;<\/p>\n\n\n\n<div style=\"height:30px\" aria-hidden=\"true\" class=\"wp-block-spacer\"><\/div>\n\n\n\n<div class=\"wp-block-columns is-layout-flex wp-container-6\">\n<div class=\"wp-block-column is-layout-flow\">\n<figure class=\"wp-block-image size-large\"><img decoding=\"async\" loading=\"lazy\" width=\"480\" height=\"360\" src=\"https:\/\/s3.wp.wsu.edu\/uploads\/sites\/2921\/2022\/04\/monique.jpg\" alt=\"\" class=\"wp-image-876\" srcset=\"https:\/\/wpcdn.web.wsu.edu\/wp-labs\/uploads\/sites\/2921\/2022\/04\/monique.jpg 480w, https:\/\/wpcdn.web.wsu.edu\/wp-labs\/uploads\/sites\/2921\/2022\/04\/monique-396x297.jpg 396w\" sizes=\"(max-width: 480px) 100vw, 480px\" \/><\/figure>\n<\/div>\n\n\n\n<div class=\"wp-block-column is-layout-flow\">\n<h2 class=\"has-text-color wp-block-heading\" style=\"color:#981e32;font-size:24px\">Monique<\/h2>\n\n\n\n<p class=\"has-normal-font-size\"><strong>Me sent\u00eda muy deshechable<\/strong><\/p>\n\n\n\n<p class=\"has-normal-font-size\">&nbsp;<em>Tengo \u2026 valor[es] muy fuertes \u2026 sobre mantener segura a mi comunidad \u2026 sobre derechos, responsabilidades y obligaciones a una comunidad.<\/em>&nbsp;<\/p>\n<\/div>\n<\/div>\n\n\n\n<p class=\"has-normal-font-size\"><strong>Sobre Mi Foto<\/strong>&nbsp;<\/p>\n\n\n\n<p><em>Estamos en el parque \u2026 Y este a\u00f1o hubo mucha negociaci\u00f3n porque hay otra guarder\u00eda que est\u00e1 a unos cuantos pasos \u2026 Ellos no creen en el Covid.&nbsp;<\/em><\/p>\n\n\n\n<p><em>En a\u00f1os anteriores, simplemente nos habr\u00edamos puesto a jugar con los otros ni\u00f1os de guarder\u00eda y cualquier otra persona que llegara al parque. Llev\u00e1bamos juguetes \u2026 y materiales de arte y simplemente [compart\u00edamos] con cualquier persona de la comunidad que apareciera.&nbsp;<\/em><\/p>\n\n\n\n<p><em>Realmente estamos trabajando en c\u00f3mo se negocia el espacio con otras personas \u2026 fue dif\u00edcil \u2026 porque los ni\u00f1os de la otra guarder\u00eda dec\u00edan cosas, de que nuestros ni\u00f1os llevaban cubrebocas. Se trata de negociar todo, con la sociedad en general, y con la comunidad \u2026 y pues, as\u00ed se resume el a\u00f1o en conjunto.&nbsp;<\/em><\/p>\n\n\n\n<div style=\"height:20px\" aria-hidden=\"true\" class=\"wp-block-spacer\"><\/div>\n\n\n\n<p class=\"has-normal-font-size\"><strong>Nuestra Entrevista con <\/strong><strong>Monique<\/strong>&nbsp;<\/p>\n\n\n\n<p>Monique acab\u00f3 una licenciatura de cuatro a\u00f1os hace casi una d\u00e9cada, y abri\u00f3 su centro de cuidado infantil en casa pronto despu\u00e9s. \u201cDe verdad considero al desarrollo infantil desde una perspectiva multicultural,\u201d coment\u00f3, refiri\u00e9ndose a como ella hab\u00eda empleado su aprendizaje formal para desarrollar una \u00e1rea \u201cnicho\u201d para servir principalmente a ni\u00f1os de diversas razas, as\u00ed como a otros cuyos padres y madres se identificaban como LGBTQ. Casi todas sus familias, ella nos dijo, ten\u00edan niveles de ingreso justo por arriba del m\u00ednimo de elegibilidad para subsidios p\u00fablicos de cuidado infantil.&nbsp;<\/p>\n\n\n\n<p>Aparte de ocasionales escaseces de suministros, y algunos sustos de salud &#8211; no relacionados con Covid &#8211; Monique caracteriz\u00f3 a las operaciones de su centro de cuidado como relativamente estables durante la pandemia.&nbsp; Lo que m\u00e1s preocupa, es que Monique se ha tenido que mantener al tanto de las regulaciones de autorizaci\u00f3n, que se han vuelto cada vez m\u00e1s estrictas, d\u00e1ndole a pensar que pronto, \u201cTodo ser\u00e1 cuidado basado en centros. Y cuando ponemos a los ni\u00f1os en centros donde solamente tienen a sus pares en lugar de edades mixtas, no reciben los mismos\u201d tipos de beneficios para el desarrollo de idioma y habilidades sociales que ella observaba cuando ten\u00eda a ni\u00f1os escolares y ni\u00f1os m\u00e1s j\u00f3venes juntos todo el d\u00eda, despu\u00e9s del cambio a las clases remotas.&nbsp;<\/p>\n\n\n\n<p>Monique cit\u00f3 otros factores que le han hecho creer que los centros de cuidado infantil, de casa y con licencia, pronto se volver\u00edan una reliqu\u00eda del pasado, entre ellos un sindicato profesional d\u00e9bil y, en la cultura en general, una falta de respeto y apoyo por los conocimientos y contribuciones de los proveedores de casa familiar. Ella resumi\u00f3 as\u00ed sus sentimientos con respeto a este a\u00f1o pasado y m\u00e1s all\u00e1, \u201cDecididamente, me sent\u00ed muy deshechable.\u201d&nbsp;<\/p>\n\n\n\n<p><em>De la transcripci\u00f3n de la entrevista completa, de 3,412&nbsp;palabras<\/em>&nbsp;<\/p>\n","protected":false},"excerpt":{"rendered":"<p>En espa\u00f1ol Monique Felt very expendable&nbsp; I have \u2026 very strong value[s] \u2026 around keeping my community safe \u2026 around rights, responsibilities and obligations to a community.&nbsp; About My Picture&nbsp; We&#8217;re at the park \u2026 And this year it was a lot of negotiation because there&#8217;s another day care within walking distance \u2026 They don&#8217;t [&hellip;]<\/p>\n","protected":false},"author":2170,"featured_media":0,"parent":0,"menu_order":0,"comment_status":"closed","ping_status":"closed","template":"","meta":[],"categories":[],"tags":[],"wsuwp_university_location":[],"wsuwp_university_org":[],"_links":{"self":[{"href":"https:\/\/labs.wsu.edu\/essential\/wp-json\/wp\/v2\/pages\/712"}],"collection":[{"href":"https:\/\/labs.wsu.edu\/essential\/wp-json\/wp\/v2\/pages"}],"about":[{"href":"https:\/\/labs.wsu.edu\/essential\/wp-json\/wp\/v2\/types\/page"}],"author":[{"embeddable":true,"href":"https:\/\/labs.wsu.edu\/essential\/wp-json\/wp\/v2\/users\/2170"}],"replies":[{"embeddable":true,"href":"https:\/\/labs.wsu.edu\/essential\/wp-json\/wp\/v2\/comments?post=712"}],"version-history":[{"count":12,"href":"https:\/\/labs.wsu.edu\/essential\/wp-json\/wp\/v2\/pages\/712\/revisions"}],"predecessor-version":[{"id":880,"href":"https:\/\/labs.wsu.edu\/essential\/wp-json\/wp\/v2\/pages\/712\/revisions\/880"}],"wp:attachment":[{"href":"https:\/\/labs.wsu.edu\/essential\/wp-json\/wp\/v2\/media?parent=712"}],"wp:term":[{"taxonomy":"category","embeddable":true,"href":"https:\/\/labs.wsu.edu\/essential\/wp-json\/wp\/v2\/categories?post=712"},{"taxonomy":"post_tag","embeddable":true,"href":"https:\/\/labs.wsu.edu\/essential\/wp-json\/wp\/v2\/tags?post=712"},{"taxonomy":"wsuwp_university_location","embeddable":true,"href":"https:\/\/labs.wsu.edu\/essential\/wp-json\/wp\/v2\/wsuwp_university_location?post=712"},{"taxonomy":"wsuwp_university_org","embeddable":true,"href":"https:\/\/labs.wsu.edu\/essential\/wp-json\/wp\/v2\/wsuwp_university_org?post=712"}],"curies":[{"name":"wp","href":"https:\/\/api.w.org\/{rel}","templated":true}]}}