{"id":722,"date":"2022-04-20T11:33:49","date_gmt":"2022-04-20T18:33:49","guid":{"rendered":"https:\/\/labs.wsu.edu\/essential\/?page_id=722"},"modified":"2022-04-20T13:49:25","modified_gmt":"2022-04-20T20:49:25","slug":"lauren","status":"publish","type":"page","link":"https:\/\/labs.wsu.edu\/essential\/lauren\/","title":{"rendered":"Lauren"},"content":{"rendered":"\n<p class=\"has-text-color\" style=\"color:#981e32;font-size:18px\"><a href=\"#Espanol-About\">En espa\u00f1ol<\/a><\/p>\n\n\n\n<div class=\"wp-block-columns is-layout-flex wp-container-3\">\n<div class=\"wp-block-column is-layout-flow\">\n<figure class=\"wp-block-image size-full\"><img decoding=\"async\" loading=\"lazy\" width=\"480\" height=\"640\" src=\"https:\/\/s3.wp.wsu.edu\/uploads\/sites\/2921\/2022\/04\/lauren.jpg\" alt=\"\" class=\"wp-image-874\" srcset=\"https:\/\/wpcdn.web.wsu.edu\/wp-labs\/uploads\/sites\/2921\/2022\/04\/lauren.jpg 480w, https:\/\/wpcdn.web.wsu.edu\/wp-labs\/uploads\/sites\/2921\/2022\/04\/lauren-396x528.jpg 396w\" sizes=\"(max-width: 480px) 100vw, 480px\" \/><\/figure>\n<\/div>\n\n\n\n<div class=\"wp-block-column is-layout-flow\">\n<h2 class=\"has-text-color wp-block-heading\" style=\"color:#981e32;font-size:24px\">Lauren<\/h2>\n\n\n\n<p class=\"has-normal-font-size\"><strong>I can only control so much<\/strong>&nbsp;<\/p>\n\n\n\n<p><em>I\u2019m glad someone is doing this work.&nbsp;<\/em>&nbsp;<\/p>\n\n\n\n<p><\/p>\n<\/div>\n<\/div>\n\n\n\n<p class=\"has-normal-font-size\"><strong>About My Picture<\/strong>&nbsp;<\/p>\n\n\n\n<p>Every year we have a parent-child picnic, where [the children] bring picnic baskets and we fill it with food the children prepare, and we\u2019re not doing that this year. Two of my students were quarantining after their trip, so this was our version of what we usually do \u2026 super small.&nbsp;<\/p>\n\n\n\n<p>The children are still happy, and it was still a treat for them. Normally we eat at a picnic table but this time we had the baskets. They didn\u2019t know that this was a completely different experience \u2026 because they\u2019re so young, this is just it.&nbsp;&nbsp;<\/p>\n\n\n\n<p>We just continued in the way we could do it \u2026 just realized that the children, just health and happiness was what we really had to be concerned with. We didn\u2019t have [the family picnic] last year, either. Everyone\u2019s just kind of \u2026 positive.&nbsp;&nbsp;<\/p>\n\n\n\n<div style=\"height:20px\" aria-hidden=\"true\" class=\"wp-block-spacer\"><\/div>\n\n\n\n<p class=\"has-normal-font-size\"><strong>From Our Interview<\/strong>&nbsp;<\/p>\n\n\n\n<p>Lauren runs an in-home Montessori school for children ages 18 months-3 years, and she voiced a number of unexpected positives that came about during the pandemic. \u201cI\u2019m really fortunate because I\u2019m the owner \u2026 and the teacher \u2026 this is my business,\u201d she said, referring to how, compared to employees in larger Montessori programs, she could make all decisions on whether to remain open. Another positive Lauren cited was the support from the Montessori community and her licensing team, who gave supplies and encouragement. She also observed positive interactions among the children in her care, saying, \u201cThis group appreciates playing with each other \u2026&nbsp; they\u2019re super excited to play outside, games and imagination, they seem super extra enthused.\u201d&nbsp;&nbsp;&nbsp;<\/p>\n\n\n\n<p>But operating during the pandemic has not been without concerns. Lauren worried about becoming infected and passing it on to her students. Communication with parents was suboptimal due to changed procedures. Plus, Lauren had trouble sorting through sometimes conflicting federal and state Covid guidelines.&nbsp;<\/p>\n\n\n\n<p>Most critically, Lauren wondered whether she could persist beyond the initial economic loss she suffered, saying, \u201cImmediately I lost students, it was a financial concern, would they come back?\u201d She avoided enrolling new children to preserve the classroom dynamic and to minimize added infection risk. Following those decisions, Lauren said, \u201cI calculated my hourly wage, and I was like, \u2018Don\u2019t do that again!\u2019 I\u2019m willing to not make money for a while, but we\u2019ll close \u2026 if I have to socially distance one-year-olds \u2026 and if we start losing money.\u201d&nbsp;<\/p>\n\n\n\n<p id=\"Espanol-About\"><em>From full interview transcript of 1,034 words<\/em><\/p>\n\n\n\n<div style=\"height:30px\" aria-hidden=\"true\" class=\"wp-block-spacer\"><\/div>\n\n\n\n<div class=\"wp-block-columns is-layout-flex wp-container-6\">\n<div class=\"wp-block-column is-layout-flow\">\n<figure class=\"wp-block-image size-full\"><img decoding=\"async\" loading=\"lazy\" width=\"480\" height=\"640\" src=\"https:\/\/s3.wp.wsu.edu\/uploads\/sites\/2921\/2022\/04\/lauren.jpg\" alt=\"\" class=\"wp-image-874\" srcset=\"https:\/\/wpcdn.web.wsu.edu\/wp-labs\/uploads\/sites\/2921\/2022\/04\/lauren.jpg 480w, https:\/\/wpcdn.web.wsu.edu\/wp-labs\/uploads\/sites\/2921\/2022\/04\/lauren-396x528.jpg 396w\" sizes=\"(max-width: 480px) 100vw, 480px\" \/><\/figure>\n<\/div>\n\n\n\n<div class=\"wp-block-column is-layout-flow\">\n<h2 class=\"has-text-color wp-block-heading\" style=\"color:#981e32;font-size:24px\">Lauren<\/h2>\n\n\n\n<p class=\"has-normal-font-size\"><strong>No puedo controlarlo todo<\/strong><\/p>\n\n\n\n<p><em>Me da gusto que alguien est\u00e9 haciendo este trabajo<\/em>.&nbsp;<\/p>\n<\/div>\n<\/div>\n\n\n\n<p class=\"has-normal-font-size\"><strong>Sobre mi Foto<\/strong>&nbsp;<\/p>\n\n\n\n<p>Todos los a\u00f1os hacemos un picnic de padres e hijos, donde [los ni\u00f1os] llevan canastas de picnic y las llenamos con comida preparada por los ni\u00f1os, y no lo vamos a hacer este a\u00f1o. Dos de mis estudiantes estaban en cuarentena despu\u00e9s de su viaje, as\u00ed que esto fue nuestra versi\u00f3n de lo que usualmente hacemos \u2026 s\u00faper peque\u00f1o.&nbsp;<\/p>\n\n\n\n<p>Todav\u00eda est\u00e1n felices los ni\u00f1os, y todav\u00eda fue un gustito para ellos.&nbsp; Normalmente comemos en una mesa de picnic, pero en esta ocasi\u00f3n solo ten\u00edamos las canastas. Ellos no sab\u00edan que esta experienca era totalmente diferente \u2026 porque ellos son tan j\u00f3venes, solo es esto.&nbsp;<\/p>\n\n\n\n<p>Simplemente seguimos de la manera en la que se pod\u00eda \u2026 simplemente nos dimos cuenta de que los ni\u00f1os, o sea, la salud y la felicidad, era lo que en verdad nos ten\u00eda que preocupar. No hicimos [el picnic familiar] el a\u00f1o pasado, tampoco.&nbsp; Todos est\u00e1n como \u2026 positivos.&nbsp;<\/p>\n\n\n\n<div style=\"height:20px\" aria-hidden=\"true\" class=\"wp-block-spacer\"><\/div>\n\n\n\n<p class=\"has-normal-font-size\"><strong>Nuestra Entrevista&nbsp;<\/strong>&nbsp;<\/p>\n\n\n\n<p>Lauren opera una escuela Montessori en su casa, para ni\u00f1os entre las edades de 18 meses y 3 a\u00f1os, y ella expres\u00f3 un n\u00famero de aspectos positivos inesperados que surgieron durante la pandemia.&nbsp;&#8220;Soy muy afortunada porque soy la due\u00f1a \u2026 y la maestra \u2026 es esto mi negocio,&#8221; nos dijo, refiri\u00e9ndose a como, en comparaci\u00f3n a empleados de programas de Montessori m\u00e1s grandes, ella pod\u00eda tomar todas las decisiones sobre mantenerse abierto o no. Otro aspecto positivo que coment\u00f3 Lauren fue el apoyo de la comunidad Montessori y de su equipo de autorizaci\u00f3n, que le dio suministros y aliento. Ella tambi\u00e9n observ\u00f3 interacciones positivas entre los ni\u00f1os bajo su cuidado, diciendo &#8220;Este grupo valora jugar entre s\u00ed \u2026 est\u00e1n s\u00faper emocionados por jugar afuera, juegos e imaginaci\u00f3n, parecen s\u00faper extra entusiasmados.&#8221;&nbsp;<\/p>\n\n\n\n<p>Pero, operar durante la pandemia no es asunto sin preocupaciones. Lauren se preocupaba por contagiarse ella y luego pas\u00e1rselo a sus estudiantes. La comunicaci\u00f3n con padres era sub\u00f3ptima debido a los procedimientos cambiados. Adem\u00e1s, Lauren ten\u00eda problemas para llegar a entender las pautas federales y estatales para el Covid, que veces se contradec\u00edan.&nbsp;<\/p>\n\n\n\n<p>De m\u00e1s importancia, Lauren se pregunt\u00f3 si podr\u00eda persistir m\u00e1s all\u00e1 de la p\u00e9rdida ec\u00f3nomica inicial que sufri\u00f3, diciendo, &#8220;Perd\u00ed estudiantes de inmediato, fue una preocupaci\u00f3n econ\u00f3mica &#8211; \u00bfellos regresar\u00edan?&#8221; Ella evit\u00f3 inscribir a estudiantes nuevos, para preservar la din\u00e1mica del sal\u00f3n de clase y para minimizar riesgos adicionales de infecci\u00f3n. Tras esas decisiones, Lauren dijo que &#8220;Calcul\u00e9 mi salario por hora y yo estaba as\u00ed de &#8211; &#8216;\u00a1no vuelvas a hacer eso!&#8217;&nbsp;Estoy dispuesta a no ganar dinero por un rato, pero cerraremos \u2026 si tengo que hacer distanciamento social con los ni\u00f1os de un a\u00f1o \u2026 y si empezamos a perder dinero.&#8221;&nbsp;<\/p>\n\n\n\n<p><em>De la transcripci\u00f3n de la entrevista completa, de 1,034 palabras<\/em>&nbsp;<\/p>\n","protected":false},"excerpt":{"rendered":"<p>En espa\u00f1ol Lauren I can only control so much&nbsp; I\u2019m glad someone is doing this work.&nbsp;&nbsp; About My Picture&nbsp; Every year we have a parent-child picnic, where [the children] bring picnic baskets and we fill it with food the children prepare, and we\u2019re not doing that this year. Two of my students were quarantining after [&hellip;]<\/p>\n","protected":false},"author":2170,"featured_media":0,"parent":0,"menu_order":0,"comment_status":"closed","ping_status":"closed","template":"","meta":[],"categories":[],"tags":[],"wsuwp_university_location":[],"wsuwp_university_org":[],"_links":{"self":[{"href":"https:\/\/labs.wsu.edu\/essential\/wp-json\/wp\/v2\/pages\/722"}],"collection":[{"href":"https:\/\/labs.wsu.edu\/essential\/wp-json\/wp\/v2\/pages"}],"about":[{"href":"https:\/\/labs.wsu.edu\/essential\/wp-json\/wp\/v2\/types\/page"}],"author":[{"embeddable":true,"href":"https:\/\/labs.wsu.edu\/essential\/wp-json\/wp\/v2\/users\/2170"}],"replies":[{"embeddable":true,"href":"https:\/\/labs.wsu.edu\/essential\/wp-json\/wp\/v2\/comments?post=722"}],"version-history":[{"count":9,"href":"https:\/\/labs.wsu.edu\/essential\/wp-json\/wp\/v2\/pages\/722\/revisions"}],"predecessor-version":[{"id":881,"href":"https:\/\/labs.wsu.edu\/essential\/wp-json\/wp\/v2\/pages\/722\/revisions\/881"}],"wp:attachment":[{"href":"https:\/\/labs.wsu.edu\/essential\/wp-json\/wp\/v2\/media?parent=722"}],"wp:term":[{"taxonomy":"category","embeddable":true,"href":"https:\/\/labs.wsu.edu\/essential\/wp-json\/wp\/v2\/categories?post=722"},{"taxonomy":"post_tag","embeddable":true,"href":"https:\/\/labs.wsu.edu\/essential\/wp-json\/wp\/v2\/tags?post=722"},{"taxonomy":"wsuwp_university_location","embeddable":true,"href":"https:\/\/labs.wsu.edu\/essential\/wp-json\/wp\/v2\/wsuwp_university_location?post=722"},{"taxonomy":"wsuwp_university_org","embeddable":true,"href":"https:\/\/labs.wsu.edu\/essential\/wp-json\/wp\/v2\/wsuwp_university_org?post=722"}],"curies":[{"name":"wp","href":"https:\/\/api.w.org\/{rel}","templated":true}]}}