{"id":6,"date":"2023-09-26T15:11:39","date_gmt":"2023-09-26T22:11:39","guid":{"rendered":"http:\/\/labs.wsu.edu\/figueiredo\/?page_id=6"},"modified":"2026-02-16T09:13:36","modified_gmt":"2026-02-16T17:13:36","slug":"the-team","status":"publish","type":"page","link":"https:\/\/labs.wsu.edu\/figueiredo\/the-team\/","title":{"rendered":"The Team"},"content":{"rendered":"<div \n\tclass=\"wsu-people-list \"\n\tdata-component-id=\"500c6bc32ea14d2f8357b14580992df0\"\n\t\t\t\t\t\t\t\t\t\t\t\n\t\t\tdata-className=\"\"\n\t\t\t\t\t\t\t\t\t\t\t\t\n\t\t\tdata-count=\"1\"\n\t\t\t\t\t\t\t\t\t\t\t\t\n\t\t\tdata-page=\"1\"\n\t\t\t\t\t\t\t\t\t\t\t\t\n\t\t\tdata-nid=\"caio.figueiredo\"\n\t\t\t\t\t\t\t\t\t\t\t\t\n\t\t\tdata-classification=\"\"\n\t\t\t\t\t\t\t\t\t\t\t\t\n\t\t\tdata-university-category=\"\"\n\t\t\t\t\t\t\t\t\t\t\t\t\n\t\t\tdata-university-location=\"\"\n\t\t\t\t\t\t\t\t\t\t\t\t\n\t\t\tdata-university-organization=\"\"\n\t\t\t\t\t\t\t\t\t\t\t\t\n\t\t\tdata-tag=\"\"\n\t\t\t\t\t\t\t\t\t\t\t\t\n\t\t\tdata-profile-order=\"\"\n\t\t\t\t\t\t\t\t\t\t\t\t\n\t\t\tdata-display-fields=\"photo,name,title,email,focus-area,profile-link\"\n\t\t\t\t\t\t\t\t\t\t\t\t\n\t\t\tdata-focus-area-label=\"Focus Area\"\n\t\t\t\t\t\t\t\t\t\t\t\t\n\t\t\tdata-website-link-text=\"Website\"\n\t\t\t\t\t\t\t\t\t\t\t\t\n\t\t\tdata-profile-link=\"https:\/\/labs.wsu.edu\/figueiredo\/the-team\/profile\/\"\n\t\t\t\t\t\t\t\t\t\t\t\t\n\t\t\tdata-headingTag=\"h2\"\n\t\t\t\t\t\t\t\t\t\t\t\t\n\t\t\tdata-columns=\"3\"\n\t\t\t\t\t\t\t\t\t\t\t\t\n\t\t\tdata-photo-size=\"medium\"\n\t\t\t\t\t\t\t\t\t\t\t\t\n\t\t\tdata-photo-srcset=\"\"\n\t\t\t\t\t\t\t\t\t\t\t\t\n\t\t\tdata-filters=\"\"\n\t\t\t\t\t\t\t\t\t\t\t\t\n\t\t\tdata-only-show-selected-term-values=\"\"\n\t\t\t\t\t\t\t\t\t\t\t\t\n\t\t\tdata-exclude-term-values=\"\"\n\t\t\t\t\t\t\t\t\t\t\t\t\n\t\t\tdata-include-term-values=\"\"\n\t\t\t\t\t\t\t\t\t\t\t\t\n\t\t\tdata-directory-filter-label=\"Filter by Area\"\n\t\t\t\t\t\t\t\t\t\t\t\t\n\t\t\tdata-directory-filter-terms=\"\"\n\t\t\t\t\t\t\t\t\t\t\t\t\n\t\t\tdata-category-filter-label=\"Filter by Category\"\n\t\t\t\t\t\t\t\t\t\t\t\t\n\t\t\tdata-category-filter-terms=\"\"\n\t\t\t\t\t\t\t\t\t\t\t\t\n\t\t\tdata-classification-filter-label=\"Filter by Classification\"\n\t\t\t\t\t\t\t\t\t\t\t\t\n\t\t\tdata-classification-filter-terms=\"\"\n\t\t\t\t\t\t\t\t\t\t\t\t\n\t\t\tdata-location-filter-label=\"Filter by Location\"\n\t\t\t\t\t\t\t\t\t\t\t\t\n\t\t\tdata-location-filter-terms=\"\"\n\t\t\t\t\t\t\t\t\t\t\t\t\n\t\t\tdata-organization-filter-label=\"Filter by Organization\"\n\t\t\t\t\t\t\t\t\t\t\t\t\n\t\t\tdata-organization-filter-terms=\"\"\n\t\t\t\t\t\t\t\t\t\t\t\t\n\t\t\tdata-search-filter-label=\"Type to search\"\n\t\t\t\t\t\t\t\t\t\t\t\t\n\t\t\tdata-tag-filter-label=\"Filter by Tag\"\n\t\t\t\t\t\t\t\t\t\t\t\t\n\t\t\tdata-tag-filter-terms=\"\"\n\t\t\t\t\t\t\t\t\t\t\t\t\n\t\t\tdata-directory=\"\"\n\t\t\t\t\t\t\t\t\t\t\t\t\n\t\t\tdata-exclude-child-directories=\"1\"\n\t\t\t\t\t\t\t\t\t\t\t\t\n\t\t\tdata-show-profile=\"\"\n\t\t\t\t\t\t\t\t\t\t\t\t\n\t\t\tdata-indexProfiles=\"\"\n\t\t\t\t\t\t\t\t\t\t\t\t\n\t\t\tdata-use-custom-profile-link=\"\"\n\t\t\t\t\t\t\t\t\t\t\t\t\n\t\t\tdata-use-organization=\"\"\n\t\t\t\t\t\t\t\t\t\t\t\t\n\t\t\tdata-custom-profile-link=\"\"\n\t\t\t\t\t\t\t\t\t\t\t\t\n\t\t\tdata-base-url=\"https:\/\/people.wsu.edu\"\n\t\t\t\t\t\t\t\t\t\t\t\t\n\t\t\tdata-children=\"\"\n\t\t><\/div>\n\n\n\n<h2 class=\"wp-block-heading\">Current Graduate Students and Visiting Scholars<\/h2>\n\n\n<div class=\"wsu-row wsu-row--sidebar-left\" >\r\n    \n<div class=\"wsu-column\"  style=\"\">\r\n\t\n<div \n\tclass=\"wsu-people-list \"\n\tdata-component-id=\"cabf77215b504b4f9b3c59e6f2c25ca8\"\n\t\t\t\t\t\t\t\t\t\t\t\n\t\t\tdata-className=\"\"\n\t\t\t\t\t\t\t\t\t\t\t\t\n\t\t\tdata-count=\"1\"\n\t\t\t\t\t\t\t\t\t\t\t\t\n\t\t\tdata-page=\"1\"\n\t\t\t\t\t\t\t\t\t\t\t\t\n\t\t\tdata-nid=\"hussnain.rashid\"\n\t\t\t\t\t\t\t\t\t\t\t\t\n\t\t\tdata-classification=\"\"\n\t\t\t\t\t\t\t\t\t\t\t\t\n\t\t\tdata-university-category=\"\"\n\t\t\t\t\t\t\t\t\t\t\t\t\n\t\t\tdata-university-location=\"\"\n\t\t\t\t\t\t\t\t\t\t\t\t\n\t\t\tdata-university-organization=\"\"\n\t\t\t\t\t\t\t\t\t\t\t\t\n\t\t\tdata-tag=\"\"\n\t\t\t\t\t\t\t\t\t\t\t\t\n\t\t\tdata-profile-order=\"\"\n\t\t\t\t\t\t\t\t\t\t\t\t\n\t\t\tdata-display-fields=\"photo,name,title,email\"\n\t\t\t\t\t\t\t\t\t\t\t\t\n\t\t\tdata-focus-area-label=\"Focus Area\"\n\t\t\t\t\t\t\t\t\t\t\t\t\n\t\t\tdata-website-link-text=\"Website\"\n\t\t\t\t\t\t\t\t\t\t\t\t\n\t\t\tdata-profile-link=\"\"\n\t\t\t\t\t\t\t\t\t\t\t\t\n\t\t\tdata-headingTag=\"h2\"\n\t\t\t\t\t\t\t\t\t\t\t\t\n\t\t\tdata-columns=\"1\"\n\t\t\t\t\t\t\t\t\t\t\t\t\n\t\t\tdata-photo-size=\"medium\"\n\t\t\t\t\t\t\t\t\t\t\t\t\n\t\t\tdata-photo-srcset=\"\"\n\t\t\t\t\t\t\t\t\t\t\t\t\n\t\t\tdata-filters=\"\"\n\t\t\t\t\t\t\t\t\t\t\t\t\n\t\t\tdata-only-show-selected-term-values=\"\"\n\t\t\t\t\t\t\t\t\t\t\t\t\n\t\t\tdata-exclude-term-values=\"\"\n\t\t\t\t\t\t\t\t\t\t\t\t\n\t\t\tdata-include-term-values=\"\"\n\t\t\t\t\t\t\t\t\t\t\t\t\n\t\t\tdata-directory-filter-label=\"Filter by Area\"\n\t\t\t\t\t\t\t\t\t\t\t\t\n\t\t\tdata-directory-filter-terms=\"\"\n\t\t\t\t\t\t\t\t\t\t\t\t\n\t\t\tdata-category-filter-label=\"Filter by Category\"\n\t\t\t\t\t\t\t\t\t\t\t\t\n\t\t\tdata-category-filter-terms=\"\"\n\t\t\t\t\t\t\t\t\t\t\t\t\n\t\t\tdata-classification-filter-label=\"Filter by Classification\"\n\t\t\t\t\t\t\t\t\t\t\t\t\n\t\t\tdata-classification-filter-terms=\"\"\n\t\t\t\t\t\t\t\t\t\t\t\t\n\t\t\tdata-location-filter-label=\"Filter by Location\"\n\t\t\t\t\t\t\t\t\t\t\t\t\n\t\t\tdata-location-filter-terms=\"\"\n\t\t\t\t\t\t\t\t\t\t\t\t\n\t\t\tdata-organization-filter-label=\"Filter by Organization\"\n\t\t\t\t\t\t\t\t\t\t\t\t\n\t\t\tdata-organization-filter-terms=\"\"\n\t\t\t\t\t\t\t\t\t\t\t\t\n\t\t\tdata-search-filter-label=\"Type to search\"\n\t\t\t\t\t\t\t\t\t\t\t\t\n\t\t\tdata-tag-filter-label=\"Filter by Tag\"\n\t\t\t\t\t\t\t\t\t\t\t\t\n\t\t\tdata-tag-filter-terms=\"\"\n\t\t\t\t\t\t\t\t\t\t\t\t\n\t\t\tdata-directory=\"\"\n\t\t\t\t\t\t\t\t\t\t\t\t\n\t\t\tdata-exclude-child-directories=\"1\"\n\t\t\t\t\t\t\t\t\t\t\t\t\n\t\t\tdata-show-profile=\"1\"\n\t\t\t\t\t\t\t\t\t\t\t\t\n\t\t\tdata-indexProfiles=\"\"\n\t\t\t\t\t\t\t\t\t\t\t\t\n\t\t\tdata-use-custom-profile-link=\"\"\n\t\t\t\t\t\t\t\t\t\t\t\t\n\t\t\tdata-use-organization=\"\"\n\t\t\t\t\t\t\t\t\t\t\t\t\n\t\t\tdata-custom-profile-link=\"\"\n\t\t\t\t\t\t\t\t\t\t\t\t\n\t\t\tdata-base-url=\"https:\/\/people.wsu.edu\"\n\t\t\t\t\t\t\t\t\t\t\t\t\n\t\t\tdata-children=\"\"\n\t\t><\/div>\n\n\n\n<p><\/p>\n\n<\/div>\r\n\n\n<div class=\"wsu-column\"  style=\"\">\r\n\t\n\n<div style=\"height:50px\" aria-hidden=\"true\" class=\"wp-block-spacer\"><\/div>\n\n\n\n<p>Hussnain, born and raised in Faisalabad, Pakistan, holds a Doctor of Veterinary Medicine (2017) and a Master&#8217;s in Theriogenology (2019) from the University of Agriculture, Faisalabad. In 2022, he began postgraduate research on the uterine health of dairy cows at Ghent University, Belgium while working with microbial metagenomics. In 2024, he commenced his PhD at Washington State University under Dr. Figueiredo, focusing on integrating omics techniques to further explore underlying mechanisms of uterine diseases.<\/p>\n\n\n\n<p><a href=\"https:\/\/www.linkedin.com\/in\/hussnainrashid\/\">Hussnain on LinkedIn<\/a><\/p>\n\n<\/div>\r\n\n<\/div>\n\n<div class=\"wsu-row wsu-row--sidebar-left\" >\r\n    \n<div class=\"wsu-column\"  style=\"\">\r\n\t\n<div \n\tclass=\"wsu-people-list \"\n\tdata-component-id=\"593dcea8abde4f1daf1684e66854a800\"\n\t\t\t\t\t\t\t\t\t\t\t\n\t\t\tdata-className=\"\"\n\t\t\t\t\t\t\t\t\t\t\t\t\n\t\t\tdata-count=\"1\"\n\t\t\t\t\t\t\t\t\t\t\t\t\n\t\t\tdata-page=\"1\"\n\t\t\t\t\t\t\t\t\t\t\t\t\n\t\t\tdata-nid=\"mackenzie.potter1\"\n\t\t\t\t\t\t\t\t\t\t\t\t\n\t\t\tdata-classification=\"\"\n\t\t\t\t\t\t\t\t\t\t\t\t\n\t\t\tdata-university-category=\"\"\n\t\t\t\t\t\t\t\t\t\t\t\t\n\t\t\tdata-university-location=\"\"\n\t\t\t\t\t\t\t\t\t\t\t\t\n\t\t\tdata-university-organization=\"\"\n\t\t\t\t\t\t\t\t\t\t\t\t\n\t\t\tdata-tag=\"\"\n\t\t\t\t\t\t\t\t\t\t\t\t\n\t\t\tdata-profile-order=\"\"\n\t\t\t\t\t\t\t\t\t\t\t\t\n\t\t\tdata-display-fields=\"photo,name,title,email\"\n\t\t\t\t\t\t\t\t\t\t\t\t\n\t\t\tdata-focus-area-label=\"Focus Area\"\n\t\t\t\t\t\t\t\t\t\t\t\t\n\t\t\tdata-website-link-text=\"Website\"\n\t\t\t\t\t\t\t\t\t\t\t\t\n\t\t\tdata-profile-link=\"\"\n\t\t\t\t\t\t\t\t\t\t\t\t\n\t\t\tdata-headingTag=\"h2\"\n\t\t\t\t\t\t\t\t\t\t\t\t\n\t\t\tdata-columns=\"1\"\n\t\t\t\t\t\t\t\t\t\t\t\t\n\t\t\tdata-photo-size=\"medium\"\n\t\t\t\t\t\t\t\t\t\t\t\t\n\t\t\tdata-photo-srcset=\"\"\n\t\t\t\t\t\t\t\t\t\t\t\t\n\t\t\tdata-filters=\"\"\n\t\t\t\t\t\t\t\t\t\t\t\t\n\t\t\tdata-only-show-selected-term-values=\"\"\n\t\t\t\t\t\t\t\t\t\t\t\t\n\t\t\tdata-exclude-term-values=\"\"\n\t\t\t\t\t\t\t\t\t\t\t\t\n\t\t\tdata-include-term-values=\"\"\n\t\t\t\t\t\t\t\t\t\t\t\t\n\t\t\tdata-directory-filter-label=\"Filter by Area\"\n\t\t\t\t\t\t\t\t\t\t\t\t\n\t\t\tdata-directory-filter-terms=\"\"\n\t\t\t\t\t\t\t\t\t\t\t\t\n\t\t\tdata-category-filter-label=\"Filter by Category\"\n\t\t\t\t\t\t\t\t\t\t\t\t\n\t\t\tdata-category-filter-terms=\"\"\n\t\t\t\t\t\t\t\t\t\t\t\t\n\t\t\tdata-classification-filter-label=\"Filter by Classification\"\n\t\t\t\t\t\t\t\t\t\t\t\t\n\t\t\tdata-classification-filter-terms=\"\"\n\t\t\t\t\t\t\t\t\t\t\t\t\n\t\t\tdata-location-filter-label=\"Filter by Location\"\n\t\t\t\t\t\t\t\t\t\t\t\t\n\t\t\tdata-location-filter-terms=\"\"\n\t\t\t\t\t\t\t\t\t\t\t\t\n\t\t\tdata-organization-filter-label=\"Filter by Organization\"\n\t\t\t\t\t\t\t\t\t\t\t\t\n\t\t\tdata-organization-filter-terms=\"\"\n\t\t\t\t\t\t\t\t\t\t\t\t\n\t\t\tdata-search-filter-label=\"Type to search\"\n\t\t\t\t\t\t\t\t\t\t\t\t\n\t\t\tdata-tag-filter-label=\"Filter by Tag\"\n\t\t\t\t\t\t\t\t\t\t\t\t\n\t\t\tdata-tag-filter-terms=\"\"\n\t\t\t\t\t\t\t\t\t\t\t\t\n\t\t\tdata-directory=\"\"\n\t\t\t\t\t\t\t\t\t\t\t\t\n\t\t\tdata-exclude-child-directories=\"1\"\n\t\t\t\t\t\t\t\t\t\t\t\t\n\t\t\tdata-show-profile=\"1\"\n\t\t\t\t\t\t\t\t\t\t\t\t\n\t\t\tdata-indexProfiles=\"\"\n\t\t\t\t\t\t\t\t\t\t\t\t\n\t\t\tdata-use-custom-profile-link=\"\"\n\t\t\t\t\t\t\t\t\t\t\t\t\n\t\t\tdata-use-organization=\"\"\n\t\t\t\t\t\t\t\t\t\t\t\t\n\t\t\tdata-custom-profile-link=\"\"\n\t\t\t\t\t\t\t\t\t\t\t\t\n\t\t\tdata-base-url=\"https:\/\/people.wsu.edu\"\n\t\t\t\t\t\t\t\t\t\t\t\t\n\t\t\tdata-children=\"\"\n\t\t><\/div>\n\n\n\n<p><\/p>\n\n<\/div>\r\n\n\n<div class=\"wsu-column\"  style=\"\">\r\n\t\n\n<div style=\"height:50px\" aria-hidden=\"true\" class=\"wp-block-spacer\"><\/div>\n\n\n\n<p>Mackenzie Potter was born and raised in Sacramento, California. She graduated with a bachelor&#8217;s degree in animal sciences from Washington State University in 2025. In the same year, she began her master\u2019s program in Biomedical Sciences \u2013 Clinical Translational Sciences at Washington State University supervised by Dr. Figueiredo. Her research focuses on uterine health in dairy cattle using the liver health index, with the goal of improving reproductive and productive performance in the dairy industry. Throughout her academic journey, Mackenzie gained hands on experience in animal handling, research, and leadership through her work at WSU\u2019s college facilities and involvement in industry organizations.&nbsp;<\/p>\n\n\n\n<p><a href=\"https:\/\/www.linkedin.com\/in\/mackenzie-potter-23aa19354\/\">Mackenzie on LinkedIn<\/a><\/p>\n\n<\/div>\r\n\n<\/div>\n\n\n<hr class=\"wp-block-separator has-alpha-channel-opacity\" \/>\n\n\n\n<h2 class=\"wp-block-heading\">Alumni and Past Visiting Scholars<\/h2>\n\n\n<div class=\"wsu-row wsu-row--sidebar-left\" >\r\n    \n<div class=\"wsu-column\"  style=\"\">\r\n\t\n\n<h3 class=\"wp-block-heading  wsu-font-size--xxmedium\">Frederico N. de S. Pereira<\/h3>\n\n\n\n<figure class=\"wp-block-image size-full\"><img decoding=\"async\" loading=\"lazy\" width=\"720\" height=\"480\" src=\"https:\/\/wpcdn.web.wsu.edu\/wp-labs\/uploads\/sites\/3348\/2024\/01\/Narcisco-S-Pereira-Frederico-welcome.jpg\" alt=\"Frederico outside the Veterinary Teaching Hospital.\" class=\"wp-image-112\" srcset=\"https:\/\/wpcdn.web.wsu.edu\/wp-labs\/uploads\/sites\/3348\/2024\/01\/Narcisco-S-Pereira-Frederico-welcome.jpg 720w, https:\/\/wpcdn.web.wsu.edu\/wp-labs\/uploads\/sites\/3348\/2024\/01\/Narcisco-S-Pereira-Frederico-welcome-396x264.jpg 396w\" sizes=\"(max-width: 720px) 100vw, 720px\" \/><\/figure>\n\n<\/div>\r\n\n\n<div class=\"wsu-column\"  style=\"\">\r\n\t\n\n<p>Frederico Narciso de Souza Pereira was born and raised in Uberaba, Minas Gerais, in the southeast of Brazil. He graduated in Veterinary Medicine from the Universidade de Uberaba in 2017. Prior to this, he completed a course in Animal Science and Agricultural Technology at the Instituto Federal do Triangulo Mineiro in 2014. After finishing his veterinary training, Frederico completed an internship at Marcus Dairy Farm in Raymond, MN. In 2022, he joined the Caixeta Lab at the University of Minnesota as a Trainee and a member of the research team, where he worked on research related to metabolic and infectious diseases in dairy cows. In 2024, Frederico commenced his master&#8217;s program at Washington State University, supervised by Dr. Figueiredo. His research focuses on uterine health in dairy cattle and aims to enhance reproductive and productive performance. Upon graduation, Frederico joined UC Davis as a PhD student. <\/p>\n\n\n\n<p><a href=\"https:\/\/nam12.safelinks.protection.outlook.com\/?url=https%3A%2F%2Fwww.linkedin.com%2Fin%2Ffrederico-narciso-s-pereira-a4162018a%2F&amp;data=05%7C02%7Ccherylm%40wsu.edu%7C367331650de24d5d37e908dc1c575559%7Cb52be471f7f147b4a8790c799bb53db5%7C0%7C0%7C638416408666109360%7CUnknown%7CTWFpbGZsb3d8eyJWIjoiMC4wLjAwMDAiLCJQIjoiV2luMzIiLCJBTiI6Ik1haWwiLCJXVCI6Mn0%3D%7C3000%7C%7C%7C&amp;sdata=Ube%2BKPri5nqxc3%2F8xgZ4LeAP4hY%2FB3f8Vijdvp3Z9Kw%3D&amp;reserved=0\">Frederico on LinkedIn<\/a><\/p>\n\n<\/div>\r\n\n<\/div>\n\n<div class=\"wsu-row wsu-row--sidebar-left\" >\r\n    \n<div class=\"wsu-column\"  style=\"\">\r\n\t\n\n<h3 class=\"wp-block-heading  wsu-font-size--xxmedium\">Aline Martelo Pereira<\/h3>\n\n\n\n<figure class=\"wp-block-image size-full is-resized\"><img decoding=\"async\" loading=\"lazy\" src=\"https:\/\/wpcdn.web.wsu.edu\/wp-labs\/uploads\/sites\/3348\/2025\/06\/image-1.png\" alt=\"Professional headshot of Aline. She is outside with stairs and greenery behind her.\" class=\"wp-image-205\" width=\"362\" height=\"204\" srcset=\"https:\/\/wpcdn.web.wsu.edu\/wp-labs\/uploads\/sites\/3348\/2025\/06\/image-1.png 600w, https:\/\/wpcdn.web.wsu.edu\/wp-labs\/uploads\/sites\/3348\/2025\/06\/image-1-396x223.png 396w\" sizes=\"(max-width: 362px) 100vw, 362px\" \/><\/figure>\n\n<\/div>\r\n\n\n<div class=\"wsu-column\"  style=\"\">\r\n\t\n\n<p>Aline Martelo Pereira grew up in the small town of Eldorado in the Midwest region of Brazil. She completed her degree in Veterinary Medicine at Pontif\u00edcia Universidade Cat\u00f3lica do Paran\u00e1 (Brazil, 2016). She earned an MS degree from Universidade de Uberaba (Brazil, 2021), where she conducted research related to animal welfare, and sustainability\/management of dairy farms and beef operations. In 2023, she started her MS program at Washington State University under the supervision of Dr. Figueiredo. She aimed to deeply explore mechanisms of subfertility and establishment of uterine diseases in dairy cattle and their economic impact. Upon graduation, Aline joined Texas A&amp;M University as a PhD student. <\/p>\n\n\n\n<p><a href=\"https:\/\/www.linkedin.com\/in\/alinemartelopereira\/\">Aline on LinkedIn<\/a><\/p>\n\n<\/div>\r\n\n<\/div>\n\n<div class=\"wsu-row wsu-row--sidebar-left\" >\r\n    \n<div class=\"wsu-column\"  style=\"\">\r\n\t\n\n<h3 class=\"wp-block-heading  wsu-font-size--xxmedium\">Maria Clara Oliveira Costa<\/h3>\n\n\n\n<figure class=\"wp-block-image size-large\"><img decoding=\"async\" loading=\"lazy\" width=\"767\" height=\"710\" src=\"https:\/\/s3.wp.wsu.edu\/uploads\/sites\/3348\/2024\/03\/WhatsApp-Image-2024-03-21-at-4.02.50-PM.jpeg\" alt=\"Maria outside, she's wearing black and tan.\" class=\"wp-image-129\" srcset=\"https:\/\/wpcdn.web.wsu.edu\/wp-labs\/uploads\/sites\/3348\/2024\/03\/WhatsApp-Image-2024-03-21-at-4.02.50-PM.jpeg 767w, https:\/\/wpcdn.web.wsu.edu\/wp-labs\/uploads\/sites\/3348\/2024\/03\/WhatsApp-Image-2024-03-21-at-4.02.50-PM-396x367.jpeg 396w\" sizes=\"(max-width: 767px) 100vw, 767px\" \/><\/figure>\n\n<\/div>\r\n\n\n<div class=\"wsu-column\"  style=\"\">\r\n\t\n\n<p>Maria Clara Oliveira Costa was born and raised in a small town in the mid-west of Brazil called Americano do Brasil. In 2019, she was accepted into the DVM program at Universidade Estadual do Goi\u00e1s. Throughout her DVM program, Maria Clara had the opportunity to work with reproductive biotechnology applied to dairy cows in small dairy operation in Goi\u00e1s. In January of 2024, she joined the Figueiredo lab at Washington State University, where she collaborates on several research projects related to dairy cows&#8217; uterine health and subfertility. In 2025, Maria Clara became a MS student at Universidade Federal de Goi\u00e1s and also works as a bovine practitioner in her region. <\/p>\n\n\n\n<p><a href=\"https:\/\/www.linkedin.com\/in\/maria-clara-oliveira-costa-8476a21ab\/\">Maria Clara on LinkedIn<\/a><\/p>\n\n<\/div>\r\n\n<\/div>\n\n<div class=\"wsu-row wsu-row--sidebar-left\" >\r\n    \n<div class=\"wsu-column\"  style=\"\">\r\n\t\n\n<h3 class=\"wp-block-heading  wsu-font-size--xxmedium\">Erollykens Ferreira Santos<\/h3>\n\n\n\n<figure class=\"wp-block-image size-large is-resized\"><img decoding=\"async\" loading=\"lazy\" src=\"https:\/\/wpcdn.web.wsu.edu\/wp-labs\/uploads\/sites\/3348\/2024\/11\/IMG_6836-792x1056.jpg\" alt=\"Erollykens outside on a sunny day.\" class=\"wp-image-173\" width=\"322\" height=\"429\" srcset=\"https:\/\/wpcdn.web.wsu.edu\/wp-labs\/uploads\/sites\/3348\/2024\/11\/IMG_6836-792x1056.jpg 792w, https:\/\/wpcdn.web.wsu.edu\/wp-labs\/uploads\/sites\/3348\/2024\/11\/IMG_6836-396x528.jpg 396w, https:\/\/wpcdn.web.wsu.edu\/wp-labs\/uploads\/sites\/3348\/2024\/11\/IMG_6836-768x1024.jpg 768w, https:\/\/wpcdn.web.wsu.edu\/wp-labs\/uploads\/sites\/3348\/2024\/11\/IMG_6836-1152x1536.jpg 1152w, https:\/\/wpcdn.web.wsu.edu\/wp-labs\/uploads\/sites\/3348\/2024\/11\/IMG_6836-1536x2048.jpg 1536w, https:\/\/wpcdn.web.wsu.edu\/wp-labs\/uploads\/sites\/3348\/2024\/11\/IMG_6836-scaled.jpg 1920w\" sizes=\"(max-width: 322px) 100vw, 322px\" \/><\/figure>\n\n<\/div>\r\n\n\n<div class=\"wsu-column\"  style=\"\">\r\n\t\n\n<p><\/p>\n\n\n\n<p>Erollykens Ferreira Santos is an animal scientist, graduated from the Federal University of Vi\u00e7osa (UFV). During her undergraduate studies, she had the opportunity to work with the nutrition and reproduction of dairy heifers and cows, and calf management. In 2023, she joined the MS program in Ruminant Production Nutrition at UFV, under the supervision of Dr. Marcos In\u00e1cio Marcondes. Her research focuses on the mixing quality of total mixed rations (TMR) for dairy cows. In August 2024, Erollykens began her collaboration at Figueiredo&#8217;s Lab at Washington State University, where she is involved in several research projects related to uterine health and subfertility in dairy cows. In April 2025, Erollykens moved to Virginia to start her PhD program at Virginia Tech School of Animal Sciences.  <\/p>\n\n\n\n<p><a href=\"https:\/\/www.linkedin.com\/in\/erollykens-ferreira-406858231\/\">Erollykens <\/a><a href=\"https:\/\/www.linkedin.com\/in\/maria-clara-oliveira-costa-8476a21ab\/\">on <\/a><a href=\"https:\/\/www.linkedin.com\/in\/erollykens-ferreira-406858231\/\">LinkedIn<\/a><\/p>\n\n<\/div>\r\n\n<\/div>\n\n\n<p><\/p>\n","protected":false},"excerpt":{"rendered":"<p>Current Graduate Students and Visiting Scholars Alumni and Past Visiting Scholars<\/p>\n","protected":false},"author":1351,"featured_media":0,"parent":0,"menu_order":0,"comment_status":"closed","ping_status":"closed","template":"","meta":[],"categories":[],"tags":[],"wsuwp_university_location":[],"wsuwp_university_org":[],"_links":{"self":[{"href":"https:\/\/labs.wsu.edu\/figueiredo\/wp-json\/wp\/v2\/pages\/6"}],"collection":[{"href":"https:\/\/labs.wsu.edu\/figueiredo\/wp-json\/wp\/v2\/pages"}],"about":[{"href":"https:\/\/labs.wsu.edu\/figueiredo\/wp-json\/wp\/v2\/types\/page"}],"author":[{"embeddable":true,"href":"https:\/\/labs.wsu.edu\/figueiredo\/wp-json\/wp\/v2\/users\/1351"}],"replies":[{"embeddable":true,"href":"https:\/\/labs.wsu.edu\/figueiredo\/wp-json\/wp\/v2\/comments?post=6"}],"version-history":[{"count":50,"href":"https:\/\/labs.wsu.edu\/figueiredo\/wp-json\/wp\/v2\/pages\/6\/revisions"}],"predecessor-version":[{"id":250,"href":"https:\/\/labs.wsu.edu\/figueiredo\/wp-json\/wp\/v2\/pages\/6\/revisions\/250"}],"wp:attachment":[{"href":"https:\/\/labs.wsu.edu\/figueiredo\/wp-json\/wp\/v2\/media?parent=6"}],"wp:term":[{"taxonomy":"category","embeddable":true,"href":"https:\/\/labs.wsu.edu\/figueiredo\/wp-json\/wp\/v2\/categories?post=6"},{"taxonomy":"post_tag","embeddable":true,"href":"https:\/\/labs.wsu.edu\/figueiredo\/wp-json\/wp\/v2\/tags?post=6"},{"taxonomy":"wsuwp_university_location","embeddable":true,"href":"https:\/\/labs.wsu.edu\/figueiredo\/wp-json\/wp\/v2\/wsuwp_university_location?post=6"},{"taxonomy":"wsuwp_university_org","embeddable":true,"href":"https:\/\/labs.wsu.edu\/figueiredo\/wp-json\/wp\/v2\/wsuwp_university_org?post=6"}],"curies":[{"name":"wp","href":"https:\/\/api.w.org\/{rel}","templated":true}]}}