{"id":135,"date":"2023-06-22T16:30:03","date_gmt":"2023-06-22T23:30:03","guid":{"rendered":"https:\/\/labs.wsu.edu\/hudson-biological-reserve\/?page_id=135"},"modified":"2026-03-23T13:14:13","modified_gmt":"2026-03-23T20:14:13","slug":"insect-arthropod-microbial-and-soil-diversity","status":"publish","type":"page","link":"https:\/\/labs.wsu.edu\/hudson-biological-reserve\/insect-arthropod-microbial-and-soil-diversity\/","title":{"rendered":"Insect, Arthropod, Microbial, and Soil Diversity"},"content":{"rendered":"\n<h2 class=\"wp-block-heading\">Research Articles: Insects and Arthropods<\/h2>\n\n\n\n<ul>\n<li><a href=\"https:\/\/bdj.pensoft.net\/article\/65768\/\">Ants of the Palouse Prairie: diversity and species composition in an Endangered Grassland<\/a><\/li>\n\n\n\n<li><a href=\"https:\/\/www.lib.uidaho.edu\/digital\/etd\/items\/etd_342.html\" data-type=\"URL\" data-id=\"https:\/\/www.lib.uidaho.edu\/digital\/etd\/items\/etd_342.html\">Habitat Loss and Fragmentation on the Palouse and its Impact on arthropod conservation<\/a><\/li>\n\n\n\n<li><a href=\"https:\/\/academic.oup.com\/jinsectscience\/article\/13\/1\/26\/1068502?login=false\" data-type=\"URL\" data-id=\"https:\/\/academic.oup.com\/jinsectscience\/article\/13\/1\/26\/1068502?login=false\">Bumble bee fauna of Palouse Prairie: Survey of native bee pollinators in a fragmented ecosystem<\/a><\/li>\n<\/ul>\n\n\n\n<h2 class=\"wp-block-heading\">Research Articles: Cyanobacterial and Algal Diversity (Biological Soil Crusts)<\/h2>\n\n\n\n<ul>\n<li><a href=\"http:\/\/content.libraries.wsu.edu\/index.php\/utils\/getfile\/collection\/palouse_dig\/id\/1415\/filename\/1410.pdf\" data-type=\"URL\" data-id=\"http:\/\/content.libraries.wsu.edu\/index.php\/utils\/getfile\/collection\/palouse_dig\/id\/1415\/filename\/1410.pdf\">New species of green microalgae (Chlorophycophyta) from an eastern Washington silt loam<\/a><\/li>\n\n\n\n<li>Karolina Fu\u010d\u00edkov\u00e1, Jared C. Rada &amp; Louise A. Lewis (2011) The tangled taxonomic history of <em>Dictyococcus, Bracteacoccus<\/em> and <em>Pseudomuriella<\/em> (Chlorophyceae, Chlorophyta) and their distinction based on a phylogenetic perspective, Phycologia, 50:4, 422-429, DOI: <a href=\"https:\/\/doi.org\/10.2216\/10-69.1\">Link to paper.<\/a><\/li>\n\n\n\n<li>(Metting, F. B. 1979. A comparative study of algal communities on cultivated and uncultivated portions of a Schumacher silt loam. Ph.D. Dissertation, Department of Botany, Washington State University.)<\/li>\n\n\n\n<li>Ashley, J. 1988. Soil algal population and community biology: laboratory and field studies. Ph.D. Dissertation, Department of Botany, Washington State University.<\/li>\n<\/ul>\n\n\n\n<h2 class=\"wp-block-heading\">Research Articles: Soil Microbial Diversity<\/h2>\n\n\n\n<ul>\n<li><a href=\"https:\/\/www.sciencedirect.com\/science\/article\/abs\/pii\/S0038071719302895?via%3Dihub\">Bacterial communities of soil and earthworm casts of native Palouse Prairie remnants and no-till wheat cropping systems<\/a><\/li>\n\n\n\n<li><a href=\"https:\/\/www.sciencedirect.com\/science\/article\/abs\/pii\/S0168170216306463?via%3Dihub\" data-type=\"URL\" data-id=\"https:\/\/www.sciencedirect.com\/science\/article\/abs\/pii\/S0168170216306463?via%3Dihub\">Agroecological and environmental factors influence Barley yellow dwarf viruses in grasslands in the US Pacific Northwest<\/a><\/li>\n\n\n\n<li><a href=\"https:\/\/www.jstor.org\/stable\/2960607\" data-type=\"URL\" data-id=\"https:\/\/www.jstor.org\/stable\/2960607\">Patterns of Rhizosphere Microbial Community Structure Associated with Co-Occurring Plant Species<\/a><\/li>\n<\/ul>\n\n\n<div class=\"wsu-row wsu-row--sidebar-left\" >\r\n    \n<div class=\"wsu-column\"  style=\"\">\r\n\t\n\n<h3 class=\"wp-block-heading\">Additional Insect Diversity Links<\/h3>\n\n\n\n<ul>\n<li><a href=\"https:\/\/s3.wp.wsu.edu\/uploads\/sites\/1119\/2021\/08\/amp_nh_plan_animal.pdf\" data-type=\"URL\" data-id=\"https:\/\/s3.wp.wsu.edu\/uploads\/sites\/1119\/2021\/08\/amp_nh_plan_animal.pdf\">Animal\/Inverdibrate Diversity<\/a><\/li>\n\n\n\n<li><\/li>\n<\/ul>\n\n\n\n<h3 class=\"wp-block-heading\">Additional Soil Links:<\/h3>\n\n\n\n<ul>\n<li><a href=\"https:\/\/s3.wp.wsu.edu\/uploads\/sites\/1119\/2021\/08\/amp_nh_plan_communities.pdf\" data-type=\"URL\" data-id=\"https:\/\/s3.wp.wsu.edu\/uploads\/sites\/1119\/2021\/08\/amp_nh_plan_communities.pdf\">Ecological Community Distribution in WA (includes Smoot Hill) <\/a><\/li>\n<\/ul>\n\n<\/div>\r\n\n\n<div class=\"wsu-column\"  style=\"\">\r\n\t\n\n<figure class=\"wp-block-gallery has-nested-images columns-default is-cropped wp-block-gallery-1 is-layout-flex\">\n<figure class=\"wp-block-image size-large\"><img decoding=\"async\" loading=\"lazy\" width=\"792\" height=\"1056\" src=\"https:\/\/wpcdn.web.wsu.edu\/wp-labs\/uploads\/sites\/1661\/2023\/06\/PXL_20210526_205709677.PORTRAIT-2048x1536-1-792x1056.jpg\" alt=\"Native Bombus sp. (bumblebee) on Balsamorhiza sagitatta (Arrowleaf Balsamroot)\" class=\"wp-image-139\" srcset=\"https:\/\/wpcdn.web.wsu.edu\/wp-labs\/uploads\/sites\/1661\/2023\/06\/PXL_20210526_205709677.PORTRAIT-2048x1536-1-792x1056.jpg 792w, https:\/\/wpcdn.web.wsu.edu\/wp-labs\/uploads\/sites\/1661\/2023\/06\/PXL_20210526_205709677.PORTRAIT-2048x1536-1-396x528.jpg 396w, https:\/\/wpcdn.web.wsu.edu\/wp-labs\/uploads\/sites\/1661\/2023\/06\/PXL_20210526_205709677.PORTRAIT-2048x1536-1-768x1024.jpg 768w, https:\/\/wpcdn.web.wsu.edu\/wp-labs\/uploads\/sites\/1661\/2023\/06\/PXL_20210526_205709677.PORTRAIT-2048x1536-1-1152x1536.jpg 1152w, https:\/\/wpcdn.web.wsu.edu\/wp-labs\/uploads\/sites\/1661\/2023\/06\/PXL_20210526_205709677.PORTRAIT-2048x1536-1-149x198.jpg 149w, https:\/\/wpcdn.web.wsu.edu\/wp-labs\/uploads\/sites\/1661\/2023\/06\/PXL_20210526_205709677.PORTRAIT-2048x1536-1-rotated.jpg 1536w\" sizes=\"(max-width: 792px) 100vw, 792px\" \/><\/figure>\n\n\n\n<figure class=\"wp-block-image size-large\"><img decoding=\"async\" loading=\"lazy\" width=\"792\" height=\"594\" src=\"https:\/\/wpcdn.web.wsu.edu\/wp-labs\/uploads\/sites\/1661\/2023\/06\/PXL_20210610_202450915-2048x1536-1-792x594.jpg\" alt=\"Biological soil crust consisting of mosses (green) and lichens (black and white)\" class=\"wp-image-140\" srcset=\"https:\/\/wpcdn.web.wsu.edu\/wp-labs\/uploads\/sites\/1661\/2023\/06\/PXL_20210610_202450915-2048x1536-1-792x594.jpg 792w, https:\/\/wpcdn.web.wsu.edu\/wp-labs\/uploads\/sites\/1661\/2023\/06\/PXL_20210610_202450915-2048x1536-1-396x297.jpg 396w, https:\/\/wpcdn.web.wsu.edu\/wp-labs\/uploads\/sites\/1661\/2023\/06\/PXL_20210610_202450915-2048x1536-1-768x576.jpg 768w, https:\/\/wpcdn.web.wsu.edu\/wp-labs\/uploads\/sites\/1661\/2023\/06\/PXL_20210610_202450915-2048x1536-1-1536x1152.jpg 1536w, https:\/\/wpcdn.web.wsu.edu\/wp-labs\/uploads\/sites\/1661\/2023\/06\/PXL_20210610_202450915-2048x1536-1-198x149.jpg 198w, https:\/\/wpcdn.web.wsu.edu\/wp-labs\/uploads\/sites\/1661\/2023\/06\/PXL_20210610_202450915-2048x1536-1.jpg 2048w\" sizes=\"(max-width: 792px) 100vw, 792px\" \/><\/figure>\n\n\n\n<figure class=\"wp-block-image size-large\"><img decoding=\"async\" loading=\"lazy\" width=\"792\" height=\"834\" src=\"https:\/\/wpcdn.web.wsu.edu\/wp-labs\/uploads\/sites\/1661\/2023\/06\/20200701_200803-scaled-e1627858075600-792x834.jpg\" alt=\"Arbuscular Mycorrhizal Fungi (AMF) in plant roots (Cheeke Lab, WSU)\" class=\"wp-image-141\" srcset=\"https:\/\/wpcdn.web.wsu.edu\/wp-labs\/uploads\/sites\/1661\/2023\/06\/20200701_200803-scaled-e1627858075600-792x834.jpg 792w, https:\/\/wpcdn.web.wsu.edu\/wp-labs\/uploads\/sites\/1661\/2023\/06\/20200701_200803-scaled-e1627858075600-396x417.jpg 396w, https:\/\/wpcdn.web.wsu.edu\/wp-labs\/uploads\/sites\/1661\/2023\/06\/20200701_200803-scaled-e1627858075600-768x809.jpg 768w, https:\/\/wpcdn.web.wsu.edu\/wp-labs\/uploads\/sites\/1661\/2023\/06\/20200701_200803-scaled-e1627858075600-188x198.jpg 188w, https:\/\/wpcdn.web.wsu.edu\/wp-labs\/uploads\/sites\/1661\/2023\/06\/20200701_200803-scaled-e1627858075600.jpg 1440w\" sizes=\"(max-width: 792px) 100vw, 792px\" \/><\/figure>\n<figcaption class=\"blocks-gallery-caption wp-element-caption\">(left to right) <em>Native&nbsp;Bombus sp. (bumblebee) on Balsamorhiza sagitatta (Arrowleaf Balsamroot)<\/em>, <em>Biological soil crust consisting of mosses (green) and lichens (black and white)<\/em>, <em>Arbuscular Mycorrhizal Fungi (AMF) in plant roots (Cheeke Lab, WSU)<\/em><\/figcaption><\/figure>\n\n<\/div>\r\n\n<\/div>","protected":false},"excerpt":{"rendered":"<p>Research Articles: Insects and Arthropods Research Articles: Cyanobacterial and Algal Diversity (Biological Soil Crusts) Research Articles: Soil Microbial Diversity<\/p>\n","protected":false},"author":36766,"featured_media":0,"parent":0,"menu_order":0,"comment_status":"closed","ping_status":"closed","template":"","meta":[],"wsuwp_university_location":[],"wsuwp_university_org":[],"_links":{"self":[{"href":"https:\/\/labs.wsu.edu\/hudson-biological-reserve\/wp-json\/wp\/v2\/pages\/135"}],"collection":[{"href":"https:\/\/labs.wsu.edu\/hudson-biological-reserve\/wp-json\/wp\/v2\/pages"}],"about":[{"href":"https:\/\/labs.wsu.edu\/hudson-biological-reserve\/wp-json\/wp\/v2\/types\/page"}],"author":[{"embeddable":true,"href":"https:\/\/labs.wsu.edu\/hudson-biological-reserve\/wp-json\/wp\/v2\/users\/36766"}],"replies":[{"embeddable":true,"href":"https:\/\/labs.wsu.edu\/hudson-biological-reserve\/wp-json\/wp\/v2\/comments?post=135"}],"version-history":[{"count":8,"href":"https:\/\/labs.wsu.edu\/hudson-biological-reserve\/wp-json\/wp\/v2\/pages\/135\/revisions"}],"predecessor-version":[{"id":589,"href":"https:\/\/labs.wsu.edu\/hudson-biological-reserve\/wp-json\/wp\/v2\/pages\/135\/revisions\/589"}],"wp:attachment":[{"href":"https:\/\/labs.wsu.edu\/hudson-biological-reserve\/wp-json\/wp\/v2\/media?parent=135"}],"wp:term":[{"taxonomy":"wsuwp_university_location","embeddable":true,"href":"https:\/\/labs.wsu.edu\/hudson-biological-reserve\/wp-json\/wp\/v2\/wsuwp_university_location?post=135"},{"taxonomy":"wsuwp_university_org","embeddable":true,"href":"https:\/\/labs.wsu.edu\/hudson-biological-reserve\/wp-json\/wp\/v2\/wsuwp_university_org?post=135"}],"curies":[{"name":"wp","href":"https:\/\/api.w.org\/{rel}","templated":true}]}}