{"id":8,"date":"2015-10-01T12:30:07","date_gmt":"2015-10-01T19:30:07","guid":{"rendered":"http:\/\/labs.wsu.edu\/knoblauch\/?page_id=8"},"modified":"2026-03-20T10:15:15","modified_gmt":"2026-03-20T17:15:15","slug":"publications","status":"publish","type":"page","link":"https:\/\/labs.wsu.edu\/knoblauch\/publications\/","title":{"rendered":"Publications"},"content":{"rendered":"<header class=\"wsu-article-header \">\r\n\t<h1 class=\"wsu-article-header__title\">\r\n\t\tPublications\t<\/h1>\r\n\t\t<\/header>\r\n\n\n<div class=\"wsu-row wsu-row--single\" >\r\n    \n<div class=\"wsu-column\"  style=\"\">\r\n\t\n\n<h2 class=\"wp-block-heading\">(red text links to the journal page)<\/h2>\n\n\n\n<p>Benjamin T Julius, Tyler J McCubbin, Rachel A Mertz, Nick Baert, Jan Knoblauch, DeAna G Grant, Kyle Conner, Saadia Bihmidine, Paul Chomet, Ruth Wagner, Jeff Woessner, Karen Grote, Jeanette Peevers, Thomas L Slewinski, Maureen C McCann, Nicholas C Carpita, Michael Knoblauch, David M Braun<em>.<\/em> (2021). Maize Brittle Stalk2-Like3, encoding a COBRA protein, functions in cell wall formation and carbohydrate partitioning. <strong>The Plant Cell<\/strong> https:\/\/doi.org\/10.1093\/plcell\/koab193<\/p>\n\n\n\n<p>Karimi SM, Freund M, Wager BM<em>, et al.<\/em>, 2021. Under salt stress guard cells rewire ion transport and abscisic acid (ABA) signaling. <strong><em>New Phytologist<\/em>.<\/strong><\/p>\n\n\n\n<p>Knoblauch J, Knoblauch M, Vasina VV, Peters WS, 2020. Sieve elements rapidly develop \u2018nacreous walls\u2019 following injury\u2212 a common wounding response? <strong><em>The Plant Journal<\/em><\/strong>102, 797-808.<\/p>\n\n\n\n<p>Howell AH, Peters WS, Knoblauch M, 2020. The diffusive injection micropipette (DIMP). <em><strong>Journal of Plant Physiology<\/strong><\/em> <strong>244<\/strong>, 153060.<\/p>\n\n\n\n<p>Liu Y, Peters WS, Froelich DR<em>, et al.<\/em>, 2020. Aspartate Residues in a Forisome-Forming SEO Protein Are Critical for Protein Body Assembly and Ca2+ Responsiveness. <strong><em>Plant and Cell Physiology<\/em><\/strong> 61, 1699-710.<\/p>\n\n\n\n<p>Peters WS, Jensen KH, Stone HA, Knoblauch M, 2020. Plasmodesmata and the problems with size: interpreting the confusion. <strong><em>Journal of plant physiology,<\/em><\/strong> https:\/\/doi.org\/10.1016\/j.jplph.2020.153341<\/p>\n\n\n\n<p>Dawei Yan, Shri Ram Yadav, Andrea Paterlini, William J Nicolas, Jules D Petit, Lysiane Brocard, Ilya Belevich, Magali S Grison, Anne Vaten, Leila Karami, Sedeer el-Showk, Jung-Youn Lee, Gosia M Murawska, Jenny Mortimer, Michael Knoblauch, Eija Jokitalo, Jonathan E Markham, Emmanuelle M Bayer, Yrjo Helariutta, 2019. Sphingolipid biosynthesis modulates plasmodesmal ultrastructure and phloem unloading. <strong>Nature Plants<\/strong> 5, 604\u2013615<\/p>\n\n\n\n<p>Mehdi R, Lamm CE, Bodampalli Anjanappa R<em>, et al.<\/em>, 2019. Symplasmic phloem unloading and radial post-phloem transport via vascular rays in tuberous roots of Manihot esculenta. <strong><em>Journal of Experimental Botany<\/em><\/strong> 70, 5559-73.<\/p>\n\n\n\n<p>Novikova IV, Sharma N, Moser T<em>, et al.<\/em>, 2018. Protein structural biology using cell-free platform from wheat germ. <strong><em>Advanced Structural and Chemical Imaging<\/em><\/strong> <strong>4<\/strong>, 1-13.<\/p>\n\n\n\n<p>Holbrook NM, Knoblauch M, (2018). Editorial overview: physiology and metabolism: phloem: a supracellular highway for the transport of sugars, signals, and pathogens. <strong><em>Curr. Opin. Plant Biol<\/em><\/strong>43.<\/p>\n\n\n\n<p>Knoblauch M, Peters WS, Bell K, Ross-Elliott TJ, Oparka KJ, 2018. Sieve-element differentiation and phloem sap contamination. <strong><em>Current opinion in plant biology<\/em><\/strong>43, 43-9.<\/p>\n\n\n\n<p>Mullendore DL, Ross-Elliott T, Liu Y<em>, et al.<\/em>, 2018. Non-dispersive phloem-protein bodies (NPBs) of Populus trichocarpa consist of a SEOR protein and do not respond to cell wounding and Ca2+. <strong><em>PeerJ<\/em><\/strong>6, e4665.<\/p>\n\n\n\n<p>Voss LJ, Mcadam SA, Knoblauch M<em>, et al.<\/em>, 2018. Guard cells in fern stomata are connected by plasmodesmata, but control cytosolic Ca2+ levels autonomously. <strong><em>New Phytologist<\/em><\/strong> 219, 206-15.<\/p>\n\n\n\n<p>Savage JA, Beecher SD, Clerx L<em>, et al.<\/em>, 2017. Maintenance of carbohydrate transport in tall trees. <strong><em>Nature Plants <\/em><\/strong>3, 965-72.<\/p>\n\n\n\n<p>Knoblauch M, Peters WS, 2017. Symplasmic mass flow and sieve tubes in algae and plants. <strong><em>Perspectives in Phycology<\/em><\/strong>, 93-101.<\/p>\n\n\n\n<figure class=\"wp-block-table\"><table><tbody><tr><td>Knoblauch M, Peters WS (2017) <a href=\"http:\/\/onlinelibrary.wiley.com\/doi\/10.1111\/jipb.12532\/suppinfo\">What actually is the M\u00fcnch hypothesis? A short history of assimilate transport by mass flow. <\/a><em><strong>Journal Integrative Plant Biology<\/strong><\/em>.<span id=\"volumeNumber\"> 59<\/span>, (<span id=\"issueNumber\">5)<\/span>,<span id=\"issuePages\"> 292\u2013310<\/span>.\n<p>&nbsp;<\/p>\n<p><span id=\"issueDate\"><\/span>Timothy J. Ross-Elliott, Kaare H. Jensen, Katrine S. Haaning, Brittney M. Wager, Jan Knoblauch, Alexander Howell, Alexander G. Monteith, Jung-Youn Lee, Ross Sagar, Danae Paultre, Sofia Otero-Perez, Dawei Yan, Matthieu Bourdon, Yka Helariutta, Michael Knoblauch, Karl J. Oparka. (2017)<a href=\"https:\/\/elifesciences.org\/articles\/24125\"> Phloem unloading in Arabidopsis roots is convective and regulated by the phloem-pole pericycle.<\/a> <strong>eLife<\/strong>.https:\/\/doi.org\/10.7554\/eLife.24125.001<\/p>\n<p>Knoblauch, M., J. Knoblauch, D.L. Mullendore, J.A. Savage, B.A. Babst, S.D. Beecher, A.C. Dodgen, K.H. Jensen, and N.M. Holbrook. 2016. <a href=\"https:\/\/elifesciences.org\/articles\/15341\">Testing the M\u00fcnch hypothesis of long distance phloem transport in plants.<\/a> <strong><em>eLife<\/em><\/strong>. 5:e15341.<\/p>\n<p>Jan Knoblauch, Sarah Tepler-Drobnitch, Winfried S. Peters, Michael Knoblauch (2016) <a href=\"http:\/\/onlinelibrary.wiley.com\/doi\/10.1111\/pce.12736\/abstract;jsessionid=552AB63B85FE5ECB9A515D3488C9F9F4.f02t02\"><em>In situ<\/em>-microscopy reveals reversible swelling of cell walls leading to turgor-buffering in sieve elements of brown algae.<\/a> <em><strong>Plant Cell and Environment<\/strong><\/em>. 39(8):1727-36. doi: 10.1111\/pce.12736<\/p>\n<p>Knoblauch Jan, Peters Winfried, Knoblauch Michael. (2016) T<a href=\"https:\/\/academic.oup.com\/aob\/article-lookup\/doi\/10.1093\/aob\/mcw007\">he gelatinous extracellular matrix facilitates transport studies in kelp: visualization of pressure\u2011induced flow reversal across sieve plates. <\/a><em><strong>Annals of Botany<\/strong><\/em>. 117 (4): 599-606<\/p>\n<p>Knoblauch, M., and W.S. Peters. 2016. <a href=\"http:\/\/onlinelibrary.wiley.com\/doi\/10.1111\/pce.12698\/full\">Think outside the sieve element!<\/a> <strong><em>Plant Cell Environment<\/em><\/strong> 39:707-708.<\/p>\n<p>Knoblauch M, Vendrell M, de Leau E, Paterlini A, Knox K, Ross-Elliot T, Reinders A, Brockman SA, Ward J, Oparka K. (2015)<a href=\"http:\/\/www.plantphysiol.org\/content\/early\/2015\/02\/04\/pp.114.255414\"> Multispectral phloem-mobile probes: properties and applications. <\/a><strong>Plant Physiology<\/strong> 167 1211-1220<\/p>\n<p>Knoblauch J, Mullendore DL, Jensen KH, Knoblauch M (2014)<a href=\"http:\/\/www.plantphysiol.org\/content\/166\/3\/1271\"> Pico gauges for minimally invasive intracellular hydrostatic pressure measurements. <\/a><strong>Plant Physiology <\/strong>166, 1271-1279<\/p>\n<p>Knoblauch M, Froelich DF, Pickard WF, Peters WS (2014)<a href=\"http:\/\/jxb.oxfordjournals.org\/content\/early\/2014\/03\/02\/jxb.eru071.abstract\"> SEORious business: structural proteins in sieve tubes and their involvement in sieve element occlusion. <\/a><strong>Journal of Experimental Botany <\/strong>65 1879-1893.<\/p>\n<p>Dettmer J, Ursache, R, Campilho, A, Miyashima, S, Belevich, I, O&#8217;Regan, S, Mullendore, DL, Yadav, SR, Lanz, C, Beverina, L, Papagni, A, Schneeberger, K, Weigel, D, Stierhof, YD, Moritz, T, Knoblauch, M, Jokitalo, E, Helariutta, Y<u>&#8230;More<\/u>. (2014)<a href=\"http:\/\/www.nature.com\/ncomms\/2014\/140710\/ncomms5276\/full\/ncomms5276.html\"> CHOLINE TRANSPORTER-LIKE1 is required for sieve plate development to mediate long-distance cell-to-cell communication. <\/a><strong>Nature Communications<\/strong> 5, 1-11<\/p>\n<p>PTY Dinh, M Knoblauch, AA Elling. (2014)<a href=\"http:\/\/apsjournals.apsnet.org\/doi\/abs\/10.1094\/PHYTO-08-13-0240-R\"> Non-Destructive Imaging of Plant-Parasitic Nematode Development and Host Response to Nematode Pathogenesis. <\/a><strong>Phytopathology<\/strong>, dx.doi.org\/10.1094\/PHYTO-08-13-0240-R<\/p>\n<p>Knoblauch M, Peters WS. (2013)<a href=\"http:\/\/link.springer.com\/article\/10.1007\/s11120-013-9867-5\"> Long-distance translocation of photosynthates: a primer. <\/a><strong>Photosynthesis Research<\/strong> 117, 189-196<\/p>\n<p>Knoblauch M, Mullendore DL (<strong>2012<\/strong>)<a href=\"http:\/\/www.wiley.com\/WileyCDA\/WileyTitle\/productCd-047095860X.html\"> Sieve element occlusion. <\/a>In \u201cPhloem\u201d Eds Thompson GA, Van Bel AJE. 141-153<\/p>\n<p>Jensen KH, Mullendore DL, Holbrook NM, Bohr T, Knoblauch M, Bruus H. (<strong>2012<\/strong>)<a href=\"http:\/\/journal.frontiersin.org\/article\/10.3389\/fpls.2012.00151\/abstract\"> Modeling the hydrodynamics of phloem sieve plates. <\/a><strong>Frontiers in Plant Sciences<\/strong> 3, 1-11 doi:10.3389\/fpls.2012.00151<\/p>\n<p>Schulze-Makuch D, Head JN, Houtkooper JM, Knoblauch M, Furfaro R, Fink W, Faire AG, Vali H, Sears SK, Daly M, Deamer D, Schmidt H, Hawkins AR, Sunm HJ, Lim DSS, Dohmn J, Irwin LN, Davila AF, Mendez A, Andersen D. (<strong>2012<\/strong>)<a href=\"http:\/\/www.sciencedirect.com\/science\/article\/pii\/S0032063312000761\"> The Biological Oxidant and Life Detection (BOLD) mission: A proposal for a mission to Mars.<\/a> <strong>Planetary and Space Sciences<\/strong> 67, 57-69.<\/p>\n<p>Knoblauch M, Stubenrauch M, Van Bel AJE, Peters W (<strong>2012<\/strong>)<a href=\"http:\/\/onlinelibrary.wiley.com\/doi\/10.1111\/j.1365-3040.2012.02499.x\/abstract\"> Forisome performance in artificial sieve tubes. <\/a><strong>Plant Cell and Environment<\/strong>. DOI:&nbsp;10.1111\/j.1365-3040.2012.02499.<a href=\"http:\/\/onlinelibrary.wiley.com\/doi\/10.1111\/j.1365-3040.2012.02499.x\/abstract\">x<\/a><\/p>\n<p>Knoblauch M, Oparka KJ (<strong>2012<\/strong>)<a href=\"http:\/\/The%20structure of the phloem\u2013still more questions than answers\"> The structure of the phloem\u2013still more questions than answers. <\/a><strong>The Plant Journal<\/strong>. 70 (2012) 147-156<\/p>\n<p>Anstead JA, Froelich DR, Knoblauch M, Thompson GA (<strong>2012<\/strong>)<a href=\"http:\/\/pcp.oxfordjournals.org\/content\/53\/6\/1033.long\"> Arabidopsis P-protein Filament Formation Requires Both AtSEOR1 and AtSEOR2. <\/a><strong>Plant Cell Physiology<\/strong>, 53 1033-1042 doi: 10.1093\/pcp\/pcs046<\/p>\n<p>Froelich DF, Mullendore DM, Jensen KH, Ross-Elliott TJ, Anstead JA, Thompson GA, Pelissier H, Knoblauch M (<strong>2011<\/strong>)<a href=\"http:\/\/www.plantcell.org\/content\/23\/12\/4428.full.html\"> Phloem Ultrastructure And Pressure Flow: Sieve-Element-Oclussion-Related Agglomerations Do Not Affect Translocation. <\/a><strong>The Plant Cell<\/strong>, 23<\/p>\n<p>Van Bel AJE, Furch ACU, Hafke JB, Knoblauch M, Patrick JW (<strong>2011<\/strong>)<a href=\"http:\/\/www.sciencedirect.com\/science\/article\/pii\/S0168945211001555\"> (Questions)(n) on phloem biology. 2. Mass flow, molecular hopping, distribution patterns and macromolecular signaling <\/a><strong>Plant Science<\/strong> 181, 325-330.<\/p>\n<p>Van Bel AJE, Knoblauch M , Furch ACU, Hafke JB (<strong>2011<\/strong>)<a href=\"http:\/\/www.sciencedirect.com\/science\/article\/pii\/S0168945211001579\"> (Questions)(n) on phloem biology. 1. Electropotential waves, Ca(2+) fluxes and cellular cascades along the propagation pathway. <\/a><strong>Plant Science<\/strong> 181, 210-218.<\/p>\n<p>Nair S, Knoblauch M, Ullrich S, Baik BK (<strong>2011<\/strong>)<a href=\"http:\/\/www.sciencedirect.com\/science\/article\/pii\/S0733521011001251\"> Microstructure of hard and soft kernels of barley. <\/a><strong>Journal of Cereal Science<\/strong> 54, 354-362.<\/p>\n<p>Knoblauch M, Peters WS (<strong>2010<\/strong>)<a href=\"http:\/\/onlinelibrary.wiley.com\/doi\/10.1111\/j.1365-3040.2010.02177.x\/abstract\"> M\u00fcnch, morphology, microfluidics \u2013 our structural problem with the phloem.<\/a> <strong>Plant, Cell, Environment<\/strong> 33, 1439 \u2013<a href=\"http:\/\/onlinelibrary.wiley.com\/doi\/10.1111\/j.1365-3040.2010.02177.x\/abstract\"> 1452<\/a><\/p>\n<p>Mullendore D, Windt CW, Van As H, Knoblauch M. (<strong>2010<\/strong>)<a href=\"http:\/\/www.plantcell.org\/content\/22\/3\/579.short\"> Sieve tube geometry in relation to phloem flow. <\/a><strong>The<\/strong> <strong>Plant Cell<\/strong> 22, 579-593<\/p>\n<p>Peters WS, Haffer d, Hanakam CB, van Bel AJE, Knoblauch M. (<strong>2010<\/strong>)<a href=\"http:\/\/www.amjbot.org\/content\/97\/5\/797.abstract\"> Legume phylogeny and the evolution of a unique contractile apparatus that regulates phloem transport. <\/a><strong>American Journal of Botany<\/strong> 97, 797-808<\/p>\n<p>Park J, Knoblauch M, Okita T, Edwards G ( <strong>2009<\/strong>)<a href=\"http:\/\/link.springer.com\/article\/10.1007%2Fs00425-008-0836-8\"> Structural changes in the vacuole and cytoskeleton are key to development of the two cytoplasmic domains supporting single-cell C-4 photosynthesis in Bienertia sinuspersici. <\/a><strong>Planta<\/strong>, 229 (2), 369-382<\/p>\n<p>Pelissier, HC, Peters WS, Collier R, Van Bel AJE, Knoblauch M (<strong>2008<\/strong>)<a href=\"http:\/\/pcp.oxfordjournals.org\/content\/49\/11\/1699.short\"> GFP Tagging of Sieve Element Occlusion (SEO) Proteins Results in Green Fluorescent Forisomes. <\/a><strong>Plant and Cell Physiology<\/strong>, 49 (11), 1699-1710<\/p>\n<\/td><\/tr><\/tbody><\/table><\/figure>\n\n\n\n<p><a href=\"http:\/\/onlinelibrary.wiley.com\/doi\/10.1002\/cm.20266\/abstract\">Peters WS, Knoblauch M, Warmann SA, Pickard WF, Shen AQ (<strong>2008<\/strong>) Kinetics of anisotropic contraction in forisomes: Simple models won\u2019t fit. <strong>Cell Motility and the Cytoskeleton<\/strong>, 65 (5), 368-378<\/a><\/p>\n\n\n\n<p>Noll GA, Fontanellaz ME, Rueping B, Ashoub A, Van Bel AJE, Fischer R, Knoblauch M, Prufer D (<strong>2007<\/strong>)<a href=\"http:\/\/link.springer.com\/article\/10.1007\/s11103-007-9217-0\"> Spatial and temporal regulation of the forisome gene for1 in the phloem during plant development. <\/a><strong>Plant Molecular Biology<\/strong> 65 (3), 285-294<\/p>\n\n\n\n<p>Peters WS, Knoblauch M, Warmann SA, Schnetter R, Shen AQ, Pickard WF (<strong>2007<\/strong>)<a href=\"http:\/\/aob.oxfordjournals.org\/content\/100\/1\/101.short\"> Tailed Forisomes of <em>Canavalia gladiata<\/em>: a New Model to Study Ca<sup>2+<\/sup>-Driven Protein Contractility. <\/a><strong>Annals of Botany<\/strong> 100, 101-109<\/p>\n\n\n\n<p>Peters WS, Schnetter R, Knoblauch M (2007)<a href=\"http:\/\/www.publish.csiro.au\/paper\/FP06281\"> Reversible birefringence suggests a role for molecular self-assembly in forisome contractility. <\/a><em>Functional Plant Biology<\/em> 34 (4), 302-306<\/p>\n\n\n\n<p>Peters WS, Van Bel AJE, Knoblauch M (<strong>2006<\/strong>)<a href=\"http:\/\/jxb.oxfordjournals.org\/content\/57\/12\/3091.short\"> The geometry of the forisomes-sieve-element- sieve plate complex in the phloem of <em>Vicia faba<\/em> L. leaflets. <\/a><strong>Journal of Experimental Botany<\/strong> 57 (12), 3091-3098<\/p>\n\n\n\n<p>Shen AQ, Hemlington B, Knoblauch M, Peters WS, Pickard WF (<strong>2006<\/strong>)<a href=\"http:\/\/faculty.washington.edu\/amyshen\/smartsystem.pdf\"> Forisome-based biomimetic smart materials. <\/a><strong>Journal of Smart Structures and Systems<\/strong> 2 (3), 225 \u2013 235<\/p>\n\n\n\n<p>Pickard WF, Knoblauch M, Peters WS, Shen AQ (<strong>2006<\/strong>)<a href=\"http:\/\/www.sciencedirect.com\/science\/article\/pii\/S0928493105000998\"> Prospective energy density in the forisome, a new smart material. <\/a><strong>Materials Science &amp; Engineering C<\/strong><em>, <\/em>26 (1), 104 \u2013 112<\/p>\n\n\n\n<p>Knoblauch M, Peters WS (<strong>2004<\/strong>)<a href=\"http:\/\/link.springer.com\/article\/10.1007\/s00018-004-4158-0\"> Biomimetic actuators: where technology and cell biology merge. <\/a><strong>Cellular and Molecular Life Sciences<\/strong> 61, 2497-2509<\/p>\n\n\n\n<p>Knoblauch M, Peters WS (<strong>2004<\/strong>)<a href=\"http:\/\/onlinelibrary.wiley.com\/doi\/10.1002\/cm.20006\/abstract\"> Forisomes, a novel type of Ca<sup>2+<\/sup>-dependent contractile protein motor. <\/a><strong>Cell Motility and the Cytoskeleton<\/strong> 58 (3), 137-142<\/p>\n\n\n\n<p>Knoblauch M, Noll GA, M\u00fcller T, Pr\u00fcfer D, Schneider-H\u00fcther I, Scharner D, van Bel AJE, Peters WS (<strong>2003<\/strong>)<a href=\"http:\/\/www.nature.com\/nmat\/journal\/v2\/n9\/abs\/nmat960.html\"> ATP-independent contractile proteins from plants. <\/a><strong>Nature Materials<\/strong> 2, 600-603<\/p>\n\n\n\n<p>Van Bel AJE, Ehlers K, Knoblauch M (<strong>2002<\/strong>)<a href=\"http:\/\/www.sciencedirect.com\/science\/article\/pii\/S1360138501022257\"> Sieve elements caught in the act. <\/a><strong>Trends in Plant Science<\/strong> 7, 126-132<\/p>\n\n\n\n<p>Scholz SR, Korn C, Gimadutdinow O, Knoblauch M, Pingoud A, Meiss G (<strong>2002<\/strong>)<a href=\"http:\/\/nar.oxfordjournals.org\/content\/30\/14\/3045.short\"> The effect of ICAD-S on the formation and intracellular distribution of a nucleolytically active caspase-activated DNase. <\/a><strong>Nucleic Acids Research <\/strong>30 (14), 3045-3051<\/p>\n\n\n\n<p>Vierheilig H, Knoblauch M, J\u00fcrgensen K, van Bel AJE, Grundler F, Piche Y (<strong>2001<\/strong>)<a href=\"http:\/\/www.nrcresearchpress.com\/doi\/abs\/10.1139\/b00-156#.VjOj78uFOUk\"> Imaging of arbuscular mycorrhizal structures in living roots of Nicotiana tabacum by light, epifluorescence and confocal laser scanning microscopy. <\/a><strong>Canadian Journal of Botany<\/strong> 79, 231-237<\/p>\n\n\n\n<p>Van Bel AJE, Hibberd J, Pr\u00fcfer D, Knoblauch M (<strong>2001<\/strong>)<a href=\"http:\/\/www.sciencedirect.com\/science\/article\/pii\/S0958166900001890\"> Novel approach in plastid transformation. <\/a><strong>Current Opinion in Biotechnology<\/strong> 12, 144-149<\/p>\n\n\n\n<p>Knoblauch M, Peters WS, Ehlers K, van Bel AJE (<strong>2001<\/strong>)<a href=\"http:\/\/www.plantcell.org\/content\/13\/5\/1221.short\"> Reversible calcium-regulated stopcocks in legume sieve tubes. <\/a><strong>The<\/strong> <strong>Plant Cell<\/strong> 13, 1221-1230<\/p>\n\n\n\n<p>Van Bel AJE, Knoblauch M (<strong>2000<\/strong>)<a href=\"http:\/\/www.publish.csiro.au\/paper\/PP99172\"> Sieve element and companion cell: the story of the comatose patient and the hyperactive nurse. <\/a><em>Australian <\/em><strong>Journal of Plant Physiology<\/strong> 27, 477-487<\/p>\n\n\n\n<p>Ehlers K, Knoblauch M, van Bel AJE (<strong>2000<\/strong>)<a href=\"http:\/\/link.springer.com\/article\/10.1007\/BF02524265#page-1\"> Ultrastructural features of well-preserved and injured sieve elements. Minute clamps keep the phloem transport conduits free for mass flow. <\/a><strong>Protoplasma<\/strong> 214, 80-92<\/p>\n\n\n\n<p>Knoblauch M (<strong>2000<\/strong>). Microinjection. In Hawes C, and Satiat-Jeunemaitre B, eds. Plant Cell Biology: A Practical Approach. <strong><em>Oxford University Press<\/em>, Oxford<\/strong>. 143-158<\/p>\n\n\n\n<p>Knoblauch M, Hibberd JM, Gray JC, van Bel AJE (<strong>1999<\/strong>)<a href=\"http:\/\/www.nature.com\/nbt\/journal\/v17\/n9\/abs\/nbt0999_906.html\"> A galinstan expansion femtosyringe for injection of eukaryotic organelles and prokaryotes. <\/a><strong>Nature Biotechnology<\/strong><em> 17<\/em>, 906-909<\/p>\n\n\n\n<p>Vierheilig A, Boeckenhoff A, Knoblauch M, Jug\u00e8 C, van Bel AJE, Grundler F, Pich\u00e9 Y, Wyss U (<strong>1999<\/strong>)<a href=\"http:\/\/journals.cambridge.org\/action\/displayAbstract?fromPage=online&amp;aid=42833&amp;fileId=S0953756298007576\"> In vivo observations of the arbuscular mycorrhizal fungus Glomus mosseae in roots by confocal laser scanning microscopy. <\/a><strong>Mycological Research<\/strong> 103, 311-314<\/p>\n\n\n\n<p>Kempers R, Prior DAM, Oparka KJ, Knoblauch M, van Bel AJE (<strong>1999<\/strong>)<a href=\"http:\/\/onlinelibrary.wiley.com\/doi\/10.1111\/j.1438-8677.1999.tb00709.x\/abstract\"> Integration of controlled pressure injection, iontophoresis and membrane potential measurements. <\/a><strong>Plant Biology<\/strong><em> 1<\/em>, 61-67<\/p>\n\n\n\n<p>Knoblauch M, van Bel AJE (<strong>1998<\/strong>)<a href=\"http:\/\/www.plantcell.org\/content\/10\/1\/35.short\"> Sieves tubes in action. <\/a><strong>The<\/strong> <strong>Plant Cell<\/strong><em> 10<\/em>, 35-50<\/p>\n\n<\/div>\r\n\n<\/div>","protected":false},"excerpt":{"rendered":"","protected":false},"author":10,"featured_media":0,"parent":0,"menu_order":0,"comment_status":"closed","ping_status":"closed","template":"","meta":[],"categories":[],"tags":[],"wsuwp_university_location":[332],"wsuwp_university_org":[],"_links":{"self":[{"href":"https:\/\/labs.wsu.edu\/knoblauch\/wp-json\/wp\/v2\/pages\/8"}],"collection":[{"href":"https:\/\/labs.wsu.edu\/knoblauch\/wp-json\/wp\/v2\/pages"}],"about":[{"href":"https:\/\/labs.wsu.edu\/knoblauch\/wp-json\/wp\/v2\/types\/page"}],"author":[{"embeddable":true,"href":"https:\/\/labs.wsu.edu\/knoblauch\/wp-json\/wp\/v2\/users\/10"}],"replies":[{"embeddable":true,"href":"https:\/\/labs.wsu.edu\/knoblauch\/wp-json\/wp\/v2\/comments?post=8"}],"version-history":[{"count":13,"href":"https:\/\/labs.wsu.edu\/knoblauch\/wp-json\/wp\/v2\/pages\/8\/revisions"}],"predecessor-version":[{"id":382,"href":"https:\/\/labs.wsu.edu\/knoblauch\/wp-json\/wp\/v2\/pages\/8\/revisions\/382"}],"wp:attachment":[{"href":"https:\/\/labs.wsu.edu\/knoblauch\/wp-json\/wp\/v2\/media?parent=8"}],"wp:term":[{"taxonomy":"category","embeddable":true,"href":"https:\/\/labs.wsu.edu\/knoblauch\/wp-json\/wp\/v2\/categories?post=8"},{"taxonomy":"post_tag","embeddable":true,"href":"https:\/\/labs.wsu.edu\/knoblauch\/wp-json\/wp\/v2\/tags?post=8"},{"taxonomy":"wsuwp_university_location","embeddable":true,"href":"https:\/\/labs.wsu.edu\/knoblauch\/wp-json\/wp\/v2\/wsuwp_university_location?post=8"},{"taxonomy":"wsuwp_university_org","embeddable":true,"href":"https:\/\/labs.wsu.edu\/knoblauch\/wp-json\/wp\/v2\/wsuwp_university_org?post=8"}],"curies":[{"name":"wp","href":"https:\/\/api.w.org\/{rel}","templated":true}]}}