{"id":44,"date":"2016-02-08T12:46:42","date_gmt":"2016-02-08T20:46:42","guid":{"rendered":"http:\/\/labs.wsu.edu\/meehan\/?page_id=44"},"modified":"2026-03-09T11:50:40","modified_gmt":"2026-03-09T18:50:40","slug":"publications-2","status":"publish","type":"page","link":"https:\/\/labs.wsu.edu\/meehan\/publications-2\/","title":{"rendered":"Publications"},"content":{"rendered":"<div class=\"wsu-row wsu-row--single\" >\r\n    \n<div class=\"wsu-column\"  style=\"\">\r\n\t\n\n<h2 class=\"wp-block-heading\">Select Publications<\/h2>\n\n\n\n<h3 class=\"wp-block-heading\">Published<\/h3>\n\n\n\n<ul>\n<li>Holdsworth EA, Williams JE, Pace RM, Caff\u00e9 B, Gartstein M, McGuire MA, McGuire MK, Meehan CL. <a href=\"https:\/\/pmc.ncbi.nlm.nih.gov\/articles\/PMC12087434\/\">Postpartum Maternal Stress is Unrelated to the Infant Fecal Microbiome, but is Associated With the Human Milk Microbiome in Exclusively Breastfeeding Mother\u2010Infant Dyads: The Mother\u2010Infant Microbiomes<\/a>, Behavior, and Ecology Study (MIMBES). American Journal of Human Biology. 2025 May 19;37(5):e70061. <\/li>\n\n\n\n<li>Holdsworth EA, Berim A, Gang DR, Williams JE, Smith CB, Caff\u00e9 B, Brooks O, Barbosa-Leiker C, McGuire MA, McGuire MK, Meehan CL. <a href=\"https:\/\/www.liebertpub.com\/doi\/10.1089\/bfm.2024.0021\">Human milk cannabinoid concentrations and associations with maternal factors: The lactation and cannabis (LAC) study. Breastfeeding Medicine<\/a>. 2024 Jul 1;19(7):515-24.<\/li>\n\n\n\n<li>Castro-Navarro I, McGuire MA, Williams JE, Holdsworth EA, Meehan CL, McGuire MK. (2024) Maternal cannabis use during lactation and potential effects on human milk composition and production: a narrative review. Advances in Nutrition, 1:100196.<\/li>\n\n\n\n<li>Pace RM, King-Nakaoka EA, Morse AG, Pascoe KJ, Winquist A, Caff\u00e9 B, Navarrete AD, Lackey KA, Pace CD, Fehrenkamp BD, Smith CB, Martin MA, Barbosa-Keiker C, Ley SH, McGuire MA, Meehan CL, Williams JE, McGuire MK. (2024) Prevalence and duration of SARS-CoV-2 fecal shedding in breastfeeding dyads following maternal COVID-19 diagnosis. Frontiers in Immunology,15:1329092.<\/li>\n\n\n\n<li>Smith CB, Schmidt J, Holdsworth EA, Caff\u00e9 B, Brooks O, Williams JE, Gang DR, McGuire MA, McGuire MK, Barbosa-Leiker C, Meehan CL. (2024) Cannabis use, decision making, and perceptions of risk among breastfeeding individuals: the Lactation and Cannabis (LAC) Study. J Cannabis Res, 16;6(1):6. doi: 10.1186\/s42238-023-00212-w. PMID: 38365778; PMCID: PMC10870434.<\/li>\n\n\n\n<li>Holdsworth EA, Williams JE, Pace RM, Lane AA, Gartstein M, McGuire MA, McGuire MK, Meehan CL. (2023) <a href=\"https:\/\/journals.plos.org\/plosone\/article?id=10.1371\/journal.pone.0287839\">Breastfeeding patterns are associated with human milk microbiome composition: The Mother-Infant Microbiomes, Behavior, and Ecology Study<\/a> (MIMBES). <i>PloSOne<\/i>, <i>18<\/i>(8), e0287839.<\/li>\n\n\n\n<li>Caff\u00e9 B, Blackwell A, Fehrenkamp BD, Williams JE, Pace RM, Lackey KA, Ruiz L, Rodr\u00edguez JM, McGuire MA, Foster JA, Sellen DW, Kamau-Mbuthia EW, Kamundia EW, Mbugua S, Moore SE, Prentice AM, Kvist LJ, Otoo GE, Pareja RG, Bode L, Gebeyehu D, Gindola DK, Boothman S, Flores K, McGuire MK, Meehan CL. (2023) <a href=\"https:\/\/doi.org\/10.1002\/ajhb.23943\">Human milk immune factors, maternal nutritional status, and infant sex: The INSPIRE study<\/a>. American Journal of Human Biology, e23943. <\/li>\n\n\n\n<li>Helfrecht C, Wang H, Dira SJ, DeAvila D, Meehan CL. (2023)<a href=\"https:\/\/doi.org\/10.1002\/ajhb.23090\"> DHEAS and nutritional status among Sidama, Ngandu, and Aka children: Effects of cortisol and implications for adrenarche<\/a>. American Journal of Human Biology, e23881.<\/li>\n\n\n\n<li>Martin MA, Keith M, Pace RM, Williams JE, Ley SH, Barbosa-Leiker C, Caff\u00e9 B, Smith CB, Kunkle A, Lackey KA, Navarrete AD, Pace CDW, Gogel AC, Eisenberg DTA, Fehrenkamp BD, McGuire MA, McGuire MK, Meehan CL, Brindle E. <a href=\"https:\/\/doi.org\/10.3389\/fimmu.2022.1015002\">SARS-CoV-2 specific antibody trajectories in mothers and infants over two months following maternal infection<\/a>. Front Immunol. 2022 Oct 12;13:1015002. doi: 10.3389\/fimmu.2022.1015002. PMCID: PMC9596287.<\/li>\n\n\n\n<li>Pace, R.M., Williams, J.E., J\u00e4rvinen, K.M., Meehan, C.L., Martin, M.A., Ley, S.H., Barbosa-Leiker, C., Andres, A., Yeruva, L., Belfort, M.B. and Caff\u00e9, B.,Navarrete AD, Lackey KA, Pace CDW, Gogel AC, Fehrenkamp BD, Klein M, Young BE, Rosen-Carole C, Diaz N, Gaw SL, Flaherman V, McGuire MA, McGuire MK, Seppo AE. 2021. <a href=\"https:\/\/doi.org\/10.3389\/fimmu.2021.801797\">Milk from women diagnosed with COVID-19 does not contain SARS-CoV-2 RNA but has persistent levels of SARS-CoV-2-specific IgA antibodies<\/a>. <i>Frontiers in immunology<\/i>, <i>12<\/i>: 801797. <\/li>\n\n\n\n<li>Pace RM, Williams JE, J\u00e4rvinen KM, Belfort MB, Pace CDW, Lackey KA, Gogel AC, Nguyen-Contant P, Kanagaiah P, Fitzgerald T, Ferri R, Young B, Rosen-Carole C, Diaz N, Meehan CL, Caff\u00e9 B, Sangster MY, Topham D, McGuire MA, Seppo A, McGuire MK. 2021. <a href=\"https:\/\/doi.org\/10.1128\/mBio.03192-20\">Characterization of SARS-CoV-2 RNA, antibodies, and neutralizing capacity in milk produced by women with COVID-19<\/a>. mBio 12:e03192-20.\u00a0<\/li>\n\n\n\n<li>Ruiz L, Rubio CA, Garc\u00eda Carral C, Jimenez Quintana E,\u00a0 Lackey KA, McGuire MK, Meehan CL, Foster JA, Sellen DW, Kamau KW, Kamundia EW, Mbugua, S, Moore SE, Prentice AM, Gindola D, Otoo GE, Pareja RG, Bode L, McGuire MA, Williams J, Rodr\u00edguez JM.\u00a0 (2021) <a href=\"https:\/\/wpcdn.web.wsu.edu\/wp-labs\/uploads\/sites\/1160\/2021\/04\/Ruiz-et-al.-2021.pdf\">Comparison of two approaches for the metataxonomic analysis of the human milk microbiome<\/a>. <i>Frontiers in Cellular and Infection Microbiology<\/i>, <i>11<\/i>, 228. PDF<\/li>\n\n\n\n<li>McGuire MK, Randall AZ, Seppo AE, J\u00e4rvinen KM, Meehan CL, Gindola D, Williams JE, Sellen DW, Kamau-Mbuthia EW, Kamundia EW, Mbugua S, Moore SE, Prentice AM, Foster JA, Otoo GE, Rodr\u00edguez JM, Pareja RG, Bode L, McGuire MA and Campo JJ (2021) <a href=\"https:\/\/www.frontiersin.org\/articles\/10.3389\/fimmu.2020.614372\/full?&amp;utm_source=Email_to_authors_&amp;utm_medium=Email&amp;utm_content=T1_11.5e1_author&amp;utm_campaign=Email_publication&amp;field&amp;journalName=Frontiers_in_Immunology&amp;id=614372&amp;fbclid=IwAR2viszPIStJNpVVzlS05cnbMkErG5rflpWqcNWjGQ4UnxiDJM748fPYX3M\">Multipathogen Analysis of IgA and IgG Antigen Specificity for Selected Pathogens in Milk Produced by Women From Diverse Geographical Regions: The INSPIRE Study<\/a>. <i>Front. Immunol.<\/i> 11:614372. doi: 10.3389\/fimmu.2020.614372<\/li>\n\n\n\n<li>Helfrecht C, Roulette JW, Lane A, Sintayehu B, Meehan CL (2020). <a href=\"https:\/\/doi.org\/10.1002\/ajpa.24145\">Life history and socioecology of infancy. American Journal of Physical Anthropology<\/a>. doi: 10.1002\/ajpa.24145. Epub ahead of print. PMID: 32955732.<\/li>\n\n\n\n<li>Lackey KA, Pace RM, Williams JE, Bode L, Donovan SM, J\u00e4rvinen KM, Seppo AE, Raiten DJ, Meehan CL, McGuire MA, McGuire MK. <a href=\"https:\/\/onlinelibrary.wiley.com\/doi\/epdf\/10.1111\/mcn.13032\">SARS\u2010CoV\u20102 and human milk: What is the evidence?<\/a>. (2020) Maternal &amp; Child Nutrition. 11:e13032.<\/li>\n\n\n\n<li>Ruiz L, Garc\u00eda Carral C, Checa MA, M\u00ednguez J, Legarra C, McGuire MK, Meehan CL, Bode L, Fern\u00e1ndez L, Espinosa Martos I, Rodr\u00edguez JM.\u00a0 (2020) <a href=\"https:\/\/wpcdn.web.wsu.edu\/wp-labs\/uploads\/sites\/1160\/2020\/06\/Ruiz-et-al.-2020-Acta-Pediatr-Esp-1.pdf\">Proyecto internacional INSPIRE. \u00bfQu\u00e9 es normal en la leche humana (II)<\/a>. Compuestos inmunol\u00f3gicos solubles. Acta Pedi\u00e1trica Espa\u00f1ola, ISSN 0001-6640, 78 (1-2): 38-46. PDF<\/li>\n\n\n\n<li>McGuire MK, Meehan CL, Ruiz L, M\u00ednguez J, Legarra K, Checa MA, Manzano S, Fern\u00e1ndez L, Rodr\u00edguez JM, Bode L, Consorcio INSPIRE. (2019) <a href=\"https:\/\/wpcdn.web.wsu.edu\/wp-labs\/uploads\/sites\/1160\/2020\/06\/McGuire-et-al.-2019-Acta-Pediatr-Esp-1.pdf\">Proyecto internacional INSPIRE. \u00bfQu\u00e9 es normal en la leche humana? (I)<\/a>. Oligosac\u00e1ridos de la leche humana. Acta Pedi\u00e1trica Espa\u00f1ola, ISSN 0001-6640, 77(11-12): 188-195. PDF<\/li>\n\n\n\n<li>Lane AA, Mcguire MK, McGuire MA, Williams JE, Lackey KA, Hagen EH, Kaul A, Gindola D, Gebeyehu D, Flores KE, Foster JA, Sellen DW, Kamau-Mbuthia EW, Kamundia EW, Mbugua S, Moore SE, Prentice AM, Kvist LJ, Otoo GE, Rodr\u00edguez JM, Ruiz L, Pareja RG, Bode L, Price WJ, &amp; Meehan CL. (2019). <a href=\"https:\/\/doi.org\/10.1002\/ajpa.23843\">Household composition and the infant fecal microbiome: The INSPIRE study<\/a>. <i>American Journal of Physical Anthropology.\u00a0<\/i>https:\/\/doi.org\/10.1002\/ajpa.23843<\/li>\n\n\n\n<li>Lackey KA, Williams JE, Meehan CL, Zachek JA, Benda ED, Price WJ, Foster JA, Sellen DW, Kamau-Mbuthia EW, Kamundia EW, Mbugua S, Moore SE, Prentice AM, K DB, Kvist LJ, Otoo GE, Garc\u00eda-Carral C, Jim\u00e9nez E, Ruiz L, Rodr\u00edguez JM, Pareja RG, Bode L, McGuire MA, McGuire MK. (2019) <a href=\"https:\/\/www.frontiersin.org\/articles\/10.3389\/fnut.2019.00045\/full\">What\u2019s Normal? Microbiomes In Human Milk And Infant Feces Are Related To Each Other But Vary Geographically: The INSPIRE Study<\/a>. <i>Front\u00a0Nutr<\/i>, 6:45.\u00a0doi: 10.3389\/fnut.2019.00045.<\/li>\n\n\n\n<li>Meehan CL, Lackey KA, Hagen EH, Williams JE,\u00a0 Roulette J, Helfrecht C, McGuire MA, McGuire MK. (2018). <span class=\"articleTitle\"><a href=\"https:\/\/anthro.vancouver.wsu.edu\/documents\/337\/Meehan_et_al-2017-American_Journal_of_Human_Biology_nzdCdxG.pdf\">Social networks, cooperative breeding, and the human milk microbiome<\/a><\/span>. <i>Am J Hum Biol<\/i>. <span class=\"pubYear\">2018<\/span>;e23131. PDF<\/li>\n\n\n\n<li>Helfrecht C, Hagen, EH, DeAvila D, Bernstein, RM, Dira SJ, Meehan, CL (2017). <a href=\"https:\/\/doi.org\/10.1002\/ajhb.23090\">DHEAS production across childhood in three Sub-Saharan populations: A case study using hair hormone analysis<\/a>. American Journal of Human Biology. doi: 10.1002\/ajhb.23090.<\/li>\n\n\n\n<li>Ruiz\u00a0L, Espinosa-Martos\u00a0I, Garc\u00eda-Carral\u00a0C, Manzano\u00a0S, McGuire\u00a0MK, Meehan\u00a0CL<strong>, <\/strong>McGuire\u00a0MA, Williams\u00a0JE, Foster\u00a0J, Sellen\u00a0DW, Kamau-Mbuthia\u00a0EW, Kamundia\u00a0EW, Mbugua\u00a0S, Moore\u00a0SE, Kvist\u00a0LJ, Otoo\u00a0GE, Lackey\u00a0KA, Flores\u00a0K, Pareja\u00a0RG, Bode\u00a0L and Rodr\u00edguez\u00a0JM (2017). <a href=\"http:\/\/doi.org\/10.3389\/fimmu.2017.00696\">What\u2019s normal? Immune profiling of human milk from healthy women living in different geographical and socioeconomic settings<\/a>. Front. Immunol. <\/li>\n\n\n\n<li>McGuire MK, Meehan CL, McGuire MA, Williams JE, Foster J, Sellen DW, Kamau-Mbutia EW, Kamundia EW, Mbugua S, Moore SE, Kvist LJ, Otoo GE, Brooker SL, Price WJ, Shafii B, Placek C, Lackey KA, Robertson B, Manzano S, Ruiz L, Prentice, A, Rodriguez JM, Pareja R, Bode L. \u00a0(2017). <a href=\"https:\/\/wpcdn.web.wsu.edu\/wp-labs\/uploads\/sites\/1160\/2020\/06\/McGuire-et-al.-2017.pdf\">What\u2019s normal? Oligosaccharide concentrations and profiles in milk produced by healthy women vary geographically<\/a>. American Journal of Clinical Nutrition, 105(5):1086-1100. PDF<\/li>\n\n\n\n<li>Meehan, CL, Hagen, EH, Hewlett, BS. (2017). <a href=\"https:\/\/wpcdn.web.wsu.edu\/wp-labs\/uploads\/sites\/1160\/2020\/06\/Meehan-et-al.-2017.pdf\">Persistence in infant care patterns among Aka foragers. In Victoria Reyes Garcia &amp; Pyh\u00e4l\u00e4, Aili A (eds.) Hunter-gatherers in a changing world<\/a>, Pp. 213-232. Switzerland: Springer International Publishing. PDF<\/li>\n\n\n\n<li>McGuire, MK, Meehan, CL, Brooker, S, Williams, J, Foster, JA, McGuire, M. &nbsp;(2017). An evolutionary, biosocial perspective on variation in human milk microbes and oligosaccharides: An example of eco-homeorhesis? In Michelle McGuire, Mark McGuire, and Lars Bode (Eds.), Prebiotics and Probiotics in Human Milk, Pp. 367-400. Boston: Academic Press.<\/li>\n\n\n\n<li>Gartstein M, Wolayte Bogale Gessamo, Meehan, CL. (2016). Adaptation of the infant behavior questionnaire-revised for use in Ethiopia: Expanding cross-cultural investigation of temperament development. Infant Behavior and Development, 45:51-63.<\/li>\n\n\n\n<li>Meehan, CL, Crittenden, AN (eds.) (2016). Childhood: Origin, Evolution, and Implications. Albuquerque: NM: University of New Mexico Press &amp; Santa Fe, NM: School of Advanced Research Press.<\/li>\n\n\n\n<li><u><\/u>Meehan, CL, Helfrecht, C, Malcom, C. (2016). Implications of lengthy development and maternal life history: Allomaternal investment, peer relationships, and social networks. In Courtney L. Meehan and Alyssa Crittenden (eds.) Childhood: Origin, Evolution, and Implications. Albuquerque: NM: University of New Mexico Press. Santa Fe, NM: School of Advanced Research Press.<\/li>\n\n\n\n<li>Helfrecht, C, Meehan, CL. (2016). Sibling effects on nutritional status: intersections of cooperation and competition across development. American Journal of Human Biology, 28:159\u2013170.<\/li>\n\n\n\n<li>Meehan, CL, Helfrecht, C, Quinlan, R. (2014). Allomaternal networks and children\u2019s nutritional status: Is flexibility key to cooperative breeding? American Journal of Physical Anthropology, 153:513-525.<\/li>\n\n\n\n<li>Meehan, CL, Hawks, S. (2014). Maternal and allomaternal responsiveness: The significance of cooperative caregiving in&nbsp;attachment theory. In Hiltrud Otto and Heidi Keller (eds.) Different Faces of Attachment: Cultural Variations of a Universal Human Need. Cambridge University Press.<\/li>\n\n\n\n<li>Meehan, CL, Hawks, S. (2013). &nbsp;Cooperative child rearing and multiple attachments. In N Quinn &amp; J Mageo&nbsp;(Eds.), Attachment Reconsidered: Cultural Perspectives on a Western Theory. New York, NY: Palgrave.<\/li>\n\n\n\n<li>Meehan, CL. (2013). &nbsp; Allomothers and child well-being. In Ben-Arieh, Asher, Casas, Ferran, Frones, Ivar. and Korbin, Jill E. (Eds.), Handbook of Child Well-Being. Theories, Methods and Policies in Global Perspective. Dorcrecht: Springer.<\/li>\n\n\n\n<li>Meehan, CL &amp; Roulette, JW. (2013). Early supplementary feeding among central african foragers and farmers: A biocultural approach. Social Science and Medicine, 96:112-120.<\/li>\n\n\n\n<li>Meehan, CL, Quinlan, R, Malcom, C. (2013). Cooperative breeding and maternal energy expenditure among Aka foragers. American Journal of Human Biology, 25(1):42-57.<\/li>\n\n\n\n<li>Meehan, CL. (2009). Maternal time allocation in two cooperative childrearing societies. Human Nature, 20(4): 375-393.<\/li>\n\n\n\n<li>Meehan, CL. (2008). Allomaternal investment and relational uncertainty among the Ngandu farmers of the Central African Republic. Human Nature, 19:211-226.<\/li>\n\n\n\n<li>Meehan, CL. (2005). The effects of residential locality on parental and alloparental care among the Aka foragers of the Central African Republic, Human Nature, 16 (1) 58-80.<\/li>\n<\/ul>\n\n<\/div>\r\n\n<\/div>","protected":false},"excerpt":{"rendered":"","protected":false},"author":2125,"featured_media":0,"parent":0,"menu_order":0,"comment_status":"closed","ping_status":"closed","template":"","meta":[],"categories":[],"tags":[],"wsuwp_university_location":[],"wsuwp_university_org":[],"_links":{"self":[{"href":"https:\/\/labs.wsu.edu\/meehan\/wp-json\/wp\/v2\/pages\/44"}],"collection":[{"href":"https:\/\/labs.wsu.edu\/meehan\/wp-json\/wp\/v2\/pages"}],"about":[{"href":"https:\/\/labs.wsu.edu\/meehan\/wp-json\/wp\/v2\/types\/page"}],"author":[{"embeddable":true,"href":"https:\/\/labs.wsu.edu\/meehan\/wp-json\/wp\/v2\/users\/2125"}],"replies":[{"embeddable":true,"href":"https:\/\/labs.wsu.edu\/meehan\/wp-json\/wp\/v2\/comments?post=44"}],"version-history":[{"count":53,"href":"https:\/\/labs.wsu.edu\/meehan\/wp-json\/wp\/v2\/pages\/44\/revisions"}],"predecessor-version":[{"id":819,"href":"https:\/\/labs.wsu.edu\/meehan\/wp-json\/wp\/v2\/pages\/44\/revisions\/819"}],"wp:attachment":[{"href":"https:\/\/labs.wsu.edu\/meehan\/wp-json\/wp\/v2\/media?parent=44"}],"wp:term":[{"taxonomy":"category","embeddable":true,"href":"https:\/\/labs.wsu.edu\/meehan\/wp-json\/wp\/v2\/categories?post=44"},{"taxonomy":"post_tag","embeddable":true,"href":"https:\/\/labs.wsu.edu\/meehan\/wp-json\/wp\/v2\/tags?post=44"},{"taxonomy":"wsuwp_university_location","embeddable":true,"href":"https:\/\/labs.wsu.edu\/meehan\/wp-json\/wp\/v2\/wsuwp_university_location?post=44"},{"taxonomy":"wsuwp_university_org","embeddable":true,"href":"https:\/\/labs.wsu.edu\/meehan\/wp-json\/wp\/v2\/wsuwp_university_org?post=44"}],"curies":[{"name":"wp","href":"https:\/\/api.w.org\/{rel}","templated":true}]}}