{"id":9,"date":"2017-09-25T09:32:35","date_gmt":"2017-09-25T16:32:35","guid":{"rendered":"http:\/\/labs.wsu.edu\/roalson\/?page_id=9"},"modified":"2026-03-20T16:02:08","modified_gmt":"2026-03-20T23:02:08","slug":"publications","status":"publish","type":"page","link":"https:\/\/labs.wsu.edu\/roalson\/publications\/","title":{"rendered":"Publications"},"content":{"rendered":"\n<p>90. Soares Neto, R. L., M. R. de Vasconcellos Barbosa, and E. H. Roalson. 2017. <em>Cleoserrata<\/em> Iltis (Cleomaceae): taxonomic considerations and a new species. <u>Phytotaxa<\/u>.<\/p>\n\n\n\n<p>89. Soares Neto, R. L., M. R. de Vasconcellos Barbosa, and E. H. Roalson. 2017. Two new species of<em> Tarenaya<\/em> (Cleomaceae) from Brazil. <u>Phytotaxa<\/u>.<\/p>\n\n\n\n<p>88. Barrett*, R. L., E. H. Roalson*, K. Ottewell, M. Byrne, S. P. Govindwar, S. R. Yadav, A. S. Tamboli, and A. R. Gholave. 2017. Resolving generic boundaries in Indian-Australasian Cleomaceae: circumscription of <em>Areocleome<\/em>, <em>Arivela<\/em>, and <em>Corynandra<\/em> as distinct genera.&nbsp;<u>Systematic Botany<\/u> 42(4): XXX\u2013XXX. *Co-first authors.<\/p>\n\n\n\n<p>87. Roalson, E. H. and J. C. Hall. 2017. New generic concepts for African Cleomaceae.&nbsp;<u>Systematic Botany<\/u> 42(4): XXX\u2013XXX.<\/p>\n\n\n\n<p>86. Mosyakin, S. L. and E. H. Roalson. 2017. New nomenclatural combinations in<em> Pyankovia<\/em> (Chenopodiaceae). <u>Phytotaxa<\/u> 319: 263\u2013270.<\/p>\n\n\n\n<p>85. Thulin, M. and E. H. Roalson. 2017. Resurrection of the genus <em>Rorida<\/em> (Cleomaceae), a distinctive Old World segregate of <em>Cleome<\/em>.&nbsp;<u>Systematic Botany<\/u> 42(3): 569\u2013577.<\/p>\n\n\n\n<p>84. Roberts, W. R. and E. H. Roalson. 2017. Comparative transcriptome analyses of flower development in four species of <em>Achimenes<\/em> (Gesneriaceae). <u>BMC Genomics<\/u> 18: 240.<\/p>\n\n\n\n<p>83. Jim\u00e9nez-Mej\u00edas, P. and E. H. Roalson. 2017. Two new Asian species of <em>Carex<\/em> (Cyperaceae). <u>Phytotaxa<\/u> 298: 283\u2013288.<\/p>\n\n\n\n<p>82. Jim\u00e9nez-Mej\u00edas, P., M. Fabbroni, S. Donad\u00edo, G. E. Rodr\u00edguez Palacios, A. Hilpold, S. Mart\u00edn-Bravo, M. Waterway, and E. H. Roalson. 2016. Critical taxonomic and distribution notes on <em>Carex<\/em> from Latin America. <u>Bolet\u00edn de la Sociedad Argentina de Bot\u00e1nica<\/u> 51(4): 727\u2013739.<\/p>\n\n\n\n<p>81. Global <em>Carex<\/em> Group [K. Pham, M. Hahn, K. Lueders, B. Brown, L. Bruederle, K.-S. Chung, M. Escudero, B. Ford, S. Gebauer, B. Gehrke, M. Hoffmann, T. Hoshino, P. Jimenez-Mejias, J. Jung, S. Kim, M. Luce\u00f1o, E. Maguilla, S. Martin-Bravo, R. Naczi, A. A. Reznicek, E. H. Roalson, D. Simpson, J. Starr, T. Villaverde, M. Waterway, K. Wilson, O. Yano, S. Zhang, A. L. Hipp (A. L. Hipp, communicating author)]. 2016. Specimens at the center: an informatics workflow and toolkit for specimen-level analysis of public DNA database data.&nbsp;<u>Systematic Botany<\/u> 41: 529\u2013539.<\/p>\n\n\n\n<p>80. Jim\u00e9nez-Mej\u00edas, P., M. Luce\u00f1o, K. Wilson, M. J. Waterway, and E. H. Roalson. 2016. Clarification of the use of the terms perigynium and utricle in <em>Carex<\/em> L. (Cyperaceae).&nbsp;<u>Systematic Botany<\/u> 41: 519\u2013528.<\/p>\n\n\n\n<p>79. Global <em>Carex<\/em> Group [P. Jim\u00e9nez-Mej\u00edas, M. Hahn, K. Lueders, J. R. Starr, B. Brown, K.-S. Chung, M. Escudero, B. Ford, K. Ford, S. Gebauer, B. Gehrke, M. Hoffmann, J. Jung, S. Kim, M. Luce\u00f1o, E. Maguilla, S. Martin-Bravo, M. M\u00edguez, A. Molina, R. Naczi, A. A. Reznicek, T. Villaverde, M. J. Waterway, K. Wilson, J. Xiao-Feng, J.-C. Yang, S. Zhang, A. L. Hipp, and E. H. Roalson (P. Jim\u00e9nez-Mej\u00edas, A. L. Hipp, and E. H. Roalson, communicating authors)]. 2016. Megaphylogenetic specimen-level approaches to the <em>Carex<\/em> (Cyperaceae) phylogeny using barcode regions ITS, ETS, and <em>matK<\/em>: systematics implications.&nbsp;<u>Systematic Botany<\/u> 41: 500\u2013518.<\/p>\n\n\n\n<p>78. Jim\u00e9nez-Mej\u00edas, P., E. Martinetto, A. Momohara, S. Popova, S. Y. Smith, and E. H. Roalson. 2016. A commented synopsis of the pre-Pleistocene fossil record of <em>Carex<\/em> (Cyperaceae). <u>The Botanical Review<\/u> 82: 258\u2013345.<\/p>\n\n\n\n<p>77. Jim\u00e9nez-Mej\u00edas, P. and E. H. Roalson. 2016. Two new species of <em>Carex<\/em> (Cyperaceae) from northern South America. <u>Phytotaxa<\/u> 266: 21\u201326.<\/p>\n\n\n\n<p>76. Roalson, E. H. and W. R. Roberts. 2016. Distinct processes drive diversification in different clades of Gesneriaceae. <u>Systematic Biology<\/u> 65: 662\u2013684.<\/p>\n\n\n\n<p>75. Rosnow, J. J., M. A. Evans, M. V. Kapralov, A. B. Cousins, G. E. Edwards, and E. H. Roalson. 2015. Kranz and single-cell forms of C<sub>4<\/sub> plants in the subfamily Suaedoideae show kinetic C<sub>4<\/sub> convergence for PEPC and Rubisco with divergent amino acid substitutions. <u>Journal of Experimental Botany<\/u> 66: 7347\u20137358.<\/p>\n\n\n\n<p>74. Global <em>Carex<\/em> Group (M. J. Waterway, communicating author). 2015. Making <em>Carex<\/em> monophyletic (Cyperaceae, tribe Cariceae): a new broader circumscription. <u>Botanical Journal of the Linnean Society<\/u> 179: 1\u201342.<\/p>\n\n\n\n<p>73. Bills, J., E. H. Roalson, J. W. Busch, and P. B. Eidesen. 2015. Environmental and genetic correlates of allocation to sexual reproduction in the circumpolar plant <em>Bistorta vivipara<\/em> (Polygonaceae). <u>American Journal of Botany<\/u> 102: 1174\u20131186.<\/p>\n\n\n\n<p>72. Roalson, E. H., J. C. Hall, J. P. Riser II, W. M. Cardinal-McTeague, T. S. Cochrane, and K. J. Sytsma. 2015. A revision of generic boundaries and nomenclature in the North American cleomoid clade (Cleomaceae). <u>Phytotaxa<\/u> 205: 129\u2013144.<\/p>\n\n\n\n<p>71. Zhao, J., D. S. Favero, J. Qiu, E. H. Roalson, and M. Neff. 2014. Insights into the evolution and diversification of the <em>AT-hook motif nuclear localized<\/em> (<em>AHL<\/em>) gene family in land plants. <u>BMC Plant Biology<\/u> 14: 266.<\/p>\n\n\n\n<p>70. Rosnow, J. J., G. E. Edwards, and E. H. Roalson. 2014. Positive selection of Kranz and non-Kranz C<sub>4<\/sub> phosphoenolpyruvate carboxylase amino acids in Suaedoideae (Chenopodiaceae). <u>Journal of Experimental Botany<\/u> 65: 3595\u20133607.<\/p>\n\n\n\n<p>69. Akhani, H., W. Greuter, and E. H. Roalson. 2014. Notes on the typification and nomenclature of <em>Salsola<\/em> and <em>Kali<\/em> (Chenopodiaceae). <u>Taxon<\/u> 63: 647\u2013650.<\/p>\n\n\n\n<p>68. Patchell, M. J., E. H. Roalson, and J. C. Hall. 2014. Resolved phylogeny of Cleomaceae based on all three genomes. <u>Taxon<\/u> 63: 315\u2013328.<\/p>\n\n\n\n<p>67. Clark, J. R., H. Atkins, G. Bramley, D. Jolles, E. H. Roalson, and W. L. Wagner. 2013. Towards a phylogenetically informed taxonomy of <em>Cyrtandra<\/em> (Gesneriaceae) in the Solomon Islands. <u>Selbyana<\/u> 31(2), Sp. Iss. SI: 166\u2013183.<\/p>\n\n\n\n<p>66. Jiwan, D., E. H. Roalson, D. Main, and A. Dhingra. 2013. Antisense expression of peach mildew resistance locus O (<em>PpMlo1<\/em>) gene confers cross-species resistance to powdery mildew in <em>Fragaria x ananassa<\/em>. <u>Transgenic Research<\/u> 22: 1119\u20131131.<\/p>\n\n\n\n<p>65. Riser II, J. P., W. M. Cardinal-McTeague, J. C. Hall, W. J. Hahn, K. J. Sytsma, and E. H. Roalson. 2013. Phylogenetic relationships among the North American cleomoids (Cleomaceae): A test of Iltis&#8217; reduction series. <u>American Journal of Botany<\/u> 100: 2102\u20132111.<\/p>\n\n\n\n<p>64. Voznesenskaya, E. V., N. K. Koteyeva, H. Akhani, E. H. Roalson, and G. E. Edwards. 2013. Structural and physiological analyses in Salsoloideae (Chenopodiaceae) indicate multiple transitions among C<sub>3<\/sub>, intermediate, and C<sub>4<\/sub> photosynthesis. <u>Journal of Experimental Botany<\/u> 64: 3583\u20133604.<\/p>\n\n\n\n<p>63. Pillon, Y., J. B. Johansen, T. Sakishima, E. H. Roalson, D. K. Price, and E. A. Stacy. 2013. Gene discordance in phylogenomics of recent plant radiations, an example from Hawaiian <em>Cyrtandra<\/em> (Gesneriaceae). <u>Molecular Phylogenetics and Evolution<\/u> 69: 293\u2013298.<\/p>\n\n\n\n<p>62. Hinchliff, C. E. and E. H. Roalson. 2013. Using supermatrices for phylogenetic inquiry: an example using the sedges. <u>Systematic Biology<\/u> 62: 205\u2013219.<\/p>\n\n\n\n<p>61. Pillon, Y., J. B. Johansen, T. Sakishima, S. Chamala, W. B. Barbazuk, E. H. Roalson, D. K. Price, and E. A. Stacy. 2013. Potential use of low-copy nuclear genes in DNA barcoding: a comparison with plastid genes in two Hawaiian radiations. <u>BMC Evolutionary Biology<\/u> 13: 35.<\/p>\n\n\n\n<p>60. Chung, K.-S., A. L. Hipp, and E. H. Roalson. 2012. Chromosome number evolves independently of genome size in a clade with non-localized centromeres (<em>Carex<\/em>: Cyperaceae). <u>Evolution<\/u> 66: 2708\u20132722.<\/p>\n\n\n\n<p>59. Kappmeyer, L. S., M. Thiagarajan, D. R. Herndon, J. D. Ramsay, E. Caler, A. Djikeng, J. J. Gillespie, A. O. T. Lau, E. H. Roalson, J. C. Silva, M. G. Silva, C. E. Suarez, M. W. Ueti, V. M. Nene, R. H. Mealey, D. P. Knowles, and K. A. Brayton. 2012. Comparative genomic analysis and phylogenetic position of <em>Theileria equi<\/em>. <u>BMC Genomics<\/u> 13: 603.<\/p>\n\n\n\n<p>58. Clark, J. L., E. H. Roalson, R. A. Pritchard, C. L. Coleman, V.-H. Teoh, and J. Matos. 2011. Independent origin of radial floral symmetry in the Gloxinieae (Gesnerioideae: Gesneriaceae) is supported by the rediscovery of <em>Phinaea pulchella<\/em> in Cuba. <u>Systematic Botany<\/u> 36: 757\u2013767.<\/p>\n\n\n\n<p>57. Koteyeva, N. K., E. V. Voznesenskaya, E. H. Roalson, and G. E. Edwards. 2011. Diversity in forms of C<sub>4<\/sub> which evolved in genus <em>Cleome<\/em> (Cleomaceae). <u>Annals of Botany<\/u> 107: 269\u2013283.<\/p>\n\n\n\n<p>56. Roalson, E. H. 2011. C<sub>4<\/sub> photosynthesis origins in the monocots: a review and reanalysis. Pp. 319\u2013338 in <u>C<sub>4<\/sub> Photosynthesis and Related CO<sub>2 <\/sub>Concentrating Mechanisms<\/u>. Raghavendra, A. S. and R. F. Sage (eds.). Dordrecht, The Netherlands, Kluwer. [13]<\/p>\n\n\n\n<p>55. Feodorova, T., E. V. Voznesenskaya, G. E. Edwards, and E. H. Roalson. 2010. Biogeographic patterns of diversification and the origins of C<sub>4<\/sub> in <em>Cleome<\/em> (Cleomaceae). <u>Systematic Botany<\/u> 35: 811\u2013826.<\/p>\n\n\n\n<p>54. Hinchliff, C. E., A. E. Lliully Aguilar, T. Carey, and E. H. Roalson. 2010. The origins of <em>Eleocharis<\/em> (Cyperaceae) and the phylogenetic position of <em>Websteria<\/em>, <em>Egleria<\/em>, and <em>Chillania<\/em>. <u>Taxon<\/u> 59: 709\u2013719.<\/p>\n\n\n\n<p>53. Hinchliff, C. E., S. Petersen, and E. H. Roalson. 2010. <em>Eleocharis endounifascis<\/em>: A new species of <em>Eleocharis<\/em> subgenus <em>Limnochloa<\/em> (Cyperaceae) from northern South America. <u>Phytotaxa<\/u> 7: 19\u201324.<\/p>\n\n\n\n<p>52. Roalson, E. H., C. E. Hinchliff, R. Trevisan, and C. R. M. da Silva. 2010. Phylogenetic relationships in <em>Eleocharis<\/em> (Cyperaceae): C<sub>4<\/sub> photosynthesis origins and patterns of diversification in the spikerushes. <u>Systematic Botany<\/u> 35: 257\u2013271.<\/p>\n\n\n\n<p>51. Skinner, M. K., A. Rawls, J. Wilson-Rawls, and E. H. Roalson. 2010. Basic helix-loop-helix transcription factor gene family phylogenetics and nomenclature. <u>Differentiation<\/u> 80: 1\u20138.<\/p>\n\n\n\n<p>50. Besnard, G., A. M. Muasya, F. Russier, E. H. Roalson, N. Salamin, and P.-A. Christin. 2009. Phylogenomics of C<sub>4<\/sub> photosynthesis in sedges (Cyperaceae): multiple appearances and genetic convergence. <u>Molecular Biology and Evolution<\/u> 26: 1909\u20131919.<\/p>\n\n\n\n<p>49. Clark, J. R., W. L. Wagner, and E. H. Roalson. 2009. Patterns of diversification and ancestral range reconstruction in the Southeast Asian-Pacific angiosperm lineage <em>Cyrtandra<\/em> (Gesneriaceae). <u>Molecular Phylogenetics and Evolution<\/u> 53: 982\u2013994.<\/p>\n\n\n\n<p>48. Hinchliff, C. E. and E. H. Roalson. 2009. Evolution of stem architecture in <em>Eleocharis<\/em> subgenus <em>Limnochloa<\/em> (Cyperaceae): evidence of rapid dynamic evolution in a group of pantropical sedges. <u>American Journal of Botany<\/u> 96: 1487\u20131499.<\/p>\n\n\n\n<p>47. Hipp, A. L., P. E. Rothrock, and E. H. Roalson. 2009. The evolution of chromosome arrangements in <em>Carex<\/em> (Cyperaceae). <u>The <\/u><u>Botanical Review<\/u> 75: 96\u2013109.<\/p>\n\n\n\n<p>46. King, M. G. and E. H. Roalson. 2009a. Discordance between phylogenetics and coalescent-based divergence modeling: exploring phylogeographic patterns of speciation in the <em>Carex macrocephala<\/em> species complex. <u>Molecular Ecology<\/u> 18: 468\u2013482.<\/p>\n\n\n\n<p>45. King, M. G. and E. H. Roalson. 2009b. Isolation and characterization of eleven microsatellite loci from <em>Carex macrocephala<\/em> (Cyperaceae). <u>Conservation Genetics<\/u> 10: 531\u2013533.<\/p>\n\n\n\n<p>44. King, M. G., M. E. Horning, and E. H. Roalson. 2009. Range persistance during the last glacial maximum: <em>Carex macrocephala<\/em> may have been unrestricted to glacial refugia. <u>Molecular Ecology<\/u> 18: 4256\u20134269.<\/p>\n\n\n\n<p>43. Lau, A. O. T., T. F. McElwain, K. A. Brayton, D. P. Knowles, and E. H. Roalson. 2009. <em>Babesia bovis<\/em>: A comprehensive phylogenetic analysis of plastid-encoded genes supports green algal origin of apicoplasts. <u>Experimental Parasitology<\/u> 123: 236\u2013243.<\/p>\n\n\n\n<p>42. Boggan, J. K., L. E. Skog, and E. H. Roalson. 2008. A review of the neotropical genera <em>Amalophyllon<\/em>, <em>Niphaea<\/em>, and <em>Phinaea<\/em> (Gesneriaceae-Gloxinieae). <u>Selbyana<\/u> 29: 157\u2013176.<\/p>\n\n\n\n<p>41. Christin, P.-A., N. Salamin, M. Muasya, E. H. Roalson, F. Russier, and G. Besnard. 2008. Evolutionary switch and genetic convergence on <em>rbcL<\/em> following the evolution of C<sub>4<\/sub> photosynthesis. <u>Molecular Biology and Evolution<\/u> 25: 2361\u20132368.<\/p>\n\n\n\n<p>40. Clark, J. R., R. H. Ree, M. E. Alfaro, M. G. King, W. L. Wagner, and E. H. Roalson. 2008. A comparative study in ancestral range reconstruction methods: Retracing the uncertain histories of insular lineages. <u>Systematic Biology<\/u> 57: 693\u2013707.<\/p>\n\n\n\n<p>39. King, M. G. and E. H. Roalson. 2008. Exploring evolutionary dynamics of nrDNA in <em>Carex<\/em> subgenus <em>Vignea<\/em> (Cyperaceae). <u>Systematic Botany<\/u> 33: 514\u2013524.<\/p>\n\n\n\n<p>38. Roalson, E. H. 2008. A synopsis of chromosome number variation in the Cyperaceae. <u>The Botanical Review<\/u> 74: 209\u2013393.<\/p>\n\n\n\n<p>37. Roalson, E. H., L. E. Skog, and E. A. Zimmer. 2008. Untangling Gloxinieae (Gesneriaceae). II. Reconstructing biogeographic patterns and estimating divergence times among New World continental and island lineages. <u>Systematic Botany<\/u> 33: 159\u2013176.<\/p>\n\n\n\n<p>36. Rodgers, B. D., E. H. Roalson, and C. Thompson. 2008. Phylogenetic analysis of the insulin-like growth factor binding protein (IGFBP) and IGFBP-related protein gene families. <u>General and Comparative Endocrinology<\/u> 155: 201\u2013207.<\/p>\n\n\n\n<p>35. Stevens, J. D., E. H. Roalson, and M. K. Skinner. 2008. Phylogenetic and expression analysis of the basic helix-loop-helix transcription factor gene family: genomic approach to cellular differentiation. <u>Differentiation<\/u> 76: 1006\u20131022.<\/p>\n\n\n\n<p>34. Voznesenskaya, E. V., H. Akhani, N. K. Koteyeva, S. D. X. Chuong, E. H. Roalson, O. Kiirats, V. Franceschi, and G. E. Edwards. 2008. Structural, biochemical and physiological characterization of photosynthesis in two C<sub>4<\/sub> subspecies of <em>Tecticornia indica<\/em> and the C<sub>3<\/sub> species <em>Tecticornia pergranulata<\/em> (Chenopodiaceae). <u>Journal of Experimental Botany<\/u> 59: 1715\u20131734.<\/p>\n\n\n\n<p>33. Akhani, H., G. E. Edwards, and E. H. Roalson. 2007. Diversification of the Old World Salsoleae s.l. (Chenopodiaceae): Molecular phylogenetic analysis of nuclear and chloroplast datasets and a revised classification. <u>International Journal of Plant Sciences<\/u> 168(6): 931\u2013956.<\/p>\n\n\n\n<p>32. Garikipati, D. K., S. A. Gahr, E. H. Roalson, and B. D. Rodgers. 2007. Characterization of rainbow trout myostatin-2 genes (rtMSTN-2a &amp; -2b): Genomic organization, differential expression and psuedogenization. <u>Endocrinology<\/u> 148(5): 2106\u20132115.<\/p>\n\n\n\n<p>31. Murphy, L. R., J. Barroca, V. R. Franceschi, R. Lee, E. H. Roalson, G. E. Edwards, and M. S. B. Ku. 2007. Diversity and plasticity of C<sub>4<\/sub> photosynthesis in <em>Eleocharis<\/em> (Cyperaceae). <u>Functional Plant Biology<\/u> 34(7): 571\u2013580.<\/p>\n\n\n\n<p>30. Roalson, E. H., A. G. McCubbin, and R. Whitkus. 2007. Chromosome evolution in the Cyperales. <u>Monocots: comparative biology and evolution (Poales)<\/u>. J. T. Columbus, E. A. Friar, J. M. Porter, L. M. Prince, and M. G. Simpson [eds.]. <u>Aliso<\/u> 23: 62\u201371.<\/p>\n\n\n\n<p>29. Rodgers, B. D., E. H. Roalson, G. M. Weber, S. B. Roberts, and F. W. Goetz. 2007. A proposed nomenclature consensus for the myostatin gene family. <u>AJP: Endocrinology and Metabolism<\/u> 292: E371\u2013E372.<\/p>\n\n\n\n<p>28. Simpson, D. A., A. M. Muasya, M. Alves, J. J. Bruhl, S. Dhooge, M. W. Chase, C. A. Furness, K. Ghamkhar, P. Goetghebeur, T. R. Hodkinson, A. D. Marchant, A. A. Reznicek, R. Nieuwborg, E. H. Roalson, E. Smets, J. R. Starr, W. W. Thomas, K. L. Wilson, and X. Zhang. 2007. Phylogeny of Cyperaceae based on DNA sequence data \u2013 a new <em>rbcL<\/em> analysis. <u>Monocots: comparative biology and evolution (Poales)<\/u>. J. T. Columbus, E. A. Friar, J. M. Porter, L. M. Prince, and M. G. Simpson [eds.]. <u>Aliso<\/u> 23: 72\u201383.<\/p>\n\n\n\n<p>27. Davis, L. A., E. H. Roalson, K. L. Cornell, K. D. McClanahan<sup>$<\/sup>, and M. S. Webster. 2006. Genetic divergence and migration patterns in a North American passerine bird: Implications for evolution and conservation. <u>Molecular Ecology<\/u> 15(8): 2141\u20132152.<\/p>\n\n\n\n<p>26. Friar, E. A., L. M. Prince, E. H. Roalson, M. E. McGlaughlin, J. M. Cruse-Sanders, S. J. De Groot, and J. M. Porter. 2006. Ecological speciation in the East Maui-endemic <em>Dubautia<\/em> (Asteraceae) species. <u>Evolution<\/u> 60: 1777\u20131792.<\/p>\n\n\n\n<p>25. Givnish, T. J., J. C. Pires, S. W. Graham, M. A. McPherson, L. M. Prince, T. B. Patterson, H. S. Rai, E. H. Roalson, T. M. Evans, W. J. Hahn, K. C. Millam, A. W. Meerow, M. Molvray, P. J. Kores, H. E. O&#8217;Brien, J. C. Hall, W. J. Kress, and K. J. Sytsma. 2006. &nbsp;Phylogenetic relationships of monocots based on the highly informative plastid gene<em> ndh<\/em>F: evidence for widespread concerted convergence. <u>Monocots: comparative biology and evolution (excluding Poales)<\/u>. J. T. Columbus, J. T., E. A. Friar, J. M. Porter, L. M. Prince, and M. G. Simpson [eds.]. <u>Aliso<\/u> 22: 28\u201351.<\/p>\n\n\n\n<p>24. Kapralov, M. V., H. Akhani, E. V. Voznesenskaya, G. E. Edwards, V. R. Franceschi, and E. H. Roalson. 2006. Phylogenetic relationships in the Salicornioideae \/ Suaedoideae \/ Salsoloideae s.l. (Chenopodiaceae) clade and a clarification of the phylogenetic position of <em>Bienertia<\/em> and <em>Alexandra<\/em> using multiple DNA sequence datasets. <u>Systematic Botany<\/u> 31: 571\u2013585.<\/p>\n\n\n\n<p>23. Roalson, E. H. and J. L. Clark. 2006. Phylogenetic patterns of diversification in the Beslerieae (Gesneriaceae). Pp. 251\u2013268 in Sharma, A. K., and A. Sharma (eds.), <u>Plant Genome: Biodiversity and Evolution, Phanerograms 1C<\/u>. Science Publishers, Inc., Enfield, New Hampshire, USA.<\/p>\n\n\n\n<p>22. Stevens, J. D., E. H. Roalson, and M. K. Skinner. 2006. Phylogenetic analysis of the basic Helix-Loop-Helix transcription factor family: A genomics approach to Sertoli cell differentiation. <u>Biology of Reproduction<\/u> Sp. Iss. SI 153\u2013154.<\/p>\n\n\n\n<p>21. Givnish, T. J., J C. Pires, S. W. Graham, M. A. McPherson, L. M. Prince, T. B. Patterson, H. S. Rai, E. H. Roalson, T. M. Evans, W. J. Hahn, K. C. Millam, A. W. Meerow, M. Molvray, P. J. Kores, H. E. O&#8217;Brien, J. C. Hall, W. J. Kress, and K. J. Sytsma. 2005. &nbsp;Repeated evolution of net venation and fleshy fruits among monocots in shaded habitats confirms <em>a priori<\/em> predictions: evidence from an <em>ndhF<\/em> phylogeny. <u>Proc. R. Soc. B<\/u> 272: 1481\u20131490.<\/p>\n\n\n\n<p>20. Kerr, T., E. H. Roalson, and B. D. Rodgers. 2005. Phylogenetic analysis of the myostatin gene sub-family and the differential expression of a novel member in zebrafish. <u>Evolution and Development<\/u> 7(5): 390\u2013400.<\/p>\n\n\n\n<p>19. Roalson, E. H. 2005. Phylogenetic relationships in the Juncaceae inferred from nrDNA ITS sequence data. <u>International Journal of Plant Sciences<\/u> 166(3): 397\u2013413.<\/p>\n\n\n\n<p>18. Roalson, E. H., J. K. Boggan, and L. E. Skog. 2005. Reorganization of tribal and generic boundaries in the Gloxinieae (Gesneriaceae: Gesnerioideae) and the description of a new tribe in the Gesnerioideae, Sphaerorrhizeae. <u>Selbyana<\/u> 25(2): 225\u2013238.<\/p>\n\n\n\n<p>17. Roalson, E. H., J. K. Boggan, L. E. Skog, and E. A. Zimmer. 2005. Untangling Gloxinieae (Gesneriaceae). I. Phylogenetic patterns and generic boundaries inferred from nuclear, chloroplast, and morphological cladistic data sets. <u>Taxon<\/u> 54(2): 389\u2013410.<\/p>\n\n\n\n<p>16. Roalson, E. H. and E. A. Friar. 2004a. Phylogenetic relationships and biogeographic patterns in <em>Carex<\/em> section <em>Acrocystis<\/em> (Cyperaceae) using nrDNA ITS and ETS sequence data. <u>Plant Systematics and Evolution<\/u> 243: 175\u2013187.<\/p>\n\n\n\n<p>15. Roalson, E. H. and E. A. Friar. 2004b. Phylogenetic analysis of the nuclear alcohol dehydrogenase (<em>Adh<\/em>) gene family in <em>Carex<\/em> section <em>Acrocystis<\/em> (Cyperaceae) and combined analyses of <em>Adh<\/em> and nuclear ribosomal ITS and ETS sequences for inferring species relationships. <u>Molecular Phylogenetics and Evolution<\/u> 33: 671\u2013686.<\/p>\n\n\n\n<p>14. Roalson, E. H. and A. G. McCubbin. 2003. S-RNases and sexual incompatibility: structure, functions and evolutionary perspectives. <u>Molecular Phylogenetics and Evolution<\/u> 29(3): 490\u2013506.<\/p>\n\n\n\n<p>13. Roalson, E. H., L. E. Skog, and E. A. Zimmer. 2003. Phylogenetic relationships and the diversification of floral form in <em>Achimenes<\/em> (Gesneriaceae). <u>Systematic Botany<\/u> 28(3): 593\u2013608.<\/p>\n\n\n\n<p>12. Roalson, E. H., A. E. Senters, L. E. Skog, and E. A. Zimmer. 2002. A morphological cladistic analysis of the neotropical flowering plant genus <em>Gasteranthus<\/em> (Gesneriaceae). <u>Systematic Botany<\/u> 27(3): 573\u2013591.<\/p>\n\n\n\n<p>11. Roalson, E. H., T. R. Van Devender, and A. L. Reina G. 2002. Additions to the Cyperaceae and Juncaceae flora of the Rio Mayo region, Sonora, Mexico. <u>Sida<\/u> 20(1): 339\u2013347.<\/p>\n\n\n\n<p>10. Zimmer, E. A., E. H. Roalson, L. E. Skog, J. K. Boggan, and A. Idnurm. 2002. Phylogenetic relationships in the Gesnerioideae (Gesneriaceae) based on nrDNA ITS and cpDNA <em>trnL-F<\/em> and <em>trnE-T<\/em> spacer region sequences. <u>American Journal of Botany<\/u> 89(2): 296\u2013311.<\/p>\n\n\n\n<p>9. Friar, E. A., D. L. Boose, T. LaDoux, E. H. Roalson, and R. H. Robichaux. 2001. Population structure in the endangered Mauna Loa silversword, <em>Argyroxiphium kauens<\/em>e (Asteraceae), and its bearing on reintroduction. <u>Molecular Ecology<\/u> 10: 1657\u20131663.<\/p>\n\n\n\n<p>8. Roalson, E. H., J. T. Columbus, and E. A. Friar. 2001. Phylogenetic relationships in Cariceae (Cyperaceae) based on ITS (nrDNA) and <em>trnT-L-F<\/em> (cpDNA) region sequences: assessment of subgeneric and sectional relationships in <em>Carex<\/em> with emphasis on section <em>Acrocystis<\/em>. <u>Systematic Botany<\/u> 26: 318\u2013341.<\/p>\n\n\n\n<p>7. Friar, E. A., T. LaDoux, E. H. Roalson, and R. H. Robichaux. 2000. Microsatellite analysis of a population crash and bottleneck in the Mauna Kea silversword, <em>Argyroxiphium<\/em> <em>sandwicense<\/em> ssp. <em>sandwicense<\/em> (Asteraceae), and its implications for reintroduction. <u>Molecular Ecology<\/u> 9: 2027\u20132034.<\/p>\n\n\n\n<p>6. Roalson, E. H., and E. A. Friar. 2000. Infrageneric classification of <em>Eleocharis<\/em> (Cyperaceae) revisited: Evidence from the internal transcribed spacer (ITS) region of nuclear ribosomal DNA. <u>Systematic Botany<\/u> 25: 323\u2013336.<\/p>\n\n\n\n<p>5. Roalson, E. H. 1999. <em>Eleocharis<\/em> <em>yecorensis<\/em> (Cyperaceae), a new species of spike-sedge from Mexico. <u>Aliso<\/u> 18: 57\u201360.<\/p>\n\n\n\n<p>4. Roalson, E. H., and J. T. Columbus. 1999. Glume absence in the Orcuttieae (Gramineae: Chloridoideae) and a hypothesis of intratribal relationships. <u>Aliso<\/u> 18: 67\u201370.<\/p>\n\n\n\n<p>3. Roalson, E. H., and K. W. Allred. 1998. A floristic study in the Diamond Creek drainage, Gila National Forest, New Mexico. <u>Aliso<\/u> 17: 47\u201362.<\/p>\n\n\n\n<p>2. Roalson, E. H., and K. W. Allred. 1997. Vegetative proliferation in <em>Polypogon<\/em> <em>monspeliensis<\/em> (Gramineae). <u>Aliso<\/u> 16: 81.<\/p>\n\n\n\n<p>1. Roalson, E. H., S. D. Jones, and K. W. Allred. 1995. <em>Carex<\/em> <em>amplifolia<\/em> and <em>Carex<\/em> <em>rossii<\/em> (Cyperaceae) new to New Mexico and a key to section <em>Montanae<\/em> in New Mexico. <u>Sida<\/u> 16: 592\u2013594.<\/p>\n","protected":false},"excerpt":{"rendered":"<p>90. Soares Neto, R. L., M. R. de Vasconcellos Barbosa, and E. H. Roalson. 2017. Cleoserrata Iltis (Cleomaceae): taxonomic considerations and a new species. Phytotaxa. 89. Soares Neto, R. L., M. R. de Vasconcellos Barbosa, and E. H. Roalson. 2017. Two new species of Tarenaya (Cleomaceae) from Brazil. Phytotaxa. 88. Barrett*, R. L., E. H. [&hellip;]<\/p>\n","protected":false},"author":4758,"featured_media":0,"parent":0,"menu_order":0,"comment_status":"closed","ping_status":"closed","template":"","meta":[],"categories":[],"tags":[],"wsuwp_university_location":[],"wsuwp_university_org":[],"_links":{"self":[{"href":"https:\/\/labs.wsu.edu\/roalson\/wp-json\/wp\/v2\/pages\/9"}],"collection":[{"href":"https:\/\/labs.wsu.edu\/roalson\/wp-json\/wp\/v2\/pages"}],"about":[{"href":"https:\/\/labs.wsu.edu\/roalson\/wp-json\/wp\/v2\/types\/page"}],"author":[{"embeddable":true,"href":"https:\/\/labs.wsu.edu\/roalson\/wp-json\/wp\/v2\/users\/4758"}],"replies":[{"embeddable":true,"href":"https:\/\/labs.wsu.edu\/roalson\/wp-json\/wp\/v2\/comments?post=9"}],"version-history":[{"count":4,"href":"https:\/\/labs.wsu.edu\/roalson\/wp-json\/wp\/v2\/pages\/9\/revisions"}],"predecessor-version":[{"id":45,"href":"https:\/\/labs.wsu.edu\/roalson\/wp-json\/wp\/v2\/pages\/9\/revisions\/45"}],"wp:attachment":[{"href":"https:\/\/labs.wsu.edu\/roalson\/wp-json\/wp\/v2\/media?parent=9"}],"wp:term":[{"taxonomy":"category","embeddable":true,"href":"https:\/\/labs.wsu.edu\/roalson\/wp-json\/wp\/v2\/categories?post=9"},{"taxonomy":"post_tag","embeddable":true,"href":"https:\/\/labs.wsu.edu\/roalson\/wp-json\/wp\/v2\/tags?post=9"},{"taxonomy":"wsuwp_university_location","embeddable":true,"href":"https:\/\/labs.wsu.edu\/roalson\/wp-json\/wp\/v2\/wsuwp_university_location?post=9"},{"taxonomy":"wsuwp_university_org","embeddable":true,"href":"https:\/\/labs.wsu.edu\/roalson\/wp-json\/wp\/v2\/wsuwp_university_org?post=9"}],"curies":[{"name":"wp","href":"https:\/\/api.w.org\/{rel}","templated":true}]}}