{"id":7,"date":"2015-10-21T14:14:57","date_gmt":"2015-10-21T21:14:57","guid":{"rendered":"http:\/\/labs.wsu.edu\/sankaran-phenomics\/?page_id=7"},"modified":"2026-01-30T17:10:01","modified_gmt":"2026-01-31T01:10:01","slug":"publications","status":"publish","type":"page","link":"https:\/\/labs.wsu.edu\/sankaran-phenomics\/publications\/","title":{"rendered":"Publications"},"content":{"rendered":"<br \/>\n<section id=\"builder-section-1445461932978\" class=\"row single gutter pad-top\">\n<div style=\"\" class=\"column one \">\n<header>\n<h2>Publications<\/h2>\n<\/header>\n<h3>Refereed Publications<\/h3>\n<h4><strong>2025<\/strong><\/h4>\n<ul>\n<li>Umani, K., de Almeida Teixeira, G.H., Schroder, B.K., and\u00a0<strong>Sankaran, S.<\/strong>\u00a0Evaluation of spatial variability of volatile organic compounds in potato bulk storage facility using FAIMS.\u00a0<em>Journal of Food Measurement and Characterization<\/em>, https:\/\/doi.org\/10.1007\/s11694-025-03819-0.<\/li>\n<li>Valencia-Ortiz, M., McGee, R.J, and\u00a0<strong>Sankaran, S<\/strong>. 2025. Early detection of Aphanomyces root rot in pea plants using hyperspectral imaging.\u00a0<em>Physiological and Molecular Plant Pathology<\/em>, 140, 102862, https:\/\/doi.org\/10.1016\/j.pmpp.2025.102862.<\/li>\n<li>Hoyos-Villegas, V., Jackson, M., Vargas-Cede\u00f1o, M., Farmer, E.E., Hanneman, M, Mazis, A., Singh, K.D., Sangjan, W., McNair, M.,\u00a0<strong>Sankaran, S.<\/strong>, Tirado Tolosa, S., Gore, M.A., and Rife, T.W. 2025. Affordable Phenomics: Expanding access to enhancing genetic gain in plant breeding. 8 (1), e70034,\u00a0<em>The Plant Phenome Journal<\/em>, https:\/\/acsess.onlinelibrary.wiley.com\/doi\/10.1002\/ppj2.70034.<\/li>\n<li>Valencia-Ortiz, M., McGee, R.J, and\u00a0<strong>Sankaran, S<\/strong>. Field asymmetric ion mobility spectrometry for early detection of Aphanomyces root rot in peas using volatile biomarkers.\u00a0<em>Journal of Agricultural and Food Chemistry<\/em>, 73, 19, 12083\u201312092. 10.1021\/acs.jafc.4c12571. [ACS\u2019s Editor Choice Article]<\/li>\n<li>Umani, K., Daba, S., Piaskowski, J., McGee, R.J., Vandemark, G.J., and\u00a0<strong>Sankaran, S<\/strong>. 2025. Evaluation of genotype x environment interaction using yield and UAV-based vegetation index data from multi-environment trials in chickpea.\u00a0<em>Journal of Crop Improvement<\/em>, 39(3), 225\u2013250. https:\/\/doi.org\/10.1080\/15427528.2025.2489605.<\/li>\n<li>Valencia-Ortiz, M., McGee, R.J, Carter, A.H., and\u00a0<strong>Sankaran, S<\/strong>. Variability in vegetation indices as a function of unmanned aerial vehicle flight altitudes and other factors during crop monitoring applications.\u00a0<em>Agricultural Engineering International: CIGR Journal,\u00a0<\/em>27 (2), 268-284. https:\/\/cigrjournal.org\/index.php\/Ejounral\/article\/view\/9393<\/li>\n<li>Upadhaya, S.G.C., Zhang, C.,\u00a0<strong>Sankaran, S.<\/strong>, Paulitz, T., and Wheeler, D.<strong>.<\/strong>\u00a0Classification of\u00a0<em>Verticillium dahliae\u00a0<\/em>vegetative compatibility groups (VCGs) with machine learning and hyperspectral imagery.\u00a0<em>Applied Microbiology,<\/em>\u00a05(2), 41. https:\/\/doi.org\/10.3390\/applmicrobiol5020041.<\/li>\n<li>Marzougui, A., McConnel, C.S., Adams-Progar, A., Biggs, T.D., Ficklin, S., and\u00a0<strong>Sankaran, S.<\/strong>\u00a0Machine learning-derived cumulative health measure for assessing disease impact in dairy cattle.\u00a0<em>Frontiers in Animal Science,\u00a0<\/em>6:1532385. https:\/\/doi.org\/10.3389\/fanim.2025.1532385.<\/li>\n<li>Veloo, K., Z\u00fa\u00f1iga-Espinoza, C., Espinoza Salgado, A., Jacoby, P.W., and\u00a0<strong>Sankaran, S<\/strong>. 2025. Multispectral, thermal, and hyperspectral sensing data depict stomatal conductance in grapevine.\u00a0<em>Remote Sensing<\/em>, 17(1), 137. https:\/\/doi.org\/10.3390\/rs17010137.<\/li>\n<li>Valencia-Ortiz, M., McGee, R.J, and\u00a0<strong>Sankaran, S<\/strong>. 2025. Optimization of field asymmetric ion mobility spectrometry-based assessment of Aphanomyces root rot in pea.\u00a0<em>Crop Protection<\/em>, 187, 106982. https:\/\/doi.org\/10.1016\/j.cropro.2024.106982.<\/li>\n<li><a href=\"https:\/\/labs.wsu.edu\/sankaran-phenomics\/refereed-publications\/\">see complete list<\/a><\/li>\n<\/ul>\n<h3>Book Chapters<\/h3>\n<ul>\n<li>Zhang, C., and <strong>Sankaran, S.<\/strong> 2022. High-throughput extraction of seed traits using image acquisition and analysis. Editor: Lorence, A. Springer. In Methods in Molecular Biology, 2539:71-76, 10.1007\/978-1-0716-2537-8_8, 71-76.<\/li>\n<li><strong>Sankaran, S.<\/strong>, Khot, L.R., and Ehsani, R. 2019. Applies remote sensing systems in phytopathology. In \u2018Precision phytopathology: Frontiers of Science\u2019, Editors: Edson Luiz Furtado, S\u00e9rgio Florentino Pascholati, Waldir Cintra de Jesus Junior, Willian Bucker Moraes, Funda\u00e7\u00e3o de Estudos e Pesquisas Agr\u00edcolas e Florestais (FEPAF), Brazil, pp. 25-45.<\/li>\n<li><strong>Sankaran, S.<\/strong>, Zhang, C., and Marzougui, A. 2017. Sensing for stress detection and high-throughput phenotyping in precision horticulture. In \u2018Automation in tree fruit production: Principles and practice\u2019, Editor: Zhang Q. CABI, pp. 28-42.<\/li>\n<li><strong>Sankaran, S.<\/strong>, Khot, L.R., and Ehsani, R. 2014. Mid- and Far-infrared Imaging. In \u2018Imaging with Electromagnetic Spectrum: Applications in Food and Agriculture\u2019. Editors: Alahakoon, M.K., Annamalai, M., and Jayasuriya, H.P.W. Springer, 129-146.<\/li>\n<li><b>Sankaran, S.<\/b>, and Ehsani, R. 2014. Introduction to the Electromagnetic Spectrum. In \u2018Imaging with Electromagnetic Spectrum: Applications in Food and Agriculture\u2019. Editors: Alahakoon, M.K., Annamalai, M., and Jayasuriya, H.P.W. Springer, 1-15.<\/li>\n<li>Aksenov, A., Guaman, N.A.V., <b>Sankaran, S.<\/b>, Fung, A.G., Pasamontes, A., Frederico, M., Cheung, W.H.K., Ehsani, R., Dandekar, A.M., and Davis, C.E. 2013. Volatile organic compounds (VOCs) for noninvasive plant diagnostics. In \u2018Pest Management with Natural Products\u2019. Editors, J.J. Beck, J.R. Coats, S.O. Duke, M.E. Koivunen. ACS Publications, doi: 10.1021\/bk-2013-1141.fw001, pp. 73-95.<\/li>\n<li>Van Leeuwen, J. (Hans), Rasmussen, M.L., <strong>Sankaran, S.,<\/strong> Koza, C.R., Erickson, D.T., Mitra, D., and Jin, B. 2011. Fungal treatment of crop processing wastewaters with value-added co-products. In \u2018<a href=\"http:\/\/www.springer.com\/engineering\/energy+technology\/book\/978-1-4471-2323-1\" target=\"_blank\" rel=\"noopener noreferrer\">Sustainable Bioenergy and Bioproducts\u2019<\/a><strong>.<\/strong> Eds: Kasthurirangan Gopalakrishnan, Hans van Leeuwen, Robert C. Brown. Chapter II, Springer-Verlag Inc., pp. 13-44.<\/li>\n<\/ul>\n<h3>Proceeding Publications\/Reports<\/h3>\n<ul>\n<li>Veloo, K., Carter, A.H., Garland-Campbell, K., Pumphrey, M.O., Rajagopalan, K., and <strong>Sankaran, S<\/strong>. 2024. UAV-derived digital trait analysis for consistent representation of wheat grain yield and adaptability across variable environments. Paper No. 2401227, 2024 ASABE AIM, Anaheim, CA, 29-31 July 2024.<\/li>\n<li>Sangjan, W., Pukrongta, N., Carter, A. H., Pumphrey, M. O., and <strong>Sankaran, S<\/strong>. 2022. Development of IoT-based camera system for automated in-field monitoring to support crop breeding Programs. Authorea Preprints.<\/li>\n<li>Sangjan, W., Carter, A. H., Pumphrey, M. O., and <strong>Sankaran, S<\/strong>. 2021. Development of sensor system for the internet of things (IoT)-based automated in-field monitoring to support crop improvement programs. Paper No. 2100696, In 2021 American Society of Agricultural and Biological Engineers (ASABE) Annual International Virtual Meeting (AIM), American Society of Agricultural and Biological Engineers.<\/li>\n<li>Parhi, A., Sonar, C. R., Zhang, C., Rasco, B., <strong>Sankaran, S.<\/strong>, Tang, J., and Sablani, S. S. 2020. Agar gel-based oxygen indicator for detection of defects in metal-oxide-coated multilayered food packaging films. Paper No. 2001337, In 2020 ASABE Annual International Virtual Meeting (p. 1). American Society of Agricultural and Biological Engineers.<\/li>\n<li><strong>Sankaran, S.<\/strong>, Zhang, C., Hurst, P.J., Marzougui, A., Sivakumar, A.V.N., Li, J., Schnable, J., and Shi, Y. 2020. Investigating the potential of satellite imagery for high-throughput field phenotyping applications. In Autonomous Air and Ground Sensing Systems for Agricultural Optimization and Phenotyping V (Vol. 11414). International Society for Optics and Photonics (SPIE).<\/li>\n<li>Zhang, C., Craine, W., Davis, J. B., Khot, L. R., Marzougui, A., Brown, J., Hulbert, S. H., and <strong>Sankaran, S.<\/strong> 2018. Detection of canola flowering using proximal and aerial remote sensing techniques. Proceeding SPIE 10664, Autonomous air and ground sensing systems for agricultural optimization and phenotyping (III).<\/li>\n<li>Zhang, C., Pumphrey, M., Zhou, J., Gao, H., Zhang, Q., and <strong>Sankaran, S.<\/strong> 2017. Development of automated high-throughput phenotyping system for controlled environment studies, Paper No. 1700581, 2017 American Society of Agricultural and Biological Engineers (ASABE) Annual International Meeting (AIM), Spokane, WA.<\/li>\n<li><strong>Sankaran, S<\/strong>., Carter, A.H., Slaughter, D.C., Kirchhoff, H., Okamuro, J.K., Poland, J., and Kalcsits, L.A. 2016. <a href=\"https:\/\/wpcdn.web.wsu.edu\/wp-labs\/uploads\/sites\/1041\/2016\/06\/WhitePaperAFRI_HTP_Spokane-2.pdf\" target=\"_blank\" rel=\"noopener noreferrer\">Conference Summary Report<\/a> on \u2018Advances in Field-Based High-throughput Phenotyping and Data Management: Grains and Specialty Crops\u2019.<\/li>\n<li><strong>Sankaran,\u00a0 S.,<\/strong> Khot, L.R., Quir\u00f3s, J., Vandemark, G.J., and McGee, R.J. 2016. UAV-based high-throughput phenotyping in legume crops, Proceeding SPIE 9866, Autonomous Air and Ground Sensing Systems for Agricultural Optimization and Phenotyping, 98660G (May 17, 2016); doi: http:\/\/dx.doi.org\/10.1117\/12.2228550.<\/li>\n<li>Z\u00fa\u00f1iga, C.E., Khot, L.R., Jacoby, P., and <strong>Sankaran, S<\/strong>. 2016. Remote sensing based water-use efficiency evaluation in sub-surface irrigated wine grape vines. Proceeding SPIE 9866, Autonomous Air and Ground Sensing Systems for Agricultural Optimization and Phenotyping, 98660O (May 17, 2016); doi: http:\/\/dx.doi.org\/10.1117\/12.2228791.<\/li>\n<li><a href=\"http:\/\/labs.wsu.edu\/sankaran-phenomics\/proceedings\/\">see complete list<\/a><\/li>\n<\/ul><\/div>\n<\/section>\n","protected":false},"excerpt":{"rendered":"<p> <\/p>\n<h2>Publications<\/h2>\n<h3>Refereed Publications<\/h3>\n<h4><strong>2025<\/strong><\/h4>\n<p>Umani, K., de Almeida Teixeira, G.H., Schroder, B.K., and\u00a0<strong>Sankaran, S.<\/strong>\u00a0Evaluation of spatial variability of volatile organic compounds in potato bulk storage facility using FAIMS.\u00a0<em>Journal of Food Measurement and Characterization<\/em>, https:\/\/doi.org\/10.1007\/s11694-025-03819-0.<br \/> Valencia-Ortiz, M., McGee, R.J, and\u00a0<strong>Sankaran, S<\/strong>. 2025. Early detection of Aphanomyces root rot in pea plants using hyperspectral imaging.\u00a0<em>Physiological and Molecular Plant Pathology<\/em>, 140, 102862, https:\/\/doi.org\/10.1016\/j.pmpp.2025.102862.<br \/> Hoyos-Villegas, V., Jackson, M., Vargas-Cede\u00f1o, M., Farmer, E.E., Hanneman, M, Mazis, A., Singh, K.D., Sangjan, W., McNair, M.,\u00a0<strong>Sankaran, S.<\/strong>, Tirado Tolosa, S., Gore, M.A., and Rife, T.W. 2025. Affordable Phenomics: Expanding access to enhancing genetic gain in plant breeding. 8 (1), &#8230; <a href=\"https:\/\/labs.wsu.edu\/sankaran-phenomics\/publications\/\" class=\"more-link\"><span class=\"more-default\">&raquo; More &#8230;<\/span><\/a><\/p>\n","protected":false},"author":1351,"featured_media":0,"parent":0,"menu_order":0,"comment_status":"closed","ping_status":"closed","template":"template-builder.php","meta":[],"wsuwp_university_location":[],"wsuwp_university_org":[],"_links":{"self":[{"href":"https:\/\/labs.wsu.edu\/sankaran-phenomics\/wp-json\/wp\/v2\/pages\/7"}],"collection":[{"href":"https:\/\/labs.wsu.edu\/sankaran-phenomics\/wp-json\/wp\/v2\/pages"}],"about":[{"href":"https:\/\/labs.wsu.edu\/sankaran-phenomics\/wp-json\/wp\/v2\/types\/page"}],"author":[{"embeddable":true,"href":"https:\/\/labs.wsu.edu\/sankaran-phenomics\/wp-json\/wp\/v2\/users\/1351"}],"replies":[{"embeddable":true,"href":"https:\/\/labs.wsu.edu\/sankaran-phenomics\/wp-json\/wp\/v2\/comments?post=7"}],"version-history":[{"count":33,"href":"https:\/\/labs.wsu.edu\/sankaran-phenomics\/wp-json\/wp\/v2\/pages\/7\/revisions"}],"predecessor-version":[{"id":1415,"href":"https:\/\/labs.wsu.edu\/sankaran-phenomics\/wp-json\/wp\/v2\/pages\/7\/revisions\/1415"}],"wp:attachment":[{"href":"https:\/\/labs.wsu.edu\/sankaran-phenomics\/wp-json\/wp\/v2\/media?parent=7"}],"wp:term":[{"taxonomy":"wsuwp_university_location","embeddable":true,"href":"https:\/\/labs.wsu.edu\/sankaran-phenomics\/wp-json\/wp\/v2\/wsuwp_university_location?post=7"},{"taxonomy":"wsuwp_university_org","embeddable":true,"href":"https:\/\/labs.wsu.edu\/sankaran-phenomics\/wp-json\/wp\/v2\/wsuwp_university_org?post=7"}],"curies":[{"name":"wp","href":"https:\/\/api.w.org\/{rel}","templated":true}]}}