{"id":1932,"date":"2018-09-27T10:52:58","date_gmt":"2018-09-27T17:52:58","guid":{"rendered":"https:\/\/labs.wsu.edu\/tanaka-lab\/?page_id=1932"},"modified":"2019-01-17T15:56:44","modified_gmt":"2019-01-17T23:56:44","slug":"mora-romero","status":"publish","type":"page","link":"https:\/\/labs.wsu.edu\/tanaka-lab\/mora-romero\/","title":{"rendered":"Guadalupe Arlene Mora-Romero"},"content":{"rendered":"<br \/>\n<section id=\"builder-section-1471738016667\" class=\"row single gutter pad-top\">\n<div style=\"\" class=\"column one \">\n<h1><span style=\"color: #6e6e6e\"><a style=\"color: #6e6e6e\" href=\"https:\/\/labs.wsu.edu\/tanaka-lab\/personnel\/\"><strong>Tanaka Lab &#8211; Personnel<\/strong><\/a><\/span><\/h1>\n<p>&nbsp;<\/p>\n<h1><strong><span style=\"color: #333333\">Guadalupe Arlene Mora-Romero<img decoding=\"async\" loading=\"lazy\" class=\" wp-image-1976 alignright\" src=\"https:\/\/wpcdn.web.wsu.edu\/wp-labs\/uploads\/sites\/1446\/2018\/09\/Arlene.jpg\" alt=\"\" width=\"209\" height=\"327\" \/><\/span><br \/>\n<\/strong><\/h1>\n<h3>Visiting Scientist<\/h3>\n<h6><\/h6>\n<h6><strong>Contact Information<\/strong><\/h6>\n<p style=\"padding-left: 30px\">WSU Plant Pathology<br \/>\nPO BOX 646430<br \/>\nPullman, WA, 99163-6430<br \/>\n<span style=\"font-size: 10pt\">Office &#8211; Johnson Hall 372<br \/>\nLab &#8211; Johnson Hall 358<br \/>\nPhone: (509) 335-5813 | Fax: (509) 335-9581<\/span><br \/>\n<span style=\"font-size: 10pt\"><a href=\"mailto:arlene.moraromero@wsu.edu\">arlene.moraromero [at] wsu.edu<\/a><\/span><\/p>\n<h6><strong>Education<\/strong><\/h6>\n<ul>\n<li>2018 Ph.D. (Plant Biotechnology), Instituto Polit\u00e9cnico Nacional (IPN), Mexico City, Mexico<\/li>\n<li>2016 M.S. (Natural Resources), Instituto Polit\u00e9cnico Nacional (IPN), Mexico City, Mexico<\/li>\n<li>2015 B.S. (Ecology), Universidad Aut\u00f3noma de Occidente, Los Mochis, Sinaloa, Mexico<\/li>\n<\/ul>\n<h6><strong>Professional Experience<\/strong><\/h6>\n<ul>\n<li>Visiting Scientist (CONACyT scholarship) at Department of Plant Pathology, Washington State University, Pullman, WA (2018 \u2013 Present)<\/li>\n<li>Director of Health and Environment Research Institute,\u00a0Universidad Aut\u00f3noma de Occidente (UAdeO), Los Mochis, Sinaloa, Mexico (2017 \u2013 Present)<\/li>\n<li>Professor, Universidad Aut\u00f3noma de Occidente (UAdeO), Los Mochis, Sinaloa, Mexico (2013 \u2013 Present)<\/li>\n<li>Graduate Research Assistant, Environmental Sustainability with CONACyT program, Mexico City, Mexico (2016)<\/li>\n<li>Graduate Research Assistant, Plant Pathology and Natural Resources with CONACyT program,\u00a0Mexico City, Mexico (2015)<\/li>\n<\/ul>\n<h6><strong>Academic Honors, Awards, and Achievements<\/strong><\/h6>\n<ul>\n<li>2016\u201319 PRODEP (Program for Lecturer Formation and Development)<\/li>\n<li>2016\u201321 Sistema Nacional de Investigadores &#8211; SNI (National System of Researchers)<\/li>\n<\/ul>\n<h6>Teaching Experience<\/h6>\n<ul>\n<li>Advanced Molecular Biology (Master&#8217;s program)<\/li>\n<li>Molecular Biology, Genetic Engineering, Bioinformatics, Plant Biotechnology, Mycology, and Plant Pathology (Bachelor program)<\/li>\n<\/ul>\n<h6>Current Research Focus<\/h6>\n<ul>\n<li>Approach of molecular detections of plant pathogens in agricultural soils in northern Sinaloa, Mexico<\/li>\n<\/ul>\n<h6>Profile links<\/h6>\n<p><a href=\"https:\/\/www.researchgate.net\/profile\/Arlene_Mora-Romero\">ResearchGate<\/a> | <a href=\"https:\/\/www.linkedin.com\/in\/guadalupe-arlene-mora-romero-83b72963\/\">LinkedIn<\/a><\/p>\n<h6><strong>Publications<\/strong><\/h6>\n<ol>\n<li>Valdez Morales M, L\u00f3pez-Meyer M, Leyva Mapo H, Espinosa Alonso LG, Garay Rom\u00e1n AA, Romero Ur\u00edas C, Mart\u00ednez Valenzuela C and <strong>Mora Romero GA<\/strong> (2018) Phenolic content and antioxidant properties of seeds of arbuscular mycorrhiza colonized common bean variety Azufrasin from Northern Mexico (Chapter 12). <em>In<\/em>: <em>Phaseolus vulgaris<\/em>: Cultivars, Production and Uses (\u00a0eds. Campos-Vega R, Bassinello PZ, and Oomah BD). Nova Sciences Publishers.\u00a0<a href=\"https:\/\/novapublishers.com\/shop\/phaseolus-vulgaris-cultivars-production-and-uses\/\">ISBN: 978-1-53613-546-6<\/a><\/li>\n<li>Santos-Cervantes ME, Felix-Gastelum R, Herrera-Rodr\u00edguez G, Espinoza-Mancillas MG, <strong>Mora-Romero GA<\/strong>, Leyva-L\u00f3pez NE (2016) Characterization, Pathogenicity and Chemical Control of <em>Streptomyces acidiscabies<\/em> Associated to Potato Common Scab. <em>Am J Potato Res<\/em> 94: 14-25<a href=\"https:\/\/doi.org\/10.1007\/s12230-016-9541-5\"> doi:10.1007\/s12230-016-9541-5<\/a><\/li>\n<li><strong>Mora-Romero GA<\/strong>, L\u00f3pez-Meyer M, Ram\u00edrez-Douriet CM, Mart\u00ednez-Valenzuela MC, Romero-Ur\u00edas CA, Herrera-Rodr\u00edguez G, y F\u00e9lix-Gast\u00e9lum R. (2016) Evaluation of the susceptibility to <em>Sclerotinia sclerotiorum<\/em> in four micorryzed bean (<em>Phaseolus vulgaris<\/em> L.) genotypes. <em>Interciencia<\/em> 41: 127-132 [in Spanish]\u00a0<a href=\"https:\/\/www.interciencia.net\/en\/volume-41\/issue-2\/\">ISSN 0378-1844<\/a><\/li>\n<li><strong>Mora-Romero GA<\/strong>, Cervantes-G\u00e1mez RG, Galindo-Flores H, Gonz\u00e1lez-Ort\u00edz MA, F\u00e9lix-Gast\u00e9lum R, Maldonado-Mendoza IE, Salinas P\u00e9rez R, Le\u00f3n-F\u00e9lix J, Mart\u00ednez-Valenzuela MC, L\u00f3pez-Meyer M (2015) Mycorrhiza-induced protection against pathogens is both genotype specific and graft-transmissible. <em>Symbiosis<\/em>\u00a066: 55-64 <a href=\"https:\/\/doi.org\/10.1007\/s13199-015-0334-2\">doi:10.1007\/s13199-015-0334-2<\/a><\/li>\n<li>Mart\u00ednez-Valenzuela C, Rodr\u00edguez-Quintana AR, Meza E, Waliszewski SM, Amador-Mu\u00f1\u00f3z O, <strong>Mora-Romero A<\/strong>, Calder\u00f3n-Segura ME, F\u00e9lix-Gast\u00e9lum R, Rodr\u00edguez-Romero I, Caba M (2015) Cytogenetic biomonitoring of occupationally exposed workers to ashes from burning of sugar cane in Ahome, Sinaloa, M\u00e9xico. <em>Environ Toxicol Pharmacol<\/em> 40: 397-401 <a href=\"https:\/\/doi.org\/10.1016\/j.etap.2015.07.010\">doi:10.1016\/j.etap.2015.07.010<\/a><\/li>\n<li><strong>Mora-Romero GA<\/strong>, Gonz\u00e1lez-Ortiz MA, Quiroz-Figueroa F, Calder\u00f3n-V\u00e1zquez CL, Medina-Godoy S, Maldonado-Mendoza I, Analilia Arroyo-Becerra, P\u00e9rez-Torres A, Alatorre-Cobos F, Federico S\u00e1nchez y L\u00f3pez-Meyer M. (2015) PvLOX2 silencing in common bean roots impairs arbuscular mycorrhiza-induced resistance without affecting symbiosis establishment. <em>Funct Plant Biol<\/em> 42: 18-30 <a href=\"https:\/\/doi.org\/10.1071\/FP14101\">doi:10.1071\/FP14101<\/a><\/li>\n<\/ol>\n<p>&nbsp;<\/p>\n<p>&nbsp;<\/p>\n<\/p><\/div>\n<\/section>\n","protected":false},"excerpt":{"rendered":"<p> <a style=\"color: #6e6e6e\" href=\"https:\/\/labs.wsu.edu\/tanaka-lab\/personnel\/\"><strong>Tanaka Lab &#8211; Personnel<\/strong><\/a><\/p>\n<p>&nbsp;<\/p>\n<p><strong>Guadalupe Arlene Mora-Romero<img decoding=\"async\" loading=\"lazy\" class=\" wp-image-1976 alignright\" src=\"https:\/\/wpcdn.web.wsu.edu\/wp-labs\/uploads\/sites\/1446\/2018\/09\/Arlene.jpg\" alt=\"\" width=\"209\" height=\"327\" \/><br \/> <\/strong><\/p>\n<h3>Visiting Scientist<\/h3>\n<p><strong>Contact Information<\/strong><\/p>\n<p style=\"padding-left: 30px\">WSU Plant Pathology<br \/> PO BOX 646430<br \/> Pullman, WA, 99163-6430<br \/> Office &#8211; Johnson Hall 372<br \/> Lab &#8211; Johnson Hall 358<br \/> Phone: (509) 335-5813 | Fax: (509) 335-9581<br \/> <a href=\"mailto:arlene.moraromero@wsu.edu\">arlene.moraromero [at] wsu.edu<\/a><\/p>\n<p><strong>Education<\/strong><\/p>\n<p>2018 Ph.D. (Plant Biotechnology), Instituto Polit\u00e9cnico Nacional (IPN), Mexico City, Mexico<br \/> 2016 M.S. (Natural Resources), Instituto Polit\u00e9cnico Nacional (IPN), Mexico City, Mexico<br \/> 2015 B.S. (Ecology), Universidad Aut\u00f3noma de Occidente, Los Mochis, Sinaloa, Mexico<\/p>\n<p><strong>Professional Experience<\/strong><\/p>\n<p>Visiting &#8230; <a href=\"https:\/\/labs.wsu.edu\/tanaka-lab\/mora-romero\/\" class=\"more-link\"><span class=\"more-default\">&raquo; More &#8230;<\/span><\/a><\/p>\n","protected":false},"author":2755,"featured_media":0,"parent":0,"menu_order":0,"comment_status":"closed","ping_status":"closed","template":"template-builder.php","meta":[],"wsuwp_university_location":[],"wsuwp_university_org":[],"_links":{"self":[{"href":"https:\/\/labs.wsu.edu\/tanaka-lab\/wp-json\/wp\/v2\/pages\/1932"}],"collection":[{"href":"https:\/\/labs.wsu.edu\/tanaka-lab\/wp-json\/wp\/v2\/pages"}],"about":[{"href":"https:\/\/labs.wsu.edu\/tanaka-lab\/wp-json\/wp\/v2\/types\/page"}],"author":[{"embeddable":true,"href":"https:\/\/labs.wsu.edu\/tanaka-lab\/wp-json\/wp\/v2\/users\/2755"}],"replies":[{"embeddable":true,"href":"https:\/\/labs.wsu.edu\/tanaka-lab\/wp-json\/wp\/v2\/comments?post=1932"}],"version-history":[{"count":14,"href":"https:\/\/labs.wsu.edu\/tanaka-lab\/wp-json\/wp\/v2\/pages\/1932\/revisions"}],"predecessor-version":[{"id":2080,"href":"https:\/\/labs.wsu.edu\/tanaka-lab\/wp-json\/wp\/v2\/pages\/1932\/revisions\/2080"}],"wp:attachment":[{"href":"https:\/\/labs.wsu.edu\/tanaka-lab\/wp-json\/wp\/v2\/media?parent=1932"}],"wp:term":[{"taxonomy":"wsuwp_university_location","embeddable":true,"href":"https:\/\/labs.wsu.edu\/tanaka-lab\/wp-json\/wp\/v2\/wsuwp_university_location?post=1932"},{"taxonomy":"wsuwp_university_org","embeddable":true,"href":"https:\/\/labs.wsu.edu\/tanaka-lab\/wp-json\/wp\/v2\/wsuwp_university_org?post=1932"}],"curies":[{"name":"wp","href":"https:\/\/api.w.org\/{rel}","templated":true}]}}