{"id":18,"date":"2017-09-20T13:16:57","date_gmt":"2017-09-20T20:16:57","guid":{"rendered":"http:\/\/labs.wsu.edu\/watersheds\/?page_id=18"},"modified":"2017-11-20T12:07:15","modified_gmt":"2017-11-20T20:07:15","slug":"publications","status":"publish","type":"page","link":"https:\/\/labs.wsu.edu\/watersheds\/publications\/","title":{"rendered":"Publications"},"content":{"rendered":"<br \/>\n<section id=\"builder-section-1505938428203\" class=\"row single gutter pad-top\">\n<div style=\"\" class=\"column one \">\n<header>\n<h2>Publications<\/h2>\n<\/header>\n<p>Some of our most recent publications can be found here:<\/p>\n<p><strong><a href=\"https:\/\/www.researchgate.net\/profile\/Jan_Boll\/contributions\">ResearchGate<\/a>\u00a0<\/strong><\/p>\n<p>and below:<\/p>\n<ul>\n<li>Guzman, C.D., Tilahun, S.A., Dagnew, D.C., Zimale, F.A., Zegeye, A. D., Boll, J., Parlange, J-.Y., Steenhuis, T.S. (2017 in press) Spatio-temporal Patterns of Groundwater Depths and Soil Nutrients in a Small Watershed in the Ethiopian Highlands: Topographical and Land Use Controls. Journal of Hydrology. 555, 420-434 <a href=\"https:\/\/doi.org\/10.1016\/j.jhydrol.2017.09.060\">https:\/\/doi.org\/10.1016\/j.jhydrol.2017.09.060<\/a>.<\/li>\n<li>Sanchez-Murillo, R., Boll, J., Birkel, C., Esquivel Hernandez, G., Aguirre-Duenas, E., Moya-Vega, P. 2017.\u00a0Isotopic Characterization of Waters Across Chile. Chapter 9 In Andean Hydrology, pp 203-225.<\/li>\n<li>Squires, Audrey L., Jan Boll, and Erin S. Brooks, 2017. On the Role of Spatial, Temporal, and Climatic Forces on Stream Sediment Loading from Rural and Urban Ecosystems. Journal of the American Water Resources Association (JAWRA) 53(5):1195-1211. <a href=\"https:\/\/doi.org\/10.1111\/1752-1688.12566\">https:\/\/doi.org\/10.1111\/1752-1688.12566<\/a><\/li>\n<li>Al-Hamdan, O.Z., F.B. Pierson, M.A. Nearing, C.J. Williams, M. Hernandez, J. Boll, S.K. Nouwakpo, M.A. Weltz, K. Spaeth. 2017. Developing a parameterization approach of soil erodibility for the Rangeland Hydrology and Erosion Model (RHEM).\u00a0<em>Transactions of the ASABE<\/em>. <a href=\"https:\/\/doi.org\/10.13031\/trans.11559\">https:\/\/doi.org\/10.13031\/trans.11559<\/a><\/li>\n<li>Esquivel-Hern\u00e1ndez G, S\u00e1nchez-Murillo R, Birkel C, Good SP, Boll J. Hydroclimatic and ecohydrological resistance\/resilience conditions across tropical biomes of Costa Rica. Ecohydrology. 2017;10:e1860. <a href=\"https:\/\/doi.org\/10.1002\/eco.1860\">https:\/\/doi.org\/10.1002\/eco.1860<\/a><\/li>\n<li>S\u00e1nchez-Murillo, R., A.M. Dur\u00e1n-Quesada, C. Birkel, G. Esquivel-Hern\u00e1ndez, J. Boll. 2017. Tropical precipitation anomalies and d-excess evolution during El Ni\u00f1o 2014-16. Hydrological Processes, <a href=\"http:\/\/dx.doi.org\/10.1002\/hyp.11088\">DOI 10.1002\/hyp.11088<\/a>.<\/li>\n<li>Williams**, C.J., F.B. Pierson, K.E. Spaeth, J.R. Brown, O.Z. Al-Hamdan, M.A. Weltz, M.A. Nearing, J.E. Herrick, J. Boll, P.R. Robichaud, D.C. Goodrich, P. Heilman, D.P. Guertin, M. Hernandez, H. Wei, V.O. Polyakov, G. Armendariz, S.K. Nouwakpo, S.P. Hardegree, P.E. Clark, E.K. Strand, J.D. Bates, L.J. Metz, and M.H. Nichols. 2016. Application of Ecological Site information to transformative changes on Great Basin Sagebrush rangelands.\u00a0<em>Rangelands<\/em>\u00a0<em>38:379-388<\/em>.\u00a0<a href=\"https:\/\/doi.org\/10.1016\/j.rala.2016.10.004\">https:\/\/doi.org\/10.1016\/j.rala.2016.10.004<\/a><\/li>\n<li>Boll, J., T. Link, M. Santelmann, R. Heinse, and B. Cosens. 2016. An\u00e1lisis y s\u00edntesis de buenas pr\u00e1cticas en la educaci\u00f3n socioambiental interdisciplinaria en Estados Unidos.\u00bb\u00a0<em>Interdisciplina\u00a0<\/em>4, n\u00b0 10 (septiembre\u2013diciembre): 117-146. <a href=\"http:\/\/dx.doi.org\/10.22201\/ceiich.24485705e.2016.10.57755\">http:\/\/dx.doi.org\/10.22201\/ceiich.24485705e.2016.10.57755<\/a><\/li>\n<li>Yousefi, S., H. Moradi, J. Boll, and S. Sch\u00f6nbrodt-Stitt. 2016. Effects of road construction on soil degradation and nutrient transport in Caspian Hyrcanian mixed forests.\u00a0<em>Geoderma<\/em>\u00a0284:103-112. <a href=\"http:\/\/dx.doi.org\/10.1016\/j.geoderma.2016.09.002\">http:\/\/dx.doi.org\/10.1016\/j.geoderma.2016.09.002<\/a><\/li>\n<li>Brooks, E.S., M. Dobre, W.J. Elliot, J.Q. Wu, and J. Boll. 2016. Watershed-scale evaluation of the Water Erosion Prediction Project (WEPP) model in the Lake Tahoe basin.\u00a0<em>J. Hydrol<\/em>. 533:389-402. <a href=\"https:\/\/doi.org\/10.1016\/j.jhydrol.2015.12.004\">https:\/\/doi.org\/10.1016\/j.jhydrol.2015.12.004<\/a><\/li>\n<li>Williams, C.J., F.B. Pierson, K.E. Spaeth, J.R. Brown, O.Z. Al-Hamdan, M.A. Weltz, M.A. Nearing, J.E. Herrick, J. Boll, P.R. Robichaud, D.C. Goodrich, P. Heilman, D.P. Guertin, M. Hernandez, H. Wei, S.P. Hardegree, E.K. Strand, J.D. Bates, L.J. Metz, and M.H. Nichols. 2016. Incorporating hydrologic data and ecohydrologic relationships into ecological site descriptions.\u00a0<em>Rangeland Ecology &amp; Management<\/em>, 69:4-19. (<a href=\"http:\/\/dx.doi.org\/10.1016\/j.rama.2015.10.001\">http:\/\/dx.doi.org\/10.1016\/j.rama.2015.10.001<\/a>)<\/li>\n<li>Corrales, J.L., R. S\u00e1nchez-Murillo, G. Esquivel-Hern\u00e1ndez**, E. Herrera, and J. Boll. 2016. Tracking the water fingerprints of Cocos Island: a stable isotope analysis of precipitation, surface water, and groundwater.\u00a0<em>Rev. Biol. Trop<\/em>. (Int. J. Trop. Biol. ISSN-0034-7744) Vol. 64 (Suppl. 1): S105-S0120.\u00a0<a href=\"https:\/\/doi.org\/10.15517\/rbt.v64i1.23420\">https:\/\/doi.org\/10.15517\/rbt.v64i1.23420<\/a><\/li>\n<li>S\u00e1nchez-Murillo, R., C. Birkel, K. Welsh, G. Esquivel-Hern\u00e1ndez, J. Corrales-Salazar, J. Boll, E. Brooks, O. Roupsard, O. S\u00e1enz-Rosales, I. Katchan, R. Arce-Mes\u00e9n, C. Soulsby, and L.J. Aragu\u00e1s- Aragu\u00e1s. 2016. Key drivers controlling stable isotope variations in daily precipitation of Costa Rica: Caribbean Sea versus Eastern Pacific Ocean moisture sources.\u00a0<em>Quaternary Science Reviews<\/em>, 131 (PartB):250-261 (<a href=\"http:\/\/dx.doi.org\/10.1016\/j.quascirev.2015.08.028\">http:\/\/dx.doi.org\/10.1016\/j.quascirev.2015.08.028<\/a>).<\/li>\n<li>Williams, C.J., Pierson, F.B., Robichaud, P.R., Al-Hamdan, O.Z., Boll, J., Strand, E.K. 2016. \u00a0Structural and functional connectivity as a driver of hillslope erosion following disturbance.\u00a0<em>International Journal of Wildland Fire<\/em>, 25(3): 306-321. <a href=\"http:\/\/dx.doi.org\/10.1071\/WF14114\">http:\/\/dx.doi.org\/10.1071\/WF14114<\/a>.<\/li>\n<li>Esquivel-Hern\u00e1ndez, G., M. Villalobos-Forbes, R. S\u00e1nchez-Murillo, C. Birkel, J. Vald\u00e9s-Gonz\u00e1lez, and J. Boll. 2015. Near Surface Carbon Dioxide and Methane in Urban Areas of Costa Rica.\u00a0<em>Open<\/em>\u00a0<em>Journal of Air Pollution<\/em>. 4:208-223. (<a href=\"http:\/\/dx.doi.org\/10.4236\/ojap.2015.44018\">http:\/\/dx.doi.org\/10.4236\/ojap.2015.44018<\/a><strong>)<\/strong><\/li>\n<li>Benson, M.H., C. Lippitt, R. Morrison, B. Cosens, J. Boll, B.C. Chaffin, R. Heinse, D. Kauneck, T. E. Link, C. Scruggs, M. Stone, V. Valentin. 2015. \u00a0Five Ways Institutions Can Support Interdisciplinary Research and Scholarship Before Tenure,\u00a0<em>Environmental Studies and Sciences<\/em>, <a href=\"https:\/\/doi.org\/10.1007\/s13412-015-0326-9\">https:\/\/doi.org\/10.1007\/s13412-015-0326-9<\/a>.<\/li>\n<li>Brooks, E.S., S. Saia, J. Boll. 2015. Assessing BMP Effectiveness and Guiding BMP Planning Using Process-Based Modeling.\u00a0<em>JAWRA<\/em>51(2):343-358, <a href=\"http:\/\/dx.doi.org\/10.1111\/1752-1688.12296\">http:\/\/dx.doi.org\/10.1111\/1752-1688.12296<\/a>.<\/li>\n<li>Boll, J., E.S. Brooks, E.S., B. Crabtree, S. Dun, and T.S. Steenhuis. 2015. Variable Source Area Hydrology Modeling with the Water Erosion Prediction Project (WEPP) Model,<em>\u00a0JAWRA<\/em>\u00a051(2):330-342, <a href=\"http:\/\/dx.doi.org\/10.1111\/1752-1688.12294\">DOI: 10.1111\/1752-1688.12297<\/a>.<\/li>\n<li>Rittenburg, B., A.L. Squires, J. Boll, E.S. Brooks, Z.M. Easton, and T.S. Steenhuis. 2015. Agricultural BMP Effectiveness and Dominant Hydrological Flow Paths: Concepts and a Review.<em>\u00a0JAWRA<\/em>\u00a051(2):305-329, <a href=\"http:\/\/dx.doi.org\/10.1111\/1752-1688.12293\">http:\/\/dx.doi.org\/10.1111\/1752-1688.12293<\/a>.<\/li>\n<li>S\u00e1nchez -Murillo, R., E.S. Brooks, W.J. Elliot, and J. Boll. 2015. Isotope hydrology and baseflow geochemistry in natural and human-altered watersheds in the Inland Pacific Northwest, USA.\u00a0<em>Isotopes in Environmental &amp; Health Studies<\/em>.\u00a0<a href=\"http:\/\/dx.doi.org\/10.1080\/10256016.2015.1008468\">http:\/\/dx.doi.org\/10.1080\/10256016.2015.1008468<\/a><\/li>\n<li>S\u00e1nchez -Murillo**, R., E.S. Brooks, W. Elliot, E. Gazel, and J. Boll. 2015. Baseflow recession analysis in the inland Pacific Northwest of the United States.\u00a0<em>Hydrogeology Journal<\/em>\u00a023(2):287-303, <a href=\"https:\/\/doi.org\/10.1007\/s10040-014-1191-4\">https:\/\/doi.org\/10.1007\/s10040-014-1191-4<\/a>.<\/li>\n<li>Al-Hamdan, O.Z., M. Hernandez, F.B. Pierson, M.A. Nearing, C.J. Williams, J.J. Stone, J. Boll, M.A. Weltz. 2015. Rangeland hydrology and erosion model (RHEM) enhancements for applications on disturbed rangelands.\u00a0<em>Hydrological Processes<\/em>, 29(3):445-457, <a href=\"http:\/\/dx.doi.org\/10.1002\/hyp.10167\">http:\/\/dx.doi.org\/10.1002\/hyp.10167<\/a>.<\/li>\n<li>Williams, C.J., F.B. Pierson, P.R. Robichaud, and J. Boll. 2014. Hydrologic and erosion responses to wildfire along the rangeland-xeric forest continuum in the western US: A review and conceptual model of hydrologic vulnerability.\u00a0<em>International Journal of Wildland Fire<\/em>23:155-172. <a href=\"http:\/\/dx.doi.org\/10.1071\/WF12161\">http:\/\/dx.doi.org\/10.1071\/WF12161<\/a>.<\/li>\n<li>S\u00e1nchez-Murillo, R.,G. Esquivel-Hern\u00e1ndez, K. Welsh, E.S. Brooks, J. Boll, R. Alfaro-Sol\u00eds, J. Vald\u00e9s-Gonz\u00e1lez. 2013. Spatial and Temporal Variation of Stable Isotopes in Precipitation across Costa Rica: An Analysis of Historic GNIP Records.\u00a0<em>Open Journal of Modern Hydrology<\/em>, 3(4):226-240. <a href=\"http:\/\/dx.doi.org\/10.4236\/ojmh.2013.34027\">http:\/\/dx.doi.org\/10.4236\/ojmh.2013.34027<\/a>.<\/li>\n<li>Ochoa-Cueva, P., A. Fries, P. Montesinos, J. A. Rodr\u00edguez-D\u00edaz, and J. Boll. 2013. Spatial estimation of soil erosion risk by land cover change in the Andes of Southern Ecuador.<em>\u00a0Land Degradation &amp; Development<\/em>, <a href=\"http:\/\/dx.doi.org\/10.1002\/ldr.2219\">http:\/\/dx.doi.org\/10.1002\/ldr.2219<\/a>.<\/li>\n<li>Saia, S.M., E. S. Brooks, Z. M. Easton, C. Baffaut, J. Boll, T. S. Steenhuis. 2013. Incorporating pesticide transport into the WEPP model for mulch tillage and no tillage plots with an underlying claypan soil.<em>\u00a0Applied Engineering in Agriculture\u00a0<\/em>29(3): 363-372. <a href=\"http:\/\/dx.doi.org\/10.13031\/aea.29.9770\">http:\/\/dx.doi.org\/10.13031\/aea.29.9770<\/a><\/li>\n<li>Sanchez-Murillo, R, E.S. Brooks, J. Boll, and F. Wilhelm. 2013. Ecohydrological habitat quality and steelhead (Oncrohynchus mykiss) in an effluent dominated stream: potential benefits of water water treatment plants in streams of the Pacific Northwest impoverished by loss of marine derived nutrients.\u00a0<em>Ecohydrology<\/em>, <a href=\"https:\/\/doi.org\/10.1002\/eco.1376\">https:\/\/doi.org\/10.1002\/eco.1376<\/a>.<\/li>\n<li>Al-Hamdan, O.Z., F.B. Pierson Jr, M.A. Nearing, C.J. Williams, J.J. Stone, P.R. Kormos, J. Boll and M.A. Weltz. 2012. Concentrated flow erodibility for physically-based erosion models: temporal variability in disturbed and undisturbed rangelands.\u00a0<em>Water Resour. Res.<\/em>, 48, 7,\u00a0<a href=\"http:\/\/dx.doi.org\/10.1029\/2011WR011464\">http:\/\/dx.doi.org\/10.1029\/2011WR011464<\/a>.<\/li>\n<\/ul><\/div>\n<\/section>\n","protected":false},"excerpt":{"rendered":"<p> <\/p>\n<h2>Publications<\/h2>\n<p>Some of our most recent publications can be found here:<\/p>\n<p><strong><a href=\"https:\/\/www.researchgate.net\/profile\/Jan_Boll\/contributions\">ResearchGate<\/a>\u00a0<\/strong><\/p>\n<p>and below:<\/p>\n<p>Guzman, C.D., Tilahun, S.A., Dagnew, D.C., Zimale, F.A., Zegeye, A. D., Boll, J., Parlange, J-.Y., Steenhuis, T.S. (2017 in press) Spatio-temporal Patterns of Groundwater Depths and Soil Nutrients in a Small Watershed in the Ethiopian Highlands: Topographical and Land Use Controls. Journal of Hydrology. 555, 420-434 <a href=\"https:\/\/doi.org\/10.1016\/j.jhydrol.2017.09.060\">https:\/\/doi.org\/10.1016\/j.jhydrol.2017.09.060<\/a>.<br \/> Sanchez-Murillo, R., Boll, J., Birkel, C., Esquivel Hernandez, G., Aguirre-Duenas, E., Moya-Vega, P. 2017.\u00a0Isotopic Characterization of Waters Across Chile. Chapter 9 In Andean Hydrology, pp 203-225.<br \/> Squires, Audrey L., Jan Boll, and Erin S. Brooks, 2017. On the &#8230; <a href=\"https:\/\/labs.wsu.edu\/watersheds\/publications\/\" class=\"more-link\"><span class=\"more-default\">&raquo; More &#8230;<\/span><\/a><\/p>\n","protected":false},"author":5387,"featured_media":42,"parent":0,"menu_order":0,"comment_status":"closed","ping_status":"closed","template":"template-builder.php","meta":[],"wsuwp_university_location":[],"wsuwp_university_org":[],"_links":{"self":[{"href":"https:\/\/labs.wsu.edu\/watersheds\/wp-json\/wp\/v2\/pages\/18"}],"collection":[{"href":"https:\/\/labs.wsu.edu\/watersheds\/wp-json\/wp\/v2\/pages"}],"about":[{"href":"https:\/\/labs.wsu.edu\/watersheds\/wp-json\/wp\/v2\/types\/page"}],"author":[{"embeddable":true,"href":"https:\/\/labs.wsu.edu\/watersheds\/wp-json\/wp\/v2\/users\/5387"}],"replies":[{"embeddable":true,"href":"https:\/\/labs.wsu.edu\/watersheds\/wp-json\/wp\/v2\/comments?post=18"}],"version-history":[{"count":8,"href":"https:\/\/labs.wsu.edu\/watersheds\/wp-json\/wp\/v2\/pages\/18\/revisions"}],"predecessor-version":[{"id":147,"href":"https:\/\/labs.wsu.edu\/watersheds\/wp-json\/wp\/v2\/pages\/18\/revisions\/147"}],"wp:featuredmedia":[{"embeddable":true,"href":"https:\/\/labs.wsu.edu\/watersheds\/wp-json\/wp\/v2\/media\/42"}],"wp:attachment":[{"href":"https:\/\/labs.wsu.edu\/watersheds\/wp-json\/wp\/v2\/media?parent=18"}],"wp:term":[{"taxonomy":"wsuwp_university_location","embeddable":true,"href":"https:\/\/labs.wsu.edu\/watersheds\/wp-json\/wp\/v2\/wsuwp_university_location?post=18"},{"taxonomy":"wsuwp_university_org","embeddable":true,"href":"https:\/\/labs.wsu.edu\/watersheds\/wp-json\/wp\/v2\/wsuwp_university_org?post=18"}],"curies":[{"name":"wp","href":"https:\/\/api.w.org\/{rel}","templated":true}]}}